{"id":40023,"date":"2024-11-20T19:56:33","date_gmt":"2024-11-20T19:56:33","guid":{"rendered":"https:\/\/senabel.com\/?post_type=product&#038;p=40023"},"modified":"2026-03-02T16:23:35","modified_gmt":"2026-03-02T16:23:35","slug":"torkad-damaskenros-50-g-med-utsokt-doft","status":"publish","type":"product","link":"https:\/\/senabel.com\/sv\/product\/%d9%88%d8%b1%d8%af-%d8%a7%d9%84%d8%af%d9%85%d8%b4%d9%82%d9%8a-%d8%a7%d9%84%d9%85%d8%ac%d9%81%d9%81-50%d8%ba-%d9%85%d9%86-%d8%a7%d9%84%d8%b9%d8%a8%d9%82-%d8%a7%d9%84%d9%81%d8%a7%d8%ae%d8%b1\/","title":{"rendered":"Torkad damaskusros - 50g"},"content":{"rendered":"<p>Dried Damask Rose har en rik aromatisk doft som ger en touch av friskhet och \u00e4kthet.<br \/>\nPerfekt f\u00f6r att brygga te, dofts\u00e4tta luften eller tills\u00e4tta i r\u00f6kelse.<\/p>\n<p><strong>Torkad Damaskusros \u00e4r en av de finaste och mest v\u00e4ldoftande rosor som finns.<\/strong> Den har en unik doft som kombinerar friskhet och andlighet. Denna ros sk\u00f6rdas omsorgsfullt fr\u00e5n de ber\u00f6mda f\u00e4lten i Levanten och torkas noggrant f\u00f6r att bevara sin naturliga f\u00e4rg och rika doft. Perfekt f\u00f6r flera anv\u00e4ndningsomr\u00e5den i hush\u00e5llet; tills\u00e4tt den till ett uts\u00f6kt aromatiskt te, anv\u00e4nd den som en naturlig doft i hemmet eller som ett lyxigt tillskott till r\u00f6kelse f\u00f6r en autentisk rosupplevelse.<\/p>\n<p><strong>Produktinformation:<\/strong><\/p>\n<ul>\n<li><strong>Vikt:<\/strong> 50 gram.<\/li>\n<li><strong>Kvalitet:<\/strong> Natural Rose 100%, omsorgsfullt torkad utan tillsatser.<\/li>\n<\/ul>\n<p><strong>Egenskaper hos torkad Taif Rose:<\/strong><\/p>\n<ul>\n<li><strong>Stark aromatisk doft:<\/strong> En l\u00e5ngvarig, naturlig doft som k\u00e4nns fr\u00e4sch och lyxig.<\/li>\n<li><strong>M\u00e5ngsidighet:<\/strong> Perfekt f\u00f6r aromatiska teer, som en doft i hemmet eller som ett utm\u00e4rkt komplement till r\u00f6kelse.<\/li>\n<\/ul>\n<p><strong>F\u00f6rvaringsanvisningar:<\/strong><\/p>\n<ul>\n<li>F\u00f6rvara p\u00e5 en sval och torr plats f\u00f6r att bevara den rika aromen och den naturliga renheten.<\/li>\n<\/ul>\n<p><strong>Njut av doften av Damaskusros i ditt hem med torkad Damaskusros.<br \/>\nFinns nu i v\u00e5r onlinebutik!<\/strong><\/p>","protected":false},"excerpt":{"rendered":"<p>Dried Damask Rose har en rik aromatisk doft som ger en touch av friskhet och \u00e4kthet.<br \/>\nPerfekt f\u00f6r att brygga te, dofts\u00e4tta luften eller tills\u00e4tta i r\u00f6kelse.<\/p>","protected":false},"featured_media":40110,"template":"","meta":[],"product_brand":[],"product_cat":[327],"product_tag":[],"class_list":{"0":"post-40023","1":"product","2":"type-product","3":"status-publish","4":"has-post-thumbnail","6":"product_cat-327","8":"first","9":"outofstock","10":"taxable","11":"shipping-taxable","12":"purchasable","13":"product-type-simple"},"_links":{"self":[{"href":"https:\/\/senabel.com\/sv\/wp-json\/wp\/v2\/product\/40023","targetHints":{"allow":["GET"]}}],"collection":[{"href":"https:\/\/senabel.com\/sv\/wp-json\/wp\/v2\/product"}],"about":[{"href":"https:\/\/senabel.com\/sv\/wp-json\/wp\/v2\/types\/product"}],"version-history":[{"count":4,"href":"https:\/\/senabel.com\/sv\/wp-json\/wp\/v2\/product\/40023\/revisions"}],"predecessor-version":[{"id":57085,"href":"https:\/\/senabel.com\/sv\/wp-json\/wp\/v2\/product\/40023\/revisions\/57085"}],"wp:featuredmedia":[{"embeddable":true,"href":"https:\/\/senabel.com\/sv\/wp-json\/wp\/v2\/media\/40110"}],"wp:attachment":[{"href":"https:\/\/senabel.com\/sv\/wp-json\/wp\/v2\/media?parent=40023"}],"wp:term":[{"taxonomy":"product_brand","embeddable":true,"href":"https:\/\/senabel.com\/sv\/wp-json\/wp\/v2\/product_brand?post=40023"},{"taxonomy":"product_cat","embeddable":true,"href":"https:\/\/senabel.com\/sv\/wp-json\/wp\/v2\/product_cat?post=40023"},{"taxonomy":"product_tag","embeddable":true,"href":"https:\/\/senabel.com\/sv\/wp-json\/wp\/v2\/product_tag?post=40023"}],"curies":[{"name":"wp","href":"https:\/\/api.w.org\/{rel}","templated":true}]}}