{"id":39978,"date":"2024-11-20T19:54:48","date_gmt":"2024-11-20T19:54:48","guid":{"rendered":"https:\/\/senabel.com\/?post_type=product&#038;p=39978"},"modified":"2026-04-01T07:23:03","modified_gmt":"2026-04-01T07:23:03","slug":"torkad-svensk-bipollen-100-g","status":"publish","type":"product","link":"https:\/\/senabel.com\/sv\/product\/%d8%ad%d8%a8%d9%88%d8%a8-%d9%84%d9%82%d8%a7%d8%ad-%d8%a7%d9%84%d9%86%d8%ad%d9%84-%d8%a7%d9%84%d8%b3%d9%88%d9%8a%d8%af%d9%8a%d8%a9-%d8%a7%d9%84%d9%85%d8%ac%d9%81%d9%81%d8%a9-100%d8%ba\/","title":{"rendered":"Svensk torkad bipollen - 100g"},"content":{"rendered":"<p>Bipollen anses vara ett superlivsmedel tack vare sin unika n\u00e4ringssammans\u00e4ttning som inneh\u00e5ller cirka 205 bioaktiva \u00e4mnen, 16 vitaminer, 27 mineraler och 22 aminosyror, tillsammans med kolhydrater, fetter och proteiner.<\/p>\n<p><strong>Produktinformation:<\/strong><\/p>\n<ul>\n<li><strong>Vikt<\/strong>: 100g<\/li>\n<li><strong>K\u00e4lla<\/strong>: Torkat bipollen som omsorgsfullt samlats in fr\u00e5n svenska blommor och skogar<\/li>\n<li><strong>Ingredienser<\/strong>: 100% naturlig produkt, glutenfri och utan konserveringsmedel<\/li>\n<\/ul>\n<p><strong>F\u00f6rdelar med bipollen:<\/strong><\/p>\n<ul>\n<li><strong>Rik p\u00e5 vitaminer och mineraler<\/strong>: Inneh\u00e5ller en h\u00f6g koncentration av vitaminer och mikron\u00e4rings\u00e4mnen, vilket \u00f6kar immuniteten, st\u00e4rker blodk\u00e4rlen och hj\u00e4lper till att bek\u00e4mpa inflammation.<\/li>\n<li><strong>St\u00f6djer matsm\u00e4ltning och ungdom<\/strong>: De inneh\u00e5ller enzymer som \u00e4r viktiga f\u00f6r matsm\u00e4ltningen och fr\u00e4mjar vitala funktioner, vilket hj\u00e4lper till att motverka f\u00f6r tidigt \u00e5ldrande.<\/li>\n<li><strong>Boostar energi och muskler<\/strong>: Idealisk f\u00f6r att st\u00f6dja muskeltillv\u00e4xt och p\u00e5skynda \u00e5terh\u00e4mtningen efter tr\u00e4ning tack vare sitt h\u00f6ga protein- och n\u00e4ringsinneh\u00e5ll.<\/li>\n<\/ul>\n<p><strong>Anv\u00e4ndning och dosering:<\/strong><\/p>\n<ul>\n<li>En matsked per dag (ca 10 g) rekommenderas och kan tills\u00e4ttas i smoothies, str\u00f6sslas \u00f6ver frukosten eller blandas i sallader, yoghurt eller chiapudding. Pollen passar ocks\u00e5 utm\u00e4rkt som garnering i desserter och bakverk.<\/li>\n<\/ul>\n<p><strong>F\u00f6rsiktighets\u00e5tg\u00e4rder:<\/strong> Att \u00e4ta bipollen kan orsaka l\u00e4tt irritation i b\u00f6rjan hos personer som inte \u00e4r vana vid det, s\u00e5 det \u00e4r b\u00e4st att introducera det gradvis i kosten. Personer som \u00e4r allergiska mot biprodukter b\u00f6r b\u00f6rja med en liten m\u00e4ngd f\u00f6r att testa toleransen.<\/p>\n<p>Uppt\u00e4ck f\u00f6rdelarna med svenskt bipollen och l\u00e4gg till detta superlivsmedel i din kost f\u00f6r att fr\u00e4mja h\u00e4lsa och v\u00e4lbefinnande p\u00e5 ett naturligt s\u00e4tt.<\/p>","protected":false},"excerpt":{"rendered":"<p>Svensk torkad bipollen anses vara ett superlivsmedel tack vare sin unika n\u00e4ringssammans\u00e4ttning som inneh\u00e5ller cirka 205 bioaktiva \u00e4mnen, 16 vitaminer, 27 mineraler och 22 aminosyror samt kolhydrater, fetter och proteiner.<\/p>","protected":false},"featured_media":48072,"template":"","meta":[],"product_brand":[],"product_cat":[310,311],"product_tag":[],"class_list":{"0":"post-39978","1":"product","2":"type-product","3":"status-publish","4":"has-post-thumbnail","6":"product_cat-310","7":"product_cat-311","9":"first","10":"instock","11":"taxable","12":"shipping-taxable","13":"purchasable","14":"product-type-simple"},"_links":{"self":[{"href":"https:\/\/senabel.com\/sv\/wp-json\/wp\/v2\/product\/39978","targetHints":{"allow":["GET"]}}],"collection":[{"href":"https:\/\/senabel.com\/sv\/wp-json\/wp\/v2\/product"}],"about":[{"href":"https:\/\/senabel.com\/sv\/wp-json\/wp\/v2\/types\/product"}],"version-history":[{"count":2,"href":"https:\/\/senabel.com\/sv\/wp-json\/wp\/v2\/product\/39978\/revisions"}],"predecessor-version":[{"id":58547,"href":"https:\/\/senabel.com\/sv\/wp-json\/wp\/v2\/product\/39978\/revisions\/58547"}],"wp:featuredmedia":[{"embeddable":true,"href":"https:\/\/senabel.com\/sv\/wp-json\/wp\/v2\/media\/48072"}],"wp:attachment":[{"href":"https:\/\/senabel.com\/sv\/wp-json\/wp\/v2\/media?parent=39978"}],"wp:term":[{"taxonomy":"product_brand","embeddable":true,"href":"https:\/\/senabel.com\/sv\/wp-json\/wp\/v2\/product_brand?post=39978"},{"taxonomy":"product_cat","embeddable":true,"href":"https:\/\/senabel.com\/sv\/wp-json\/wp\/v2\/product_cat?post=39978"},{"taxonomy":"product_tag","embeddable":true,"href":"https:\/\/senabel.com\/sv\/wp-json\/wp\/v2\/product_tag?post=39978"}],"curies":[{"name":"wp","href":"https:\/\/api.w.org\/{rel}","templated":true}]}}