{"id":39976,"date":"2024-11-20T19:54:47","date_gmt":"2024-11-20T19:54:47","guid":{"rendered":"https:\/\/senabel.com\/?post_type=product&#038;p=39976"},"modified":"2026-05-03T17:48:10","modified_gmt":"2026-05-03T17:48:10","slug":"akbar-godsel-20-g","status":"publish","type":"product","link":"https:\/\/senabel.com\/sv\/product\/%d8%af%d9%86%d8%ac-%d8%a7%d9%84%d8%b9%d9%83%d8%a8%d8%b1-20%d8%ba\/","title":{"rendered":"Propolis - 20 g"},"content":{"rendered":"<p>Propolis \u00e4r en naturprodukt med m\u00e5nga f\u00f6rdelar som inneh\u00e5ller egenskaper som \u00e4r effektiva mot antibiotikaresistenta bakterier (MRSA) och anv\u00e4nds f\u00f6r att behandla svampinfektioner, f\u00f6rkylningar, b\u00e4ltros och munherpes.<\/p>\n<p><strong>Vad \u00e4r propolis?<\/strong> Propolis, \u00e4ven k\u00e4nt som \"bivax\", produceras av bin med hj\u00e4lp av harts fr\u00e5n barrtr\u00e4d och tr\u00e4d. Propolis anv\u00e4nds av bina f\u00f6r att t\u00e4ta kupan och skydda den mot virus, bakterier och svampar, vilket g\u00f6r det till en av de b\u00e4sta naturprodukterna f\u00f6r att st\u00f6dja h\u00e4lsan.<\/p>\n<p><strong>H\u00e4lsof\u00f6rdelar med propolis:<\/strong><\/p>\n<ul>\n<li><strong>Rik p\u00e5 antioxidanter<\/strong>: Inneh\u00e5ller n\u00e4stan 300 aktiva ingredienser, t.ex. polyfenoler och flavonoider, som hj\u00e4lper till att bek\u00e4mpa fria radikaler och st\u00f6dja immunf\u00f6rsvaret.<\/li>\n<li><strong>St\u00f6d f\u00f6r hudv\u00e5rd<\/strong>: Anv\u00e4nds f\u00f6r s\u00e5rv\u00e5rd tack vare pinosemperin, som bek\u00e4mpar svamp och fr\u00e4mjar hudl\u00e4kning. Det har ocks\u00e5 visat sig ha en lugnande effekt p\u00e5 oral herpes och muns\u00e5r.<\/li>\n<li><strong>St\u00f6d f\u00f6r l\u00e4kning<\/strong>: Stimulerar cellf\u00f6rnyelsen och p\u00e5skyndar l\u00e4kningen av muns\u00e5r och s\u00e5r.<\/li>\n<li><strong>Kampen mot cancer<\/strong>: Studier har visat att propolis kan bidra till att minska tillv\u00e4xten av cancerceller, \u00e4ven om mer forskning beh\u00f6vs f\u00f6r att bekr\u00e4fta dessa f\u00f6rdelar.<\/li>\n<\/ul>\n<p><strong>Anv\u00e4ndningsomr\u00e5den:<\/strong> Propolis anv\u00e4nds som kapslar eller tabletter f\u00f6r att st\u00f6dja immunf\u00f6rsvaret, hudv\u00e5rdskr\u00e4mer f\u00f6r att \u00f6ka \u00e5terfuktningen eller halstabletter f\u00f6r att lindra halsont. Det tills\u00e4tts ocks\u00e5 i tandkr\u00e4m f\u00f6r att fr\u00e4mja munh\u00e4lsan.<\/p>\n<p><strong>F\u00f6rsiktighets\u00e5tg\u00e4rder:<\/strong> Propolis rekommenderas inte f\u00f6r personer som \u00e4r allergiska mot honung eller biprodukter. Det kan orsaka hudirritation hos vissa m\u00e4nniskor, s\u00e5 kontakta din l\u00e4kare om du upplever n\u00e5gra symtom.<\/p>\n<p>Uppt\u00e4ck f\u00f6rdelarna med propolis som en av de b\u00e4sta naturprodukterna f\u00f6r att f\u00f6rb\u00e4ttra din allm\u00e4nna h\u00e4lsa och st\u00f6dja hudv\u00e5rd.<\/p>","protected":false},"excerpt":{"rendered":"<p>Propolis \u00e4r en naturprodukt med m\u00e5nga f\u00f6rdelar som inneh\u00e5ller egenskaper som \u00e4r effektiva mot antibiotikaresistenta bakterier (MRSA) och anv\u00e4nds f\u00f6r att behandla svampinfektioner, f\u00f6rkylningar, b\u00e4ltros och munherpes.<\/p>","protected":false},"featured_media":48074,"template":"","meta":[],"product_brand":[],"product_cat":[310,311],"product_tag":[],"class_list":{"0":"post-39976","1":"product","2":"type-product","3":"status-publish","4":"has-post-thumbnail","6":"product_cat-310","7":"product_cat-311","9":"first","10":"instock","11":"taxable","12":"shipping-taxable","13":"purchasable","14":"product-type-simple"},"_links":{"self":[{"href":"https:\/\/senabel.com\/sv\/wp-json\/wp\/v2\/product\/39976","targetHints":{"allow":["GET"]}}],"collection":[{"href":"https:\/\/senabel.com\/sv\/wp-json\/wp\/v2\/product"}],"about":[{"href":"https:\/\/senabel.com\/sv\/wp-json\/wp\/v2\/types\/product"}],"version-history":[{"count":3,"href":"https:\/\/senabel.com\/sv\/wp-json\/wp\/v2\/product\/39976\/revisions"}],"predecessor-version":[{"id":58548,"href":"https:\/\/senabel.com\/sv\/wp-json\/wp\/v2\/product\/39976\/revisions\/58548"}],"wp:featuredmedia":[{"embeddable":true,"href":"https:\/\/senabel.com\/sv\/wp-json\/wp\/v2\/media\/48074"}],"wp:attachment":[{"href":"https:\/\/senabel.com\/sv\/wp-json\/wp\/v2\/media?parent=39976"}],"wp:term":[{"taxonomy":"product_brand","embeddable":true,"href":"https:\/\/senabel.com\/sv\/wp-json\/wp\/v2\/product_brand?post=39976"},{"taxonomy":"product_cat","embeddable":true,"href":"https:\/\/senabel.com\/sv\/wp-json\/wp\/v2\/product_cat?post=39976"},{"taxonomy":"product_tag","embeddable":true,"href":"https:\/\/senabel.com\/sv\/wp-json\/wp\/v2\/product_tag?post=39976"}],"curies":[{"name":"wp","href":"https:\/\/api.w.org\/{rel}","templated":true}]}}