{"id":39950,"date":"2024-11-20T19:53:45","date_gmt":"2024-11-20T19:53:45","guid":{"rendered":"https:\/\/senabel.com\/?post_type=product&#038;p=39950"},"modified":"2025-10-09T09:56:41","modified_gmt":"2025-10-09T09:56:41","slug":"naturligt-bivax-700g","status":"publish","type":"product","link":"https:\/\/senabel.com\/sv\/product\/%d8%b4%d9%85%d8%b9-%d8%a7%d9%84%d8%b9%d8%b3%d9%84-%d8%a7%d9%84%d8%b7%d8%a8%d9%8a%d8%b9%d9%8a-700%d8%ba\/","title":{"rendered":"Naturligt bivax - 750g"},"content":{"rendered":"<p>Njut av naturligt bivax infunderat med ren honung, du kan tugga det hela v\u00e4gen igenom f\u00f6r att njuta av den l\u00e4ckra naturliga smaken. Efter tuggningen f\u00f6rvandlas vaxet till en klump som kan sv\u00e4ljas eller kastas och \u00e4r helt s\u00e4kert, vilket g\u00f6r det till ett perfekt val som en naturlig dessert.<\/p>\n<p><strong>Produktinformation:<\/strong><\/p>\n<ul>\n<li><strong>Vikt<\/strong>: 700g<\/li>\n<li><strong>Anv\u00e4ndning<\/strong>: Vaxet kan tuggas som det \u00e4r eller sm\u00f6rjas med honung p\u00e5 en sm\u00f6rg\u00e5s f\u00f6r en unik naturlig smak.<\/li>\n<\/ul>\n<p><strong>Egenskaper hos bivax:<\/strong><\/p>\n<ul>\n<li><strong>Naturlig s\u00f6tma 100%<\/strong>: Den erbjuder en distinkt smak som varierar i smak, f\u00e4rg och konsistens beroende p\u00e5 vilken typ av nektar som finns i regionen.<\/li>\n<li><strong>S\u00e4ker f\u00f6r konsumtion<\/strong>: Vax kan sv\u00e4ljas eller kastas bort efter tuggning och \u00e4r helt ofarligt.<\/li>\n<\/ul>\n<p><strong>Viktiga anvisningar:<\/strong> Honung och biprodukter fr\u00e5n bin rekommenderas inte till barn under ett \u00e5r, eftersom de inneh\u00e5ller den potentiella bakterien Clostridium botulinum, enligt Livsmedelsverkets rekommendationer.<\/p>\n<p>Njut av naturligt bivax, rent godis fr\u00e5n naturens hj\u00e4rta!<\/p>","protected":false},"excerpt":{"rendered":"<p>Njut av naturligt bivax blandat med ren honung, du kan tugga den hela v\u00e4gen igenom f\u00f6r att njuta av den uts\u00f6kta naturliga smaken.<\/p>","protected":false},"featured_media":40042,"template":"","meta":[],"product_brand":[],"product_cat":[310,311],"product_tag":[],"class_list":{"0":"post-39950","1":"product","2":"type-product","3":"status-publish","4":"has-post-thumbnail","6":"product_cat-310","7":"product_cat-311","9":"first","10":"outofstock","11":"taxable","12":"shipping-taxable","13":"purchasable","14":"product-type-simple"},"_links":{"self":[{"href":"https:\/\/senabel.com\/sv\/wp-json\/wp\/v2\/product\/39950","targetHints":{"allow":["GET"]}}],"collection":[{"href":"https:\/\/senabel.com\/sv\/wp-json\/wp\/v2\/product"}],"about":[{"href":"https:\/\/senabel.com\/sv\/wp-json\/wp\/v2\/types\/product"}],"version-history":[{"count":3,"href":"https:\/\/senabel.com\/sv\/wp-json\/wp\/v2\/product\/39950\/revisions"}],"predecessor-version":[{"id":47232,"href":"https:\/\/senabel.com\/sv\/wp-json\/wp\/v2\/product\/39950\/revisions\/47232"}],"wp:featuredmedia":[{"embeddable":true,"href":"https:\/\/senabel.com\/sv\/wp-json\/wp\/v2\/media\/40042"}],"wp:attachment":[{"href":"https:\/\/senabel.com\/sv\/wp-json\/wp\/v2\/media?parent=39950"}],"wp:term":[{"taxonomy":"product_brand","embeddable":true,"href":"https:\/\/senabel.com\/sv\/wp-json\/wp\/v2\/product_brand?post=39950"},{"taxonomy":"product_cat","embeddable":true,"href":"https:\/\/senabel.com\/sv\/wp-json\/wp\/v2\/product_cat?post=39950"},{"taxonomy":"product_tag","embeddable":true,"href":"https:\/\/senabel.com\/sv\/wp-json\/wp\/v2\/product_tag?post=39950"}],"curies":[{"name":"wp","href":"https:\/\/api.w.org\/{rel}","templated":true}]}}