{"id":39923,"date":"2024-11-20T19:52:52","date_gmt":"2024-11-20T19:52:52","guid":{"rendered":"https:\/\/senabel.com\/?post_type=product&#038;p=39923"},"modified":"2026-05-01T20:22:35","modified_gmt":"2026-05-01T20:22:35","slug":"16-cm-honungssked-av-tra-for-honungsburk","status":"publish","type":"product","link":"https:\/\/senabel.com\/sv\/product\/%d9%85%d9%84%d8%b9%d9%82%d8%a9-%d8%a7%d9%84%d8%b9%d8%b3%d9%84-%d8%a7%d9%84%d8%ae%d8%b4%d8%a8%d9%8a%d8%a9-16-%d8%b3%d9%85-%d9%84%d8%ac%d8%b1%d8%a9-%d8%a7%d9%84%d8%b9%d8%b3%d9%84\/","title":{"rendered":"16 cm honungssked av tr\u00e4 f\u00f6r honungsburk"},"content":{"rendered":"<p>F\u00f6rdela honung med l\u00e4tthet och precision med denna 16 cm l\u00e5nga honungssked i tr\u00e4, som \u00e4r speciellt utformad f\u00f6r att g\u00f6ra det enkelt att \u00f6verf\u00f6ra honung fr\u00e5n burken till br\u00f6d och desserter. Tack vare sin r\u00e4fflade design \u00e4r den idealisk f\u00f6r att sprida honung p\u00e5 br\u00f6d, kakor, kex och desserter samt drycker.<\/p>\n<p><strong>Egenskaper hos honungsskeden av tr\u00e4:<\/strong><\/p>\n<ul>\n<li><strong>Enkel och praktisk att anv\u00e4nda<\/strong>: Idealisk f\u00f6r att f\u00f6rdela honung j\u00e4mnt utan att kladda.<\/li>\n<li><strong>Snygg och praktisk<\/strong>: Det perfekta tillskottet till din k\u00f6ksutrustning, som kombinerar sk\u00f6nhet och funktion.<\/li>\n<\/ul>\n<p>L\u00e4gg till en naturlig touch i din dagliga rutin med honungsskeden i tr\u00e4, den lilla prylen som har blivit en k\u00f6ksfavorit!<\/p>","protected":false},"excerpt":{"rendered":"<p>F\u00f6rdela honungen enkelt och exakt med den 16 cm stora honungsskeden i tr\u00e4<\/p>","protected":false},"featured_media":48080,"template":"","meta":[],"product_brand":[],"product_cat":[310,311],"product_tag":[],"class_list":{"0":"post-39923","1":"product","2":"type-product","3":"status-publish","4":"has-post-thumbnail","6":"product_cat-310","7":"product_cat-311","9":"first","10":"instock","11":"taxable","12":"shipping-taxable","13":"purchasable","14":"product-type-simple"},"_links":{"self":[{"href":"https:\/\/senabel.com\/sv\/wp-json\/wp\/v2\/product\/39923","targetHints":{"allow":["GET"]}}],"collection":[{"href":"https:\/\/senabel.com\/sv\/wp-json\/wp\/v2\/product"}],"about":[{"href":"https:\/\/senabel.com\/sv\/wp-json\/wp\/v2\/types\/product"}],"version-history":[{"count":1,"href":"https:\/\/senabel.com\/sv\/wp-json\/wp\/v2\/product\/39923\/revisions"}],"predecessor-version":[{"id":40008,"href":"https:\/\/senabel.com\/sv\/wp-json\/wp\/v2\/product\/39923\/revisions\/40008"}],"wp:featuredmedia":[{"embeddable":true,"href":"https:\/\/senabel.com\/sv\/wp-json\/wp\/v2\/media\/48080"}],"wp:attachment":[{"href":"https:\/\/senabel.com\/sv\/wp-json\/wp\/v2\/media?parent=39923"}],"wp:term":[{"taxonomy":"product_brand","embeddable":true,"href":"https:\/\/senabel.com\/sv\/wp-json\/wp\/v2\/product_brand?post=39923"},{"taxonomy":"product_cat","embeddable":true,"href":"https:\/\/senabel.com\/sv\/wp-json\/wp\/v2\/product_cat?post=39923"},{"taxonomy":"product_tag","embeddable":true,"href":"https:\/\/senabel.com\/sv\/wp-json\/wp\/v2\/product_tag?post=39923"}],"curies":[{"name":"wp","href":"https:\/\/api.w.org\/{rel}","templated":true}]}}