{"id":39922,"date":"2024-11-20T19:52:52","date_gmt":"2024-11-20T19:52:52","guid":{"rendered":"https:\/\/senabel.com\/?post_type=product&#038;p=39922"},"modified":"2025-05-11T11:26:41","modified_gmt":"2025-05-11T11:26:41","slug":"100-flaskor-naturlig-svensk-skogshonung","status":"publish","type":"product","link":"https:\/\/senabel.com\/sv\/product\/%d8%b9%d8%b3%d9%84-%d8%a7%d9%84%d8%ba%d8%a7%d8%a8%d8%a9-%d8%a7%d9%84%d8%b3%d9%88%d9%8a%d8%af%d9%8a%d8%a9-%d8%a7%d9%84%d8%b7%d8%a8%d9%8a%d8%b9%d9%8a-100-%d8%b2%d8%ac%d8%a7%d8%ac%d8%a9-%d8%a8%d9%84\/","title":{"rendered":"Naturlig Svensk Skogshonung 100% Flytande Plastflaska 350g"},"content":{"rendered":"<p>100% ren, naturlig svensk skogshonung, f\u00f6rpackad direkt fr\u00e5n bikupan, beh\u00e5ller sin ursprungliga smak och unika blommiga arom. Bina samlar nektar fr\u00e5n blommorna i de svenska skogarna och pollinerar dem under flera sk\u00f6rdes\u00e4songer, vilket g\u00f6r den rik p\u00e5 fruktos och idealisk f\u00f6r konservering och anv\u00e4ndning som flytande honung.<\/p>\n<p><strong>Produktinformation:<\/strong><\/p>\n<ul>\n<li><strong>Typ av nektar<\/strong>: En blandning av hallon, tranb\u00e4r, skogskl\u00f6ver, lind, Ralaros och ljung.<\/li>\n<li><strong>K\u00e4lla<\/strong>: Omsorgsfullt insamlade fr\u00e5n v\u00e5ra big\u00e5rdar i regionerna Trollh\u00e4ttan, Gr\u00e4storp, Vara, Nussipro och Essonga.<\/li>\n<li><strong>F\u00f6rvaring<\/strong>: F\u00f6rvaras i rumstemperatur, eftersom kylning p\u00e5skyndar den naturliga kristalliseringsprocessen; undvik exponering f\u00f6r solljus.<\/li>\n<\/ul>\n<p><strong>Egenskaper hos svensk skogshonung:<\/strong><\/p>\n<ul>\n<li><strong>Rik och naturlig smak<\/strong>: Denna honung samlas in fr\u00e5n skogsomr\u00e5den, vilket bevarar dess distinkta rena smak.<\/li>\n<li><strong>Naturlig formel 100%<\/strong>: Utan n\u00e5gra tillsatser ger den dig en naturlig och ren smak.<\/li>\n<\/ul>\n<p><strong>Viktiga anvisningar:<\/strong> Det \u00e4r inte rekommenderat att ge denna honung till barn under ett \u00e5r, eftersom den kan inneh\u00e5lla Clostridium botulinum-bakterier, enligt Livsmedelsverkets rekommendation.<\/p>\n<p><strong>Notera<\/strong>: Varje burk med denna svenska honung \u00e4r fylld med en touch av svensk natur och \u00e4r helt fri fr\u00e5n konserveringsmedel, vilket ger dig en unik smak fr\u00e5n hj\u00e4rtat av naturen.<\/p>","protected":false},"excerpt":{"rendered":"<p><strong>Naturlig Svensk Skogshonung 100% Flytande Plastflaska - Ren smak fr\u00e5n hj\u00e4rtat av den svenska naturen<\/strong><\/p>","protected":false},"featured_media":40003,"template":"","meta":[],"product_brand":[],"product_cat":[310,311],"product_tag":[],"class_list":{"0":"post-39922","1":"product","2":"type-product","3":"status-publish","4":"has-post-thumbnail","6":"product_cat-310","7":"product_cat-311","9":"first","10":"outofstock","11":"taxable","12":"shipping-taxable","13":"purchasable","14":"product-type-simple"},"_links":{"self":[{"href":"https:\/\/senabel.com\/sv\/wp-json\/wp\/v2\/product\/39922","targetHints":{"allow":["GET"]}}],"collection":[{"href":"https:\/\/senabel.com\/sv\/wp-json\/wp\/v2\/product"}],"about":[{"href":"https:\/\/senabel.com\/sv\/wp-json\/wp\/v2\/types\/product"}],"version-history":[{"count":1,"href":"https:\/\/senabel.com\/sv\/wp-json\/wp\/v2\/product\/39922\/revisions"}],"predecessor-version":[{"id":40004,"href":"https:\/\/senabel.com\/sv\/wp-json\/wp\/v2\/product\/39922\/revisions\/40004"}],"wp:featuredmedia":[{"embeddable":true,"href":"https:\/\/senabel.com\/sv\/wp-json\/wp\/v2\/media\/40003"}],"wp:attachment":[{"href":"https:\/\/senabel.com\/sv\/wp-json\/wp\/v2\/media?parent=39922"}],"wp:term":[{"taxonomy":"product_brand","embeddable":true,"href":"https:\/\/senabel.com\/sv\/wp-json\/wp\/v2\/product_brand?post=39922"},{"taxonomy":"product_cat","embeddable":true,"href":"https:\/\/senabel.com\/sv\/wp-json\/wp\/v2\/product_cat?post=39922"},{"taxonomy":"product_tag","embeddable":true,"href":"https:\/\/senabel.com\/sv\/wp-json\/wp\/v2\/product_tag?post=39922"}],"curies":[{"name":"wp","href":"https:\/\/api.w.org\/{rel}","templated":true}]}}