{"id":39910,"date":"2024-11-20T19:52:28","date_gmt":"2024-11-20T19:52:28","guid":{"rendered":"https:\/\/senabel.com\/?post_type=product&#038;p=39910"},"modified":"2026-04-08T09:55:19","modified_gmt":"2026-04-08T09:55:19","slug":"naturlig-svensk-skogshonung-100-vikt-500g","status":"publish","type":"product","link":"https:\/\/senabel.com\/sv\/product\/%d8%b9%d8%b3%d9%84-%d8%a7%d9%84%d8%ba%d8%a7%d8%a8%d8%a9-%d8%a7%d9%84%d8%b3%d9%88%d9%8a%d8%af%d9%8a-%d8%a7%d9%84%d8%b7%d8%a8%d9%8a%d8%b9%d9%8a-100-%d9%88%d8%b2%d9%86-500%d8%ba\/","title":{"rendered":"Naturlig Svensk Skogshonung 100% 500g"},"content":{"rendered":"<p>100% Naturlig svensk honung, serveras utan tillsatser, extraherad direkt fr\u00e5n bikupan f\u00f6r att beh\u00e5lla honungens autentiska arom och unika smak. Bina samlar sin nektar fr\u00e5n naturliga svenska blommor under successiva sk\u00f6rdar, vilket g\u00f6r denna honung idealisk f\u00f6r konservering eller f\u00f6r att g\u00f6ra flytande honung, tack vare dess h\u00f6ga fruktosinneh\u00e5ll.<\/p>\n<p><strong>Produktinformation:<\/strong><\/p>\n<ul>\n<li><strong>Typ av nektar<\/strong>: En blandning av hallon, tranb\u00e4r, kl\u00f6ver, lind och rallarros.<\/li>\n<li><strong>K\u00e4lla<\/strong>: V\u00e5ra big\u00e5rdar i Trollh\u00e4ttan, Gr\u00e4storp, Vara, Nussipro, Isonja<\/li>\n<li><strong>F\u00f6rvaring<\/strong>: F\u00f6rvaras i rumstemperatur, eftersom kylf\u00f6rvaring p\u00e5skyndar den naturliga kristalliseringsprocessen. Undvik exponering f\u00f6r solljus.<\/li>\n<\/ul>\n<p><strong>Egenskaper hos svensk skogshonung:<\/strong><\/p>\n<ul>\n<li><strong>Rik och naturlig smak<\/strong>: Denna honung, som h\u00e4mtas fr\u00e5n skogsomr\u00e5den, ger en autentisk smak i varje sked.<\/li>\n<li><strong>Naturlig formel 100%<\/strong>: Inneh\u00e5ller nektar fr\u00e5n skogsblommor som v\u00e4xer i Sverige, vilket g\u00f6r det till en helt naturlig honung.<\/li>\n<\/ul>\n<p><strong>Viktiga anvisningar:<\/strong> Ej l\u00e4mplig f\u00f6r barn under ett \u00e5r d\u00e5 den inneh\u00e5ller Clostridium botulinum-bakterier som kan vara skadliga f\u00f6r dem, enligt rekommendation fr\u00e5n Livsmedelsverket.<\/p>\n<p><strong>Notera<\/strong>: V\u00e5r honung \u00e4r helt fri fr\u00e5n konserveringsmedel och tillsatser, vilket ger dig naturens renhet n\u00e4r den \u00e4r som b\u00e4st.<\/p>","protected":false},"excerpt":{"rendered":"<p><strong>100% Naturlig svensk skogshonung - ren smak fr\u00e5n naturens hj\u00e4rta<\/strong><\/p>","protected":false},"featured_media":39992,"template":"","meta":[],"product_brand":[],"product_cat":[310,311],"product_tag":[],"class_list":{"0":"post-39910","1":"product","2":"type-product","3":"status-publish","4":"has-post-thumbnail","6":"product_cat-310","7":"product_cat-311","9":"first","10":"outofstock","11":"taxable","12":"shipping-taxable","13":"purchasable","14":"product-type-simple"},"_links":{"self":[{"href":"https:\/\/senabel.com\/sv\/wp-json\/wp\/v2\/product\/39910","targetHints":{"allow":["GET"]}}],"collection":[{"href":"https:\/\/senabel.com\/sv\/wp-json\/wp\/v2\/product"}],"about":[{"href":"https:\/\/senabel.com\/sv\/wp-json\/wp\/v2\/types\/product"}],"version-history":[{"count":2,"href":"https:\/\/senabel.com\/sv\/wp-json\/wp\/v2\/product\/39910\/revisions"}],"predecessor-version":[{"id":63636,"href":"https:\/\/senabel.com\/sv\/wp-json\/wp\/v2\/product\/39910\/revisions\/63636"}],"wp:featuredmedia":[{"embeddable":true,"href":"https:\/\/senabel.com\/sv\/wp-json\/wp\/v2\/media\/39992"}],"wp:attachment":[{"href":"https:\/\/senabel.com\/sv\/wp-json\/wp\/v2\/media?parent=39910"}],"wp:term":[{"taxonomy":"product_brand","embeddable":true,"href":"https:\/\/senabel.com\/sv\/wp-json\/wp\/v2\/product_brand?post=39910"},{"taxonomy":"product_cat","embeddable":true,"href":"https:\/\/senabel.com\/sv\/wp-json\/wp\/v2\/product_cat?post=39910"},{"taxonomy":"product_tag","embeddable":true,"href":"https:\/\/senabel.com\/sv\/wp-json\/wp\/v2\/product_tag?post=39910"}],"curies":[{"name":"wp","href":"https:\/\/api.w.org\/{rel}","templated":true}]}}