{"id":39898,"date":"2024-11-20T19:51:54","date_gmt":"2024-11-20T19:51:54","guid":{"rendered":"https:\/\/senabel.com\/?post_type=product&#038;p=39898"},"modified":"2026-04-10T21:46:02","modified_gmt":"2026-04-10T21:46:02","slug":"ren-svensk-skogshonung-blandad-med-mat","status":"publish","type":"product","link":"https:\/\/senabel.com\/sv\/product\/%d8%b9%d8%b3%d9%84-%d8%a7%d9%84%d8%ba%d8%a7%d8%a8%d8%a9-%d8%a7%d9%84%d8%b3%d9%88%d9%8a%d8%af%d9%8a-%d8%a7%d9%84%d9%86%d9%82%d9%8a-%d8%a7%d9%84%d9%85%d9%85%d8%b2%d9%88%d8%ac-%d8%a8%d8%ba%d8%b0%d8%a7\/","title":{"rendered":"100% Ren svensk skogshonung blandad med naturligt drottningfoder"},"content":{"rendered":"<p>Uppt\u00e4ck f\u00f6rdelarna med ren svensk skogshonung i kombination med naturlig drottningmat, vilket skapar en unik produkt som kombinerar de naturliga f\u00f6rdelarna med honung med de kraftfulla egenskaperna hos drottningmat.<\/p>\n<p><strong>Produktinformation:<\/strong><\/p>\n<ul>\n<li>Vikt: 500 gram<\/li>\n<li>F\u00f6rpackning: Elegant och praktisk burk f\u00f6r att bevara f\u00e4rskhet och kvalitet.<\/li>\n<\/ul>\n<p><strong>F\u00f6rdelar med drottningmat med svensk skogshonung:<\/strong><\/p>\n<ul>\n<li><strong>St\u00f6d f\u00f6r nervsystemet och immunf\u00f6rsvaret<\/strong>: Rik p\u00e5 vitaminerna B2, B3, B5, B6 och mineralet koppar, som st\u00e4rker nervsystemets funktion och st\u00f6der immunf\u00f6rsvaret.<\/li>\n<li><strong>Minska tr\u00f6ttheten<\/strong>: Inneh\u00e5ller viktiga vitaminer som B1, B2 och B3, som hj\u00e4lper till att bek\u00e4mpa tr\u00f6tthet och \u00f6ka energin.<\/li>\n<li><strong>St\u00f6djer kardiovaskul\u00e4r funktion<\/strong>: Inneh\u00e5ller \u00e4mnen som fosfor, vitamin B9 och zink som \u00e4r viktiga f\u00f6r hj\u00e4rth\u00e4lsan.<\/li>\n<\/ul>\n<p><strong>K\u00e4nnetecken f\u00f6r drottningens diet:<\/strong><\/p>\n<ul>\n<li>F\u00f6rb\u00e4ttrar immunf\u00f6rsvaret<\/li>\n<li>F\u00f6rb\u00e4ttrar den fysiska prestationsf\u00f6rm\u00e5gan och minnet<\/li>\n<li>Fr\u00e4mjar ett h\u00e4lsosamt hj\u00e4rta och nervsystem<\/li>\n<li>Motverkar klimakteriebesv\u00e4r och f\u00f6rb\u00e4ttrar den sexuella prestationsf\u00f6rm\u00e5gan<\/li>\n<li>Inneh\u00e5ller 10-HDA, som st\u00f6der h\u00e4lsosamma kroppsfunktioner p\u00e5 ett holistiskt s\u00e4tt<\/li>\n<\/ul>\n<p><strong>Viktiga anvisningar:<\/strong> Ge inte denna honung till barn under ett \u00e5r eftersom den inneh\u00e5ller den potentiellt farliga bakterien Clostridium botulinum, enligt rekommendation fr\u00e5n Livsmedelsverket.<\/p>\n<p><strong>Notera<\/strong>: 100% naturlig och fri fr\u00e5n konserveringsmedel, f\u00f6r dem som s\u00f6ker naturens renhet i varje sked.<\/p>","protected":false},"excerpt":{"rendered":"<p><strong>Ren svensk skogshonung blandad med 100% naturligt drottningfoder - en naturlig upplevelse rik p\u00e5 vitaminer och mineraler<\/strong><\/p>","protected":false},"featured_media":39988,"template":"","meta":[],"product_brand":[],"product_cat":[310,311],"product_tag":[],"class_list":{"0":"post-39898","1":"product","2":"type-product","3":"status-publish","4":"has-post-thumbnail","6":"product_cat-310","7":"product_cat-311","9":"first","10":"instock","11":"taxable","12":"shipping-taxable","13":"purchasable","14":"product-type-simple"},"_links":{"self":[{"href":"https:\/\/senabel.com\/sv\/wp-json\/wp\/v2\/product\/39898","targetHints":{"allow":["GET"]}}],"collection":[{"href":"https:\/\/senabel.com\/sv\/wp-json\/wp\/v2\/product"}],"about":[{"href":"https:\/\/senabel.com\/sv\/wp-json\/wp\/v2\/types\/product"}],"version-history":[{"count":3,"href":"https:\/\/senabel.com\/sv\/wp-json\/wp\/v2\/product\/39898\/revisions"}],"predecessor-version":[{"id":57077,"href":"https:\/\/senabel.com\/sv\/wp-json\/wp\/v2\/product\/39898\/revisions\/57077"}],"wp:featuredmedia":[{"embeddable":true,"href":"https:\/\/senabel.com\/sv\/wp-json\/wp\/v2\/media\/39988"}],"wp:attachment":[{"href":"https:\/\/senabel.com\/sv\/wp-json\/wp\/v2\/media?parent=39898"}],"wp:term":[{"taxonomy":"product_brand","embeddable":true,"href":"https:\/\/senabel.com\/sv\/wp-json\/wp\/v2\/product_brand?post=39898"},{"taxonomy":"product_cat","embeddable":true,"href":"https:\/\/senabel.com\/sv\/wp-json\/wp\/v2\/product_cat?post=39898"},{"taxonomy":"product_tag","embeddable":true,"href":"https:\/\/senabel.com\/sv\/wp-json\/wp\/v2\/product_tag?post=39898"}],"curies":[{"name":"wp","href":"https:\/\/api.w.org\/{rel}","templated":true}]}}