{"id":39825,"date":"2024-11-20T19:48:52","date_gmt":"2024-11-20T19:48:52","guid":{"rendered":"https:\/\/senabel.com\/?post_type=product&#038;p=39825"},"modified":"2025-06-01T14:09:46","modified_gmt":"2025-06-01T14:09:46","slug":"al-olabis-premiumbitterkaffe-smakens-ursprunglighet","status":"publish","type":"product","link":"https:\/\/senabel.com\/sv\/product\/%d9%82%d9%87%d9%88%d8%a9-%d9%85%d8%b1%d8%a9-%d9%81%d8%a7%d8%ae%d8%b1%d8%a9-%d9%85%d9%86-%d8%a7%d9%84%d8%b9%d9%84%d8%a8%d9%8a-%d8%a3%d8%b5%d8%a7%d9%84%d8%a9-%d8%a7%d9%84%d9%86%d9%83%d9%87\/","title":{"rendered":"Al Olabi Premium Bitter Coffee - Originality of Flavour 750ml"},"content":{"rendered":"<p>Smaka p\u00e5 Al Olabis flytande bitterkaffe, med sin rika konsistens och autentiska smak.<br \/>\nPerfekt f\u00f6r att snabbt och enkelt brygga v\u00e4lbalanserat och smakrikt kaffe.<\/p>\n<p>Uppt\u00e4ck den bittra turkiska kaffesmaken fr\u00e5n Alalabi, omsorgsfullt framtagen f\u00f6r att ge en rik och intensiv smak utan kr\u00e5ngel med tillagning. Med det h\u00e4r f\u00e4rdiga kaffet kan du snabbt tillreda en uts\u00f6kt kopp kaffe och l\u00e4gga till kardemummakapslar efter \u00f6nskem\u00e5l f\u00f6r att anpassa smaken. Det \u00e4r ett utm\u00e4rkt val f\u00f6r traditionella arabiska kaffe\u00e4lskare som vill ha en autentisk och fyllig smak.<\/p>\n<h3>Produktinformation:<\/h3>\n<p><strong>Typ:<\/strong> Flytande bittert kaffe redo.<br \/>\n<strong>Kapacitet:<\/strong> 800 ml.<br \/>\n<strong>Metoden f\u00f6r beredning:<\/strong> Skaka v\u00e4l f\u00f6re anv\u00e4ndning och koka sedan upp den m\u00e4ngd som beh\u00f6vs, tills\u00e4tt kardemummakapslar under kokningen efter smak.<br \/>\n<strong>Tillverkningsland:<\/strong> Turkiet.<\/p>\n<h3>Dess egenskaper:<\/h3>\n<p><strong>Enkelt och snabbt:<\/strong> Ger dig en intensiv smak som \u00e4r l\u00e4tt att tillaga.<br \/>\n<strong>En autentisk smak:<\/strong> Ett smakrikt kaffe f\u00f6r arabiska bitterkaffe\u00e4lskare.<br \/>\n<strong>Passar f\u00f6r alla smaker:<\/strong> Kardemumma kan tills\u00e4ttas efter smak f\u00f6r att f\u00e5 en personlig smak.<br \/>\n<strong>Perfekt storlek:<\/strong> En flaska p\u00e5 800 ml r\u00e4cker till flera koppar, vilket g\u00f6r den ekonomisk och l\u00e4mplig f\u00f6r l\u00e5ngvarig njutning.<\/p>\n<p><span style=\"color: #008000;\"><strong>F\u00f6rvaringsanvisningar:<\/strong><\/span><br \/>\nF\u00f6r att bevara kaffets kvalitet och smak ska flaskan f\u00f6rvaras p\u00e5 en sval och torr plats utan direkt solljus.<\/p>\n<p>Best\u00e4ll den nu!<br \/>\nK\u00f6p ditt flytande bitterkaffe fr\u00e5n v\u00e5r onlinebutik och njut av smaken av \u00e4kta turkiskt kaffe.<\/p>","protected":false},"excerpt":{"rendered":"<p>Smaka p\u00e5 AlUlabis premiumbitterkaffe, med sin rika konsistens och autentiska smak.<\/p>\n<p>&nbsp;<\/p>","protected":false},"featured_media":39945,"template":"","meta":[],"product_brand":[],"product_cat":[282],"product_tag":[],"class_list":{"0":"post-39825","1":"product","2":"type-product","3":"status-publish","4":"has-post-thumbnail","6":"product_cat-282","8":"first","9":"outofstock","10":"taxable","11":"shipping-taxable","12":"purchasable","13":"product-type-simple"},"_links":{"self":[{"href":"https:\/\/senabel.com\/sv\/wp-json\/wp\/v2\/product\/39825","targetHints":{"allow":["GET"]}}],"collection":[{"href":"https:\/\/senabel.com\/sv\/wp-json\/wp\/v2\/product"}],"about":[{"href":"https:\/\/senabel.com\/sv\/wp-json\/wp\/v2\/types\/product"}],"version-history":[{"count":3,"href":"https:\/\/senabel.com\/sv\/wp-json\/wp\/v2\/product\/39825\/revisions"}],"predecessor-version":[{"id":47859,"href":"https:\/\/senabel.com\/sv\/wp-json\/wp\/v2\/product\/39825\/revisions\/47859"}],"wp:featuredmedia":[{"embeddable":true,"href":"https:\/\/senabel.com\/sv\/wp-json\/wp\/v2\/media\/39945"}],"wp:attachment":[{"href":"https:\/\/senabel.com\/sv\/wp-json\/wp\/v2\/media?parent=39825"}],"wp:term":[{"taxonomy":"product_brand","embeddable":true,"href":"https:\/\/senabel.com\/sv\/wp-json\/wp\/v2\/product_brand?post=39825"},{"taxonomy":"product_cat","embeddable":true,"href":"https:\/\/senabel.com\/sv\/wp-json\/wp\/v2\/product_cat?post=39825"},{"taxonomy":"product_tag","embeddable":true,"href":"https:\/\/senabel.com\/sv\/wp-json\/wp\/v2\/product_tag?post=39825"}],"curies":[{"name":"wp","href":"https:\/\/api.w.org\/{rel}","templated":true}]}}