{"id":39796,"date":"2024-11-20T19:47:31","date_gmt":"2024-11-20T19:47:31","guid":{"rendered":"https:\/\/senabel.com\/?post_type=product&#038;p=39796"},"modified":"2025-12-14T15:55:10","modified_gmt":"2025-12-14T15:55:10","slug":"solrosfron","status":"publish","type":"product","link":"https:\/\/senabel.com\/sv\/product\/%d8%a8%d8%b2%d8%b1-%d8%af%d9%88%d8%a7%d8%b1-%d8%a7%d9%84%d8%b4%d9%85%d8%b3\/","title":{"rendered":"Solrosfr\u00f6n"},"content":{"rendered":"<p>Upplev den naturliga fr\u00f6smaken med solrosfr\u00f6n, varsamt rostade f\u00f6r perfekt krispighet och fyllig smak.<\/p>\n<p>Solrosfr\u00f6n, en av de mest popul\u00e4ra h\u00e4lsosamma och krispiga snacksn\u00f6tterna, \u00e4r ett uts\u00f6kt och h\u00e4lsosamt mellanm\u00e5l. Solrosfr\u00f6n har ett h\u00f6gt n\u00e4ringsv\u00e4rde och rostas omsorgsfullt f\u00f6r att kombinera en naturlig smak med en krispig konsistens. Oavsett om du njuter av dem som ett smakrikt tillskott till dina evenemang eller till och med under dagen, erbjuder solrosfr\u00f6n den perfekta balansen mellan smak och h\u00e4lsof\u00f6rdelar.<\/p>\n<p><strong>Vikt:<\/strong> 500g-1000g<\/p>\n<h3>Egenskaper f\u00f6r solrosfr\u00f6n:<\/h3>\n<p><strong>Ingredienser<\/strong>: Naturligt solrosfr\u00f6 100%.<br \/>\n<strong>Metoden f\u00f6r rostning:<\/strong> Varsamt rostade f\u00f6r att bevara den krispiga konsistensen och den naturliga smaken.<br \/>\n<strong>Naturlig smak:<\/strong> En uts\u00f6kt smak som kombinerar den naturliga smaken av r\u00f6dbetor med en behaglig krispighet.<br \/>\n<strong>Ett l\u00e4tt och h\u00e4lsosamt tillskott:<\/strong> Rik p\u00e5 fibrer, proteiner och mineraler som \u00e4r viktiga f\u00f6r kroppen.<br \/>\nPerfekt att njuta av under dagen, eller som ett utm\u00e4rkt komplement till fester och evenemang.<\/p>\n<p><span style=\"color: #008000;\"><strong>F\u00f6rvaringsanvisningar:<\/strong><\/span><br \/>\nF\u00f6r att bevara solrosfr\u00f6nas smak och kvalitet ska de f\u00f6rvaras svalt och torrt, utom r\u00e4ckh\u00e5ll f\u00f6r fukt och direkt solljus.<\/p>\n<p>Best\u00e4ll solrosfr\u00f6n fr\u00e5n v\u00e5r onlinebutik och njut av ett naturligt och h\u00e4lsosamt mellanm\u00e5l.<\/p>","protected":false},"excerpt":{"rendered":"<p>Upplev den naturliga fr\u00f6smaken med solrosfr\u00f6n, varsamt rostade f\u00f6r perfekt krispighet och fyllig smak.<\/p>","protected":false},"featured_media":39931,"template":"","meta":[],"product_brand":[],"product_cat":[308],"product_tag":[],"class_list":{"0":"post-39796","1":"product","2":"type-product","3":"status-publish","4":"has-post-thumbnail","6":"product_cat-308","8":"first","9":"instock","10":"taxable","11":"shipping-taxable","12":"purchasable","13":"product-type-variable"},"_links":{"self":[{"href":"https:\/\/senabel.com\/sv\/wp-json\/wp\/v2\/product\/39796","targetHints":{"allow":["GET"]}}],"collection":[{"href":"https:\/\/senabel.com\/sv\/wp-json\/wp\/v2\/product"}],"about":[{"href":"https:\/\/senabel.com\/sv\/wp-json\/wp\/v2\/types\/product"}],"version-history":[{"count":5,"href":"https:\/\/senabel.com\/sv\/wp-json\/wp\/v2\/product\/39796\/revisions"}],"predecessor-version":[{"id":48431,"href":"https:\/\/senabel.com\/sv\/wp-json\/wp\/v2\/product\/39796\/revisions\/48431"}],"wp:featuredmedia":[{"embeddable":true,"href":"https:\/\/senabel.com\/sv\/wp-json\/wp\/v2\/media\/39931"}],"wp:attachment":[{"href":"https:\/\/senabel.com\/sv\/wp-json\/wp\/v2\/media?parent=39796"}],"wp:term":[{"taxonomy":"product_brand","embeddable":true,"href":"https:\/\/senabel.com\/sv\/wp-json\/wp\/v2\/product_brand?post=39796"},{"taxonomy":"product_cat","embeddable":true,"href":"https:\/\/senabel.com\/sv\/wp-json\/wp\/v2\/product_cat?post=39796"},{"taxonomy":"product_tag","embeddable":true,"href":"https:\/\/senabel.com\/sv\/wp-json\/wp\/v2\/product_tag?post=39796"}],"curies":[{"name":"wp","href":"https:\/\/api.w.org\/{rel}","templated":true}]}}