{"id":39783,"date":"2024-11-20T19:47:08","date_gmt":"2024-11-20T19:47:08","guid":{"rendered":"https:\/\/senabel.com\/?post_type=product&#038;p=39783"},"modified":"2026-05-13T14:02:31","modified_gmt":"2026-05-13T14:02:31","slug":"afghansk-rodbeta-500g","status":"publish","type":"product","link":"https:\/\/senabel.com\/sv\/product\/%d8%a8%d8%b2%d8%b1-%d8%a7%d9%84%d8%a3%d9%81%d8%ba%d8%a7%d9%86%d9%8a-%d8%a7%d9%84%d8%a3%d8%ad%d9%85%d8%b1-500%d8%ba\/","title":{"rendered":"Rostad m\u00f6rkr\u00f6d schalottenl\u00f6k - 500g"},"content":{"rendered":"<p>Njut av den unika smaken av afghanska r\u00f6dbetor, varsamt rostade f\u00f6r en krispig konsistens och rik smak.<\/p>\n<p>Uppt\u00e4ck smaken av Afghan Red Bezoar, ett av de mest popul\u00e4ra och l\u00e4ckra traditionella fr\u00f6na. Den har en unik smak och r\u00f6d f\u00e4rg som ger en speciell karakt\u00e4r till din g\u00e4stfrihet. De rostas omsorgsfullt f\u00f6r att bevara sin naturliga smak och krispiga konsistens och \u00e4r ett utm\u00e4rkt val att \u00e4ta under dagen eller f\u00f6r att ge en speciell touch vid evenemang.<\/p>\n<h3>Funktioner i den afghanska r\u00f6da basaren:<\/h3>\n<p><strong>Ingredienser<\/strong>: 100%.<br \/>\n<strong>Metoden f\u00f6r rostning:<\/strong> Fint rostade f\u00f6r att bibeh\u00e5lla den krispiga konsistensen och den naturliga smaken.<br \/>\n<strong>En autentisk smak:<\/strong> Den ger dig en distinkt traditionell smak som \u00e5terspeglar den autentiska smaken av afghanska b\u00f6nor.<br \/>\n<strong>En rik k\u00e4lla till protein och h\u00e4lsosamma fetter:<\/strong> Detta g\u00f6r den perfekt f\u00f6r alla tillf\u00e4llen.<br \/>\n<strong><span style=\"color: #008000;\">F\u00f6rvaringsanvisningar:<\/span><\/strong><br \/>\nF\u00f6r att bevara Afghan Red Beets smak och kvalitet ska de f\u00f6rvaras svalt, torrt och skyddat fr\u00e5n fukt och direkt solljus.<\/p>\n<p>Best\u00e4ll den nu fr\u00e5n v\u00e5r onlinebutik och njut av varje \u00f6gonblick av dess unika smak.<\/p>","protected":false},"excerpt":{"rendered":"<p>Njut av den unika smaken av r\u00f6da afghanifr\u00f6n, varsamt rostade f\u00f6r en krispig konsistens och rik smak.<\/p>","protected":false},"featured_media":39920,"template":"","meta":[],"product_brand":[],"product_cat":[308],"product_tag":[],"class_list":{"0":"post-39783","1":"product","2":"type-product","3":"status-publish","4":"has-post-thumbnail","6":"product_cat-308","8":"first","9":"instock","10":"taxable","11":"shipping-taxable","12":"purchasable","13":"product-type-simple"},"_links":{"self":[{"href":"https:\/\/senabel.com\/sv\/wp-json\/wp\/v2\/product\/39783","targetHints":{"allow":["GET"]}}],"collection":[{"href":"https:\/\/senabel.com\/sv\/wp-json\/wp\/v2\/product"}],"about":[{"href":"https:\/\/senabel.com\/sv\/wp-json\/wp\/v2\/types\/product"}],"version-history":[{"count":4,"href":"https:\/\/senabel.com\/sv\/wp-json\/wp\/v2\/product\/39783\/revisions"}],"predecessor-version":[{"id":60682,"href":"https:\/\/senabel.com\/sv\/wp-json\/wp\/v2\/product\/39783\/revisions\/60682"}],"wp:featuredmedia":[{"embeddable":true,"href":"https:\/\/senabel.com\/sv\/wp-json\/wp\/v2\/media\/39920"}],"wp:attachment":[{"href":"https:\/\/senabel.com\/sv\/wp-json\/wp\/v2\/media?parent=39783"}],"wp:term":[{"taxonomy":"product_brand","embeddable":true,"href":"https:\/\/senabel.com\/sv\/wp-json\/wp\/v2\/product_brand?post=39783"},{"taxonomy":"product_cat","embeddable":true,"href":"https:\/\/senabel.com\/sv\/wp-json\/wp\/v2\/product_cat?post=39783"},{"taxonomy":"product_tag","embeddable":true,"href":"https:\/\/senabel.com\/sv\/wp-json\/wp\/v2\/product_tag?post=39783"}],"curies":[{"name":"wp","href":"https:\/\/api.w.org\/{rel}","templated":true}]}}