{"id":39781,"date":"2024-11-20T19:47:08","date_gmt":"2024-11-20T19:47:08","guid":{"rendered":"https:\/\/senabel.com\/?post_type=product&#038;p=39781"},"modified":"2026-04-28T18:17:02","modified_gmt":"2026-04-28T18:17:02","slug":"krispigt-rostad-majs-500g","status":"publish","type":"product","link":"https:\/\/senabel.com\/sv\/product\/%d8%b0%d8%b1%d8%a9-%d9%85%d8%ad%d9%85%d8%b5%d8%a9-%d9%85%d9%82%d8%b1%d9%85%d8%b4%d8%a9-500%d8%ba\/","title":{"rendered":"Krispigt rostad majs 500g"},"content":{"rendered":"<p>Njut av uts\u00f6kt, knaprigt rostad majs. Dess naturliga smak och perfekta konsistens g\u00f6r den till det perfekta valet f\u00f6r dem som \u00e4lskar krispighet och rik smak.<\/p>\n<p>Upplev smaken av perfekt rostad majs, krispig och full av smak. Rostningsprocessen har gjorts noggrant f\u00f6r att bevara krispigheten och ta fram majsens naturliga smak, s\u00e5 att du kan njuta av den n\u00e4r som helst. Om du letar efter en unik partytj\u00e4nst \u00e4r rostad majs ett utm\u00e4rkt val.<\/p>\n<h3>Rostad majs Funktioner:<\/h3>\n<p><strong>Ingredienser:<\/strong> Naturlig majs 100%, salt, naturliga kryddor.<br \/>\n<strong>Metoden f\u00f6r rostning:<\/strong> Noggrant rostade f\u00f6r att bevara den naturliga krispigheten och smaken.<br \/>\n<strong>N\u00e4ringsv\u00e4rde:<\/strong> Rik p\u00e5 fibrer och kolhydrater.<br \/>\n<strong>L\u00e4cker smak:<\/strong> En rik, naturlig smak som framh\u00e4ver den autentiska smaken av majs.<\/p>\n<p><span style=\"color: #008000;\"><strong>F\u00f6rvaringsanvisningar:<\/strong><\/span><br \/>\nF\u00f6r att bevara smaken och kvaliteten p\u00e5 den rostade majsen ska den f\u00f6rvaras svalt, torrt och skyddat fr\u00e5n fukt och direkt solljus.<\/p>\n<p>Best\u00e4ll den nu!<br \/>\nMissa inte chansen att prova v\u00e5r Crispy Roasted Corn fr\u00e5n v\u00e5r onlinebutik.<br \/>\nL\u00e4gg den i din korg och njut av en unik smak varje g\u00e5ng.<\/p>","protected":false},"excerpt":{"rendered":"<p>Krispig och smakrik rostad majs. Dess naturliga smak och perfekta konsistens g\u00f6r den till det perfekta valet f\u00f6r dem som \u00e4lskar krispighet och rik smak.<\/p>","protected":false},"featured_media":39916,"template":"","meta":[],"product_brand":[],"product_cat":[308],"product_tag":[],"class_list":{"0":"post-39781","1":"product","2":"type-product","3":"status-publish","4":"has-post-thumbnail","6":"product_cat-308","8":"first","9":"instock","10":"taxable","11":"shipping-taxable","12":"purchasable","13":"product-type-simple"},"_links":{"self":[{"href":"https:\/\/senabel.com\/sv\/wp-json\/wp\/v2\/product\/39781","targetHints":{"allow":["GET"]}}],"collection":[{"href":"https:\/\/senabel.com\/sv\/wp-json\/wp\/v2\/product"}],"about":[{"href":"https:\/\/senabel.com\/sv\/wp-json\/wp\/v2\/types\/product"}],"version-history":[{"count":2,"href":"https:\/\/senabel.com\/sv\/wp-json\/wp\/v2\/product\/39781\/revisions"}],"predecessor-version":[{"id":47991,"href":"https:\/\/senabel.com\/sv\/wp-json\/wp\/v2\/product\/39781\/revisions\/47991"}],"wp:featuredmedia":[{"embeddable":true,"href":"https:\/\/senabel.com\/sv\/wp-json\/wp\/v2\/media\/39916"}],"wp:attachment":[{"href":"https:\/\/senabel.com\/sv\/wp-json\/wp\/v2\/media?parent=39781"}],"wp:term":[{"taxonomy":"product_brand","embeddable":true,"href":"https:\/\/senabel.com\/sv\/wp-json\/wp\/v2\/product_brand?post=39781"},{"taxonomy":"product_cat","embeddable":true,"href":"https:\/\/senabel.com\/sv\/wp-json\/wp\/v2\/product_cat?post=39781"},{"taxonomy":"product_tag","embeddable":true,"href":"https:\/\/senabel.com\/sv\/wp-json\/wp\/v2\/product_tag?post=39781"}],"curies":[{"name":"wp","href":"https:\/\/api.w.org\/{rel}","templated":true}]}}