{"id":39780,"date":"2024-11-20T19:47:08","date_gmt":"2024-11-20T19:47:08","guid":{"rendered":"https:\/\/senabel.com\/?post_type=product&#038;p=39780"},"modified":"2026-04-29T08:45:31","modified_gmt":"2026-04-29T08:45:31","slug":"saltade-cashewnotter-500g","status":"publish","type":"product","link":"https:\/\/senabel.com\/sv\/product\/%d9%83%d8%a7%d8%ac%d9%88-%d8%a7%d9%84%d9%85%d9%85%d9%84%d8%ad-500%d8%ba\/","title":{"rendered":"Saltade cashewn\u00f6tter 500g"},"content":{"rendered":"<p>Njut av omsorgsfullt rostade salta cashewn\u00f6tter som ger en distinkt, knaprig smak med en balanserad salt smak.<\/p>\n<p>Upplev l\u00e4ckerheterna med premium saltade cashewn\u00f6tter, som kombinerar en naturlig krispighet med en uts\u00f6kt salt smak. Dessa cashewn\u00f6tter har rostats omsorgsfullt f\u00f6r att bevara sin kvalitet och ge en smakrik smak som passar alla smaker. De saltade cashewn\u00f6tterna \u00e4r perfekta som mellanm\u00e5l p\u00e5 rasterna eller som ett speciellt tillskott till dina evenemang.<\/p>\n<h3>Egenskaper hos saltade cashewn\u00f6tter:<\/h3>\n<p><strong>Ingredienser:<\/strong> Naturliga Cashewn\u00f6tter 100%, Salt.<br \/>\n<strong>Metoden f\u00f6r rostning:<\/strong> Noggrant rostade f\u00f6r att bibeh\u00e5lla en krispig konsistens och rik smak.<br \/>\n<strong>H\u00e4rlig salt smak:<\/strong> Den ger en perfekt balans mellan den salta och den naturliga smaken av cashewn\u00f6tter.<br \/>\n<strong>En rik k\u00e4lla till protein och h\u00e4lsosamma fetter:<\/strong> Detta g\u00f6r den perfekt f\u00f6r alla tillf\u00e4llen.<br \/>\nPerfekt som ett komplement till dina fester och privata sessioner.<\/p>\n<p><span style=\"color: #008000;\"><strong>F\u00f6rvaringsanvisningar:<\/strong><\/span><br \/>\nF\u00f6r att bevara smaken och kvaliteten p\u00e5 cashewn\u00f6tterna ska de f\u00f6rvaras svalt, torrt och skyddat fr\u00e5n fukt och direkt solljus.<\/p>\n<p>V\u00e5ra premium saltade cashewn\u00f6tter finns tillg\u00e4ngliga i v\u00e5r onlinebutik.<br \/>\nH\u00e4mta den nu!<\/p>","protected":false},"excerpt":{"rendered":"<p>Upplev en smaksensation med v\u00e5ra Premium Salted Cashewn\u00f6tter, som kombinerar en naturlig krispighet med en uts\u00f6kt salt smak. Dessa cashewn\u00f6tter har rostats omsorgsfullt f\u00f6r att bevara sin kvalitet och ge en smakrik smak som passar alla smaker. Saltade cashewn\u00f6tter \u00e4r perfekta att \u00e4ta som snacks p\u00e5 rasterna eller som ett speciellt inslag p\u00e5 dina evenemang.<\/p>","protected":false},"featured_media":39914,"template":"","meta":[],"product_brand":[],"product_cat":[308],"product_tag":[],"class_list":{"0":"post-39780","1":"product","2":"type-product","3":"status-publish","4":"has-post-thumbnail","6":"product_cat-308","8":"first","9":"instock","10":"taxable","11":"shipping-taxable","12":"purchasable","13":"product-type-simple"},"_links":{"self":[{"href":"https:\/\/senabel.com\/sv\/wp-json\/wp\/v2\/product\/39780","targetHints":{"allow":["GET"]}}],"collection":[{"href":"https:\/\/senabel.com\/sv\/wp-json\/wp\/v2\/product"}],"about":[{"href":"https:\/\/senabel.com\/sv\/wp-json\/wp\/v2\/types\/product"}],"version-history":[{"count":2,"href":"https:\/\/senabel.com\/sv\/wp-json\/wp\/v2\/product\/39780\/revisions"}],"predecessor-version":[{"id":55905,"href":"https:\/\/senabel.com\/sv\/wp-json\/wp\/v2\/product\/39780\/revisions\/55905"}],"wp:featuredmedia":[{"embeddable":true,"href":"https:\/\/senabel.com\/sv\/wp-json\/wp\/v2\/media\/39914"}],"wp:attachment":[{"href":"https:\/\/senabel.com\/sv\/wp-json\/wp\/v2\/media?parent=39780"}],"wp:term":[{"taxonomy":"product_brand","embeddable":true,"href":"https:\/\/senabel.com\/sv\/wp-json\/wp\/v2\/product_brand?post=39780"},{"taxonomy":"product_cat","embeddable":true,"href":"https:\/\/senabel.com\/sv\/wp-json\/wp\/v2\/product_cat?post=39780"},{"taxonomy":"product_tag","embeddable":true,"href":"https:\/\/senabel.com\/sv\/wp-json\/wp\/v2\/product_tag?post=39780"}],"curies":[{"name":"wp","href":"https:\/\/api.w.org\/{rel}","templated":true}]}}