{"id":39779,"date":"2024-11-20T19:47:08","date_gmt":"2024-11-20T19:47:08","guid":{"rendered":"https:\/\/senabel.com\/?post_type=product&#038;p=39779"},"modified":"2026-05-12T10:53:15","modified_gmt":"2026-05-12T10:53:15","slug":"premium-rokta-cashewnotter-500g","status":"publish","type":"product","link":"https:\/\/senabel.com\/sv\/product\/%d8%a7%d9%84%d9%83%d8%a7%d8%ac%d9%88-%d8%a7%d9%84%d9%85%d8%af%d8%ae%d9%86-%d8%a7%d9%84%d9%81%d8%a7%d8%ae%d8%b1-500%d8%ba\/","title":{"rendered":"Premium r\u00f6kta cashewn\u00f6tter 500g"},"content":{"rendered":"<p>Njut av en unik gastronomisk upplevelse med r\u00f6kta cashewn\u00f6tter, varsamt rostade f\u00f6r att kombinera god smak med perfekt krispighet.<br \/>\nEtt rikt och m\u00e4ttande mellanm\u00e5l som \u00e4r perfekt att avnjuta n\u00e4r som helst.<\/p>\n<p>Uppt\u00e4ck den rika smaken av r\u00f6kta cashewn\u00f6tter, som har en distinkt smak och en oemotst\u00e5ndligt god smak. Cashewn\u00f6tterna har rostats omsorgsfullt f\u00f6r att bevara sin naturliga krispighet och ge en smak som passar alla smaker. Oavsett om du letar efter ett smakrikt mellanm\u00e5l eller ett unikt tillskott p\u00e5 bordet \u00e4r Smoked Cashews det perfekta valet.<\/p>\n<p><strong>Egenskaper hos r\u00f6kta cashewn\u00f6tter:<\/strong><\/p>\n<p><strong>Ingredienser:<\/strong> Naturliga cashewn\u00f6tter 100%, salt, naturliga kryddor, r\u00f6kt smak.<br \/>\n<strong>Metoden f\u00f6r rostning:<\/strong> Noggrant rostade f\u00f6r att bibeh\u00e5lla en krispig konsistens och rik smak.<br \/>\n<strong>Rik smak:<\/strong> En distinkt r\u00f6kig smak med en perfekt balans mellan salt och kryddor.<br \/>\n<strong>En rik k\u00e4lla till protein och h\u00e4lsosamma fetter:<\/strong> Detta g\u00f6r den perfekt f\u00f6r alla tillf\u00e4llen.<br \/>\n<span style=\"color: #008000;\"><strong>F\u00f6rvaringsanvisningar:<\/strong><\/span><br \/>\nF\u00f6r att bevara kvaliteten och smaken p\u00e5 cashewn\u00f6tterna ska de f\u00f6rvaras svalt, torrt och skyddat fr\u00e5n fukt och direkt solljus.<\/p>\n<p>Missa inte chansen att ta del av dessa fantastiska r\u00f6kta cashewn\u00f6tter!<br \/>\nBest\u00e4ll den nu fr\u00e5n v\u00e5r onlinebutik och g\u00f6r varje smakstund till en of\u00f6rgl\u00f6mlig upplevelse.<\/p>","protected":false},"excerpt":{"rendered":"<p>Njut av en unik gastronomisk upplevelse med r\u00f6kta cashewn\u00f6tter, varsamt rostade f\u00f6r att kombinera god smak med perfekt krispighet.<br \/>\nEtt rikt och m\u00e4ttande mellanm\u00e5l som \u00e4r perfekt att avnjuta n\u00e4r som helst.<\/p>","protected":false},"featured_media":39912,"template":"","meta":[],"product_brand":[],"product_cat":[308],"product_tag":[],"class_list":{"0":"post-39779","1":"product","2":"type-product","3":"status-publish","4":"has-post-thumbnail","6":"product_cat-308","8":"first","9":"instock","10":"taxable","11":"shipping-taxable","12":"purchasable","13":"product-type-simple"},"_links":{"self":[{"href":"https:\/\/senabel.com\/sv\/wp-json\/wp\/v2\/product\/39779","targetHints":{"allow":["GET"]}}],"collection":[{"href":"https:\/\/senabel.com\/sv\/wp-json\/wp\/v2\/product"}],"about":[{"href":"https:\/\/senabel.com\/sv\/wp-json\/wp\/v2\/types\/product"}],"version-history":[{"count":1,"href":"https:\/\/senabel.com\/sv\/wp-json\/wp\/v2\/product\/39779\/revisions"}],"predecessor-version":[{"id":39913,"href":"https:\/\/senabel.com\/sv\/wp-json\/wp\/v2\/product\/39779\/revisions\/39913"}],"wp:featuredmedia":[{"embeddable":true,"href":"https:\/\/senabel.com\/sv\/wp-json\/wp\/v2\/media\/39912"}],"wp:attachment":[{"href":"https:\/\/senabel.com\/sv\/wp-json\/wp\/v2\/media?parent=39779"}],"wp:term":[{"taxonomy":"product_brand","embeddable":true,"href":"https:\/\/senabel.com\/sv\/wp-json\/wp\/v2\/product_brand?post=39779"},{"taxonomy":"product_cat","embeddable":true,"href":"https:\/\/senabel.com\/sv\/wp-json\/wp\/v2\/product_cat?post=39779"},{"taxonomy":"product_tag","embeddable":true,"href":"https:\/\/senabel.com\/sv\/wp-json\/wp\/v2\/product_tag?post=39779"}],"curies":[{"name":"wp","href":"https:\/\/api.w.org\/{rel}","templated":true}]}}