{"id":39767,"date":"2024-11-20T19:46:45","date_gmt":"2024-11-20T19:46:45","guid":{"rendered":"https:\/\/senabel.com\/?post_type=product&#038;p=39767"},"modified":"2026-02-27T09:18:46","modified_gmt":"2026-02-27T09:18:46","slug":"fast-koranstall-i-tra-dekorerat-med-gravyrer","status":"publish","type":"product","link":"https:\/\/senabel.com\/sv\/product\/%d8%ad%d8%a7%d9%85%d9%84-%d8%a7%d9%84%d9%82%d8%b1%d8%a2%d9%86-%d8%a7%d9%84%d8%ae%d8%b4%d8%a8%d9%8a-%d8%ab%d8%a7%d8%a8%d8%aa-%d9%85%d8%b2%d8%ae%d8%b1%d9%81-%d8%a8%d9%86%d9%82%d9%88%d8%b4-%d9%87%d9%86\/","title":{"rendered":"Koranh\u00e5llare i robust tr\u00e4 dekorerad med geometriska m\u00f6nster"},"content":{"rendered":"<p>Tillf\u00f6r andlighet och elegans till din gudstj\u00e4nstlokal med koranstativet Wooden, som \u00e4r tillverkat av h\u00e5llbart tr\u00e4 och snidat med geometriska m\u00f6nster som \u00e5terspeglar sk\u00f6nheten i klassisk islamisk konst.<\/p>\n<p>Koranstativet har en traditionell design som kombinerar funktionalitet och originalitet och \u00e4r format som ett \"X\" n\u00e4r det \u00f6ppnas, vilket ger en stabil och bekv\u00e4m bas f\u00f6r Koranen under recitation. Koranstativet har fint graverade geometriska motiv och \u00e4r ett estetiskt tilltalande komplement till b\u00f6neh\u00f6rnor i hem och mosk\u00e9er. Tillverkad av h\u00e5llbart naturligt tr\u00e4 f\u00f6r l\u00e5ng h\u00e5llbarhet och livsl\u00e4ngd, \u00e4r det ett f\u00f6rem\u00e5l som kombinerar sk\u00f6nhet och funktionalitet.<\/p>\n<p><strong>De material som anv\u00e4nds:<\/strong> Naturligt tr\u00e4 av h\u00f6g kvalitet<\/p>\n<p>Egenskaper hos koranh\u00e5llaren i tr\u00e4:<br \/>\n<strong>Traditionell sk\u00f6nhet:<\/strong> Islamiskt inspirerade geometriska m\u00f6nster f\u00f6rst\u00e4rker stativets klassiska karakt\u00e4r.<br \/>\n<strong>Ergonomisk och stabil design:<\/strong> Ger en optimal l\u00e4svinkel som g\u00f6r det bekv\u00e4mt f\u00f6r l\u00e4saren att recitera.<br \/>\n<strong>Perfekt inredning f\u00f6r andliga platser:<\/strong> L\u00e4mplig f\u00f6r b\u00f6neh\u00f6rnor och bord i hem och mosk\u00e9er f\u00f6r att \u00e5terspegla islamisk sk\u00f6nhet.<br \/>\n<strong>En v\u00e4rdefull g\u00e5va:<\/strong> Ett utm\u00e4rkt val f\u00f6r speciella tillf\u00e4llen f\u00f6r \u00e4lskare av det islamiska kulturarvet.<\/p>\n<p><span style=\"color: #008000;\"><strong>Sk\u00f6tselr\u00e5d:<\/strong><\/span><br \/>\nReng\u00f6r stativet med en mjuk, torr trasa och undvik att uts\u00e4tta det f\u00f6r fukt f\u00f6r att bevara dess lyster.<\/p>\n<p>G\u00f6r din recitation av Koranen till en bekv\u00e4mare och vackrare upplevelse och skaffa Wooden Quran Stand nu p\u00e5 v\u00e5r webbplats f\u00f6r att ha en bit som \u00e5terspeglar \u00e4kthet och islamisk konstn\u00e4rskap.<\/p>","protected":false},"excerpt":{"rendered":"<p>Tillf\u00f6r andlighet och elegans till din gudstj\u00e4nstlokal med koranstativet Wooden, som \u00e4r tillverkat av h\u00e5llbart tr\u00e4 och snidat med geometriska m\u00f6nster som \u00e5terspeglar sk\u00f6nheten i klassisk islamisk konst.<\/p>\n<div>\n<div><strong>M\u00e5tt:<\/strong> 30*23*20cm<\/div>\n<\/div>","protected":false},"featured_media":39899,"template":"","meta":[],"product_brand":[],"product_cat":[307,303],"product_tag":[],"class_list":{"0":"post-39767","1":"product","2":"type-product","3":"status-publish","4":"has-post-thumbnail","6":"product_cat-307","7":"product_cat-303","9":"first","10":"outofstock","11":"taxable","12":"shipping-taxable","13":"purchasable","14":"product-type-simple"},"_links":{"self":[{"href":"https:\/\/senabel.com\/sv\/wp-json\/wp\/v2\/product\/39767","targetHints":{"allow":["GET"]}}],"collection":[{"href":"https:\/\/senabel.com\/sv\/wp-json\/wp\/v2\/product"}],"about":[{"href":"https:\/\/senabel.com\/sv\/wp-json\/wp\/v2\/types\/product"}],"version-history":[{"count":1,"href":"https:\/\/senabel.com\/sv\/wp-json\/wp\/v2\/product\/39767\/revisions"}],"predecessor-version":[{"id":39900,"href":"https:\/\/senabel.com\/sv\/wp-json\/wp\/v2\/product\/39767\/revisions\/39900"}],"wp:featuredmedia":[{"embeddable":true,"href":"https:\/\/senabel.com\/sv\/wp-json\/wp\/v2\/media\/39899"}],"wp:attachment":[{"href":"https:\/\/senabel.com\/sv\/wp-json\/wp\/v2\/media?parent=39767"}],"wp:term":[{"taxonomy":"product_brand","embeddable":true,"href":"https:\/\/senabel.com\/sv\/wp-json\/wp\/v2\/product_brand?post=39767"},{"taxonomy":"product_cat","embeddable":true,"href":"https:\/\/senabel.com\/sv\/wp-json\/wp\/v2\/product_cat?post=39767"},{"taxonomy":"product_tag","embeddable":true,"href":"https:\/\/senabel.com\/sv\/wp-json\/wp\/v2\/product_tag?post=39767"}],"curies":[{"name":"wp","href":"https:\/\/api.w.org\/{rel}","templated":true}]}}