{"id":39698,"date":"2024-11-20T19:43:59","date_gmt":"2024-11-20T19:43:59","guid":{"rendered":"https:\/\/senabel.com\/?post_type=product&#038;p=39698"},"modified":"2025-03-14T14:30:09","modified_gmt":"2025-03-14T14:30:09","slug":"lyxig-stor-koranlada-i-tra","status":"publish","type":"product","link":"https:\/\/senabel.com\/sv\/product\/%d8%b5%d9%86%d8%af%d9%88%d9%82-%d9%85%d8%b5%d8%ad%d9%81-%d8%ae%d8%b4%d8%a8%d9%8a-%d9%81%d8%a7%d8%ae%d8%b1-%d8%a8%d8%ad%d8%ac%d9%85-%d9%83%d8%a8%d9%8a%d8%b1\/","title":{"rendered":"Lyxig koranl\u00e5da i tr\u00e4 - stor storlek"},"content":{"rendered":"<p>Med sin eleganta design och sina raffinerade detaljer \u00e4r koranl\u00e5dan i tr\u00e4 ett m\u00e4sterverk som kombinerar precision och lyx och ger en k\u00e4nsla av originalitet och sofistikering till alla utrymmen, oavsett om det \u00e4r en majlis eller ett vardagsrum. Tack vare sin stora storlek sticker l\u00e5dan ut som en i\u00f6gonfallande mittpunkt<\/p>\n<p>Med sina intrikata detaljer och h\u00f6ga kvalitet \u00e4r den ett perfekt val f\u00f6r dem med kr\u00e4sen smak. L\u00e5dan \u00e4r tillverkad av det finaste tr\u00e4et f\u00f6r l\u00e5ngvarig styrka och h\u00e5llbarhet och \u00e4r utsmyckad med handgjorda m\u00e4ssingsinl\u00e4ggningar som ger ytan en dekorativ touch. Insidan \u00e4r fodrad med sammet<\/p>\n<p>F\u00f6r att skydda Koranen \u00e4r den inre panelen pr\u00e4glad med Koranens vers, vilket g\u00f6r den till mer \u00e4n bara en l\u00e5da - det \u00e4r ett f\u00f6rem\u00e5l som ber\u00f6r b\u00e5de hj\u00e4rta och sj\u00e4l. Den \u00f6verdimensionerade boxen \u00e4r ett unikt val som en lyxig g\u00e5va f\u00f6r speciella tillf\u00e4llen och \u00e4r den perfekta presenten<\/p>\n<p>F\u00f6r dem som v\u00e4rdes\u00e4tter det estetiska och moraliska v\u00e4rdet av saker, en souvenir som kombinerar islamisk karakt\u00e4r och originalitet. Skaffa din lyxiga Koranl\u00e5da nu fr\u00e5n v\u00e5r webbplats och njut av en bit som betonar storheten i det islamiska arvet och l\u00e4gger till en touch av lyx i ditt hem<\/p>","protected":false},"excerpt":{"rendered":"<p>Denna lyxiga koranl\u00e5da i tr\u00e4 har noggrant utformats f\u00f6r att vara perfekt f\u00f6r daglig anv\u00e4ndning med en estetiskt tilltalande touch som ger en k\u00e4nsla av lyx i alla milj\u00f6er.<\/p>\n<p><strong>L\u00e5dans m\u00e5tt: <\/strong>30*22*7<\/p>","protected":false},"featured_media":39814,"template":"","meta":[],"product_brand":[],"product_cat":[348,305,227,303],"product_tag":[],"class_list":{"0":"post-39698","1":"product","2":"type-product","3":"status-publish","4":"has-post-thumbnail","6":"product_cat-348","7":"product_cat-305","8":"product_cat-227","9":"product_cat-303","11":"first","12":"outofstock","13":"sale","14":"taxable","15":"shipping-taxable","16":"purchasable","17":"product-type-simple"},"_links":{"self":[{"href":"https:\/\/senabel.com\/sv\/wp-json\/wp\/v2\/product\/39698","targetHints":{"allow":["GET"]}}],"collection":[{"href":"https:\/\/senabel.com\/sv\/wp-json\/wp\/v2\/product"}],"about":[{"href":"https:\/\/senabel.com\/sv\/wp-json\/wp\/v2\/types\/product"}],"version-history":[{"count":1,"href":"https:\/\/senabel.com\/sv\/wp-json\/wp\/v2\/product\/39698\/revisions"}],"predecessor-version":[{"id":39815,"href":"https:\/\/senabel.com\/sv\/wp-json\/wp\/v2\/product\/39698\/revisions\/39815"}],"wp:featuredmedia":[{"embeddable":true,"href":"https:\/\/senabel.com\/sv\/wp-json\/wp\/v2\/media\/39814"}],"wp:attachment":[{"href":"https:\/\/senabel.com\/sv\/wp-json\/wp\/v2\/media?parent=39698"}],"wp:term":[{"taxonomy":"product_brand","embeddable":true,"href":"https:\/\/senabel.com\/sv\/wp-json\/wp\/v2\/product_brand?post=39698"},{"taxonomy":"product_cat","embeddable":true,"href":"https:\/\/senabel.com\/sv\/wp-json\/wp\/v2\/product_cat?post=39698"},{"taxonomy":"product_tag","embeddable":true,"href":"https:\/\/senabel.com\/sv\/wp-json\/wp\/v2\/product_tag?post=39698"}],"curies":[{"name":"wp","href":"https:\/\/api.w.org\/{rel}","templated":true}]}}