{"id":39686,"date":"2024-11-20T19:43:34","date_gmt":"2024-11-20T19:43:34","guid":{"rendered":"https:\/\/senabel.com\/?post_type=product&#038;p=39686"},"modified":"2025-09-26T08:38:12","modified_gmt":"2025-09-26T08:38:12","slug":"halabi-pistaschkram-1000-g","status":"publish","type":"product","link":"https:\/\/senabel.com\/sv\/product\/%d9%83%d8%b1%d9%8a%d9%85%d8%a9-%d8%a7%d9%84%d9%81%d8%b3%d8%aa%d9%82-%d8%a7%d9%84%d8%ad%d9%84%d8%a8%d9%8a-1000%d8%ba\/","title":{"rendered":"Pistaschgr\u00e4dde - 1000g"},"content":{"rendered":"<p>M\u00f6t Snapples Pistachio Cream, gjord av 45% naturliga pistaschmandlar med en rik blandning av socker, mj\u00f6lkpulver och extra jungfruolivolja. Denna l\u00e4ckra kr\u00e4m kombinerar h\u00f6gkvalitativa naturliga ingredienser som icke-hydrerade vegetabiliska fetter och kakaosm\u00f6r, och inneh\u00e5ller distinkta naturliga smaker.<\/p>\n<p>Pistagekr\u00e4m \u00e4r gluten- och palmoljefri, vilket g\u00f6r den till ett h\u00e4lsosamt och gott alternativ f\u00f6r alla pistage\u00e4lskare. Du kan anv\u00e4nda den i desserter eller som en perfekt topping p\u00e5 rostat br\u00f6d och bakverk.<\/p>\n<p><strong>Produktinformation:<\/strong><\/p>\n<ul>\n<li>Storlek: 1000g<\/li>\n<li>Ingredienser: Pistasch 45%, socker, mj\u00f6lkpulver, vasslepulver, extra jungfruolivolja, icke-hydrerade vegetabiliska fetter (solrosolja, kakaosm\u00f6r), emulgeringsmedel (sojalecitin), naturliga aromer.<\/li>\n<li>F\u00f6rvara p\u00e5 en sval och torr plats. <span style=\"color: #ff0000;\">Konsumeras inom 30 dagar efter \u00f6ppnandet<\/span>.<\/li>\n<li>Den kan inneh\u00e5lla andra n\u00f6tter som mandel, hasseln\u00f6tter, valn\u00f6tter och cashewn\u00f6tter.<\/li>\n<\/ul>\n<p><strong>Egenskaper f\u00f6r pistagekr\u00e4m:<\/strong><\/p>\n<ul>\n<li>Rik p\u00e5 naturlig pistaschsmak.<\/li>\n<li>Fri fr\u00e5n palmolja och gluten.<\/li>\n<li>M\u00e5ngsidig: Perfekt f\u00f6r desserter eller sm\u00f6rg\u00e5sar.<\/li>\n<\/ul>\n<p><strong>F\u00f6rvaringsanvisningar:<\/strong><br \/>\nF\u00f6rvara produkten p\u00e5 en sval och torr plats, skyddad fr\u00e5n direkt solljus.<\/p>","protected":false},"excerpt":{"rendered":"<h3>1000 g<\/h3>\n<p>Njut av en lyxig pistagekr\u00e4m gjord p\u00e5 45% naturliga pistagen\u00f6tter, utan palmolja och glutenfri. Perfekt till desserter, toast eller som mellanm\u00e5l.<\/p>","protected":false},"featured_media":39799,"template":"","meta":[],"product_brand":[],"product_cat":[304],"product_tag":[],"class_list":{"0":"post-39686","1":"product","2":"type-product","3":"status-publish","4":"has-post-thumbnail","6":"product_cat-304","8":"first","9":"outofstock","10":"taxable","11":"shipping-taxable","12":"purchasable","13":"product-type-simple"},"_links":{"self":[{"href":"https:\/\/senabel.com\/sv\/wp-json\/wp\/v2\/product\/39686","targetHints":{"allow":["GET"]}}],"collection":[{"href":"https:\/\/senabel.com\/sv\/wp-json\/wp\/v2\/product"}],"about":[{"href":"https:\/\/senabel.com\/sv\/wp-json\/wp\/v2\/types\/product"}],"version-history":[{"count":2,"href":"https:\/\/senabel.com\/sv\/wp-json\/wp\/v2\/product\/39686\/revisions"}],"predecessor-version":[{"id":50609,"href":"https:\/\/senabel.com\/sv\/wp-json\/wp\/v2\/product\/39686\/revisions\/50609"}],"wp:featuredmedia":[{"embeddable":true,"href":"https:\/\/senabel.com\/sv\/wp-json\/wp\/v2\/media\/39799"}],"wp:attachment":[{"href":"https:\/\/senabel.com\/sv\/wp-json\/wp\/v2\/media?parent=39686"}],"wp:term":[{"taxonomy":"product_brand","embeddable":true,"href":"https:\/\/senabel.com\/sv\/wp-json\/wp\/v2\/product_brand?post=39686"},{"taxonomy":"product_cat","embeddable":true,"href":"https:\/\/senabel.com\/sv\/wp-json\/wp\/v2\/product_cat?post=39686"},{"taxonomy":"product_tag","embeddable":true,"href":"https:\/\/senabel.com\/sv\/wp-json\/wp\/v2\/product_tag?post=39686"}],"curies":[{"name":"wp","href":"https:\/\/api.w.org\/{rel}","templated":true}]}}