{"id":39685,"date":"2024-11-20T19:43:34","date_gmt":"2024-11-20T19:43:34","guid":{"rendered":"https:\/\/senabel.com\/?post_type=product&#038;p=39685"},"modified":"2025-03-24T14:32:01","modified_gmt":"2025-03-24T14:32:01","slug":"kulturarvsklocka-i-tra","status":"publish","type":"product","link":"https:\/\/senabel.com\/sv\/product\/%d8%b3%d8%a7%d8%b9%d8%a9-%d8%aa%d8%b1%d8%a7%d8%ab%d9%8a%d8%a9-%d8%ae%d8%b4%d8%a8%d9%8a%d8%a9\/","title":{"rendered":"Kulturarvsklocka i tr\u00e4"},"content":{"rendered":"<p>Sk\u00f6nheten i autentiskt hantverk v\u00e4cks till liv med denna traditionella tr\u00e4klocka som inspirerats av traditionella m\u00f6nster.<\/p>\n<p><strong>Noggrant utformad f\u00f6r att ge en unik konstn\u00e4rlig touch till ditt hem eller kontor.<\/strong><\/p>\n<p>Detta f\u00f6rem\u00e5l \u00e4r endast avsett f\u00f6r visning och \u00e4r perfekt f\u00f6r den som \u00e4lskar klassisk arabisk inredning.<\/p>\n<p>De handgjorda blommotiven ger klockan en speciell glamour och g\u00f6r den till ett utm\u00e4rkt val f\u00f6r att dekorera alla utrymmen.<\/p>\n<p>L\u00e4gg till en touch av arabisk autenticitet i ditt hem.<\/p>","protected":false},"excerpt":{"rendered":"<p>Sk\u00f6nheten i autentiskt hantverk v\u00e4cks till liv med denna traditionella tr\u00e4klocka som inspirerats av traditionella m\u00f6nster.<\/p>","protected":false},"featured_media":39792,"template":"","meta":[],"product_brand":[],"product_cat":[303],"product_tag":[],"class_list":{"0":"post-39685","1":"product","2":"type-product","3":"status-publish","4":"has-post-thumbnail","6":"product_cat-303","8":"first","9":"outofstock","10":"taxable","11":"shipping-taxable","12":"purchasable","13":"product-type-simple"},"_links":{"self":[{"href":"https:\/\/senabel.com\/sv\/wp-json\/wp\/v2\/product\/39685","targetHints":{"allow":["GET"]}}],"collection":[{"href":"https:\/\/senabel.com\/sv\/wp-json\/wp\/v2\/product"}],"about":[{"href":"https:\/\/senabel.com\/sv\/wp-json\/wp\/v2\/types\/product"}],"version-history":[{"count":1,"href":"https:\/\/senabel.com\/sv\/wp-json\/wp\/v2\/product\/39685\/revisions"}],"predecessor-version":[{"id":39793,"href":"https:\/\/senabel.com\/sv\/wp-json\/wp\/v2\/product\/39685\/revisions\/39793"}],"wp:featuredmedia":[{"embeddable":true,"href":"https:\/\/senabel.com\/sv\/wp-json\/wp\/v2\/media\/39792"}],"wp:attachment":[{"href":"https:\/\/senabel.com\/sv\/wp-json\/wp\/v2\/media?parent=39685"}],"wp:term":[{"taxonomy":"product_brand","embeddable":true,"href":"https:\/\/senabel.com\/sv\/wp-json\/wp\/v2\/product_brand?post=39685"},{"taxonomy":"product_cat","embeddable":true,"href":"https:\/\/senabel.com\/sv\/wp-json\/wp\/v2\/product_cat?post=39685"},{"taxonomy":"product_tag","embeddable":true,"href":"https:\/\/senabel.com\/sv\/wp-json\/wp\/v2\/product_tag?post=39685"}],"curies":[{"name":"wp","href":"https:\/\/api.w.org\/{rel}","templated":true}]}}