{"id":39642,"date":"2024-11-20T19:42:03","date_gmt":"2024-11-20T19:42:03","guid":{"rendered":"https:\/\/senabel.com\/?post_type=product&#038;p=39642"},"modified":"2025-12-21T17:21:43","modified_gmt":"2025-12-21T17:21:43","slug":"miniatyr-tv-i-tra-med-autentisk-arabisk-design","status":"publish","type":"product","link":"https:\/\/senabel.com\/sv\/product\/%d8%aa%d9%84%d9%81%d8%b2%d9%8a%d9%88%d9%86-%d8%ae%d8%b4%d8%a8%d9%8a-%d9%85%d8%b5%d8%ba%d8%b1-%d8%a8%d8%aa%d8%b5%d9%85%d9%8a%d9%85-%d8%b9%d8%b1%d8%a8%d9%8a-%d8%a3%d8%b5%d9%8a%d9%84\/","title":{"rendered":"Miniatyr-TV i tr\u00e4 med autentisk arabisk design"},"content":{"rendered":"<p>\u00c5terupplev det f\u00f6rflutna med v\u00e5r karakt\u00e4ristiska miniatyr-TV i tr\u00e4.<\/p>\n<p><strong>Denna handgjorda TV \u00e4r tillverkad av tr\u00e4 av h\u00f6gsta kvalitet.<\/strong><\/p>\n<p>Det k\u00e4nnetecknas av sin autentiska arabiska design som \u00e5terspeglar sk\u00f6nheten i kulturarvet.<\/p>\n<p>Oavsett om du vill anv\u00e4nda den som en tavelram eller som ett dekorativt f\u00f6rem\u00e5l.<\/p>\n<p>Den h\u00e4r TV:n \u00e4r det perfekta valet.<\/p>\n<p>Dess eleganta design och invecklade detaljer g\u00f6r den till ett fantastiskt konstverk och ett bra komplement till alla rum<\/p>\n<p>Du kan best\u00e4lla denna miniatyr-TV nu via hemsidan.<\/p>","protected":false},"excerpt":{"rendered":"<p>\u00c5terupplev det f\u00f6rflutna med v\u00e5r karakt\u00e4ristiska miniatyr-TV i tr\u00e4.<\/p>","protected":false},"featured_media":39758,"template":"","meta":[],"product_brand":[],"product_cat":[303],"product_tag":[],"class_list":{"0":"post-39642","1":"product","2":"type-product","3":"status-publish","4":"has-post-thumbnail","6":"product_cat-303","8":"first","9":"outofstock","10":"taxable","11":"shipping-taxable","12":"purchasable","13":"product-type-simple"},"_links":{"self":[{"href":"https:\/\/senabel.com\/sv\/wp-json\/wp\/v2\/product\/39642","targetHints":{"allow":["GET"]}}],"collection":[{"href":"https:\/\/senabel.com\/sv\/wp-json\/wp\/v2\/product"}],"about":[{"href":"https:\/\/senabel.com\/sv\/wp-json\/wp\/v2\/types\/product"}],"version-history":[{"count":1,"href":"https:\/\/senabel.com\/sv\/wp-json\/wp\/v2\/product\/39642\/revisions"}],"predecessor-version":[{"id":39759,"href":"https:\/\/senabel.com\/sv\/wp-json\/wp\/v2\/product\/39642\/revisions\/39759"}],"wp:featuredmedia":[{"embeddable":true,"href":"https:\/\/senabel.com\/sv\/wp-json\/wp\/v2\/media\/39758"}],"wp:attachment":[{"href":"https:\/\/senabel.com\/sv\/wp-json\/wp\/v2\/media?parent=39642"}],"wp:term":[{"taxonomy":"product_brand","embeddable":true,"href":"https:\/\/senabel.com\/sv\/wp-json\/wp\/v2\/product_brand?post=39642"},{"taxonomy":"product_cat","embeddable":true,"href":"https:\/\/senabel.com\/sv\/wp-json\/wp\/v2\/product_cat?post=39642"},{"taxonomy":"product_tag","embeddable":true,"href":"https:\/\/senabel.com\/sv\/wp-json\/wp\/v2\/product_tag?post=39642"}],"curies":[{"name":"wp","href":"https:\/\/api.w.org\/{rel}","templated":true}]}}