{"id":39641,"date":"2024-11-20T19:42:03","date_gmt":"2024-11-20T19:42:03","guid":{"rendered":"https:\/\/senabel.com\/?post_type=product&#038;p=39641"},"modified":"2025-12-21T17:21:32","modified_gmt":"2025-12-21T17:21:32","slug":"miniatyrradio-i-tra-med-klassisk-design","status":"publish","type":"product","link":"https:\/\/senabel.com\/sv\/product\/%d8%b1%d8%a7%d8%af%d9%8a%d9%88-%d8%ae%d8%b4%d8%a8%d9%8a-%d9%85%d8%b5%d8%ba%d8%b1-%d8%a8%d8%aa%d8%b5%d9%85%d9%8a%d9%85-%d9%83%d9%84%d8%a7%d8%b3%d9%8a%d9%83%d9%8a\/","title":{"rendered":"Miniatyrradio i tr\u00e4 med klassisk design"},"content":{"rendered":"<p>G\u00f6r ditt hem mer autentiskt med denna unika miniatyrradio i tr\u00e4.<\/p>\n<p><strong> Denna handgjorda radio tar dig tillbaka i tiden med sin klassiska design och sina varma f\u00e4rger.<\/strong><\/p>\n<p>Oavsett om du vill anv\u00e4nda den som ett dekorativt f\u00f6rem\u00e5l eller som en ram f\u00f6r ett speciellt foto.<\/p>\n<p>Denna radio kommer att vara ett utm\u00e4rkt komplement till alla rum.<\/p>\n<p>Den innovativa designen g\u00f6r den till ett konstverk som kombinerar originalitet och sk\u00f6nhet.<\/p>\n<p>Skaffa den nu via v\u00e5r webbplats!<\/p>","protected":false},"excerpt":{"rendered":"<p>G\u00f6r ditt hem mer autentiskt med denna unika miniatyrradio i tr\u00e4.<\/p>","protected":false},"featured_media":39756,"template":"","meta":[],"product_brand":[],"product_cat":[303],"product_tag":[],"class_list":{"0":"post-39641","1":"product","2":"type-product","3":"status-publish","4":"has-post-thumbnail","6":"product_cat-303","8":"first","9":"outofstock","10":"taxable","11":"shipping-taxable","12":"purchasable","13":"product-type-simple"},"_links":{"self":[{"href":"https:\/\/senabel.com\/sv\/wp-json\/wp\/v2\/product\/39641","targetHints":{"allow":["GET"]}}],"collection":[{"href":"https:\/\/senabel.com\/sv\/wp-json\/wp\/v2\/product"}],"about":[{"href":"https:\/\/senabel.com\/sv\/wp-json\/wp\/v2\/types\/product"}],"version-history":[{"count":1,"href":"https:\/\/senabel.com\/sv\/wp-json\/wp\/v2\/product\/39641\/revisions"}],"predecessor-version":[{"id":39757,"href":"https:\/\/senabel.com\/sv\/wp-json\/wp\/v2\/product\/39641\/revisions\/39757"}],"wp:featuredmedia":[{"embeddable":true,"href":"https:\/\/senabel.com\/sv\/wp-json\/wp\/v2\/media\/39756"}],"wp:attachment":[{"href":"https:\/\/senabel.com\/sv\/wp-json\/wp\/v2\/media?parent=39641"}],"wp:term":[{"taxonomy":"product_brand","embeddable":true,"href":"https:\/\/senabel.com\/sv\/wp-json\/wp\/v2\/product_brand?post=39641"},{"taxonomy":"product_cat","embeddable":true,"href":"https:\/\/senabel.com\/sv\/wp-json\/wp\/v2\/product_cat?post=39641"},{"taxonomy":"product_tag","embeddable":true,"href":"https:\/\/senabel.com\/sv\/wp-json\/wp\/v2\/product_tag?post=39641"}],"curies":[{"name":"wp","href":"https:\/\/api.w.org\/{rel}","templated":true}]}}