{"id":39632,"date":"2024-11-20T19:41:38","date_gmt":"2024-11-20T19:41:38","guid":{"rendered":"https:\/\/senabel.com\/?post_type=product&#038;p=39632"},"modified":"2025-12-21T17:21:51","modified_gmt":"2025-12-21T17:21:51","slug":"miniatyrskap-i-tra-med-klassisk-design-och-tra","status":"publish","type":"product","link":"https:\/\/senabel.com\/sv\/product\/%d8%ae%d8%b2%d8%a7%d9%86%d8%a9-%d8%ae%d8%b4%d8%a8%d9%8a%d8%a9-%d9%85%d8%b5%d8%ba%d8%b1%d8%a9-%d8%a8%d8%aa%d8%b5%d9%85%d9%8a%d9%85-%d9%83%d9%84%d8%a7%d8%b3%d9%8a%d9%83%d9%8a-%d9%88%d8%aa%d8%b1%d8%a7\/","title":{"rendered":"Miniatyrsk\u00e5p i tr\u00e4 med klassisk och traditionell design"},"content":{"rendered":"<p>Ge ditt hem en touch av klassisk elegans med detta unika miniatyrsk\u00e5p i tr\u00e4.<\/p>\n<p><strong> Det h\u00e4r handgjorda sk\u00e5pet \u00e4r tillverkat av tr\u00e4 av h\u00f6gsta kvalitet.<\/strong><\/p>\n<p>Den k\u00e4nnetecknas av sin klassiska design och glasd\u00f6rrar som framh\u00e4ver inneh\u00e5llet.<\/p>\n<p>Oavsett om du vill visa upp dina dyrbara smycken eller v\u00e4rdefulla minnessaker.<\/p>\n<p>Det h\u00e4r sk\u00e5pet \u00e4r det perfekta valet.<\/p>\n<p>Den eleganta designen och de invecklade detaljerna g\u00f6r den till ett fantastiskt konstverk och ett bra komplement till alla rum.<\/p>\n<p>Du kan best\u00e4lla den nu via hemsidan.<\/p>","protected":false},"excerpt":{"rendered":"<p>Ge ditt hem en touch av klassisk elegans med detta unika miniatyrsk\u00e5p i tr\u00e4.<\/p>","protected":false},"featured_media":39754,"template":"","meta":[],"product_brand":[],"product_cat":[303],"product_tag":[],"class_list":{"0":"post-39632","1":"product","2":"type-product","3":"status-publish","4":"has-post-thumbnail","6":"product_cat-303","8":"first","9":"outofstock","10":"taxable","11":"shipping-taxable","12":"purchasable","13":"product-type-simple"},"_links":{"self":[{"href":"https:\/\/senabel.com\/sv\/wp-json\/wp\/v2\/product\/39632","targetHints":{"allow":["GET"]}}],"collection":[{"href":"https:\/\/senabel.com\/sv\/wp-json\/wp\/v2\/product"}],"about":[{"href":"https:\/\/senabel.com\/sv\/wp-json\/wp\/v2\/types\/product"}],"version-history":[{"count":1,"href":"https:\/\/senabel.com\/sv\/wp-json\/wp\/v2\/product\/39632\/revisions"}],"predecessor-version":[{"id":39755,"href":"https:\/\/senabel.com\/sv\/wp-json\/wp\/v2\/product\/39632\/revisions\/39755"}],"wp:featuredmedia":[{"embeddable":true,"href":"https:\/\/senabel.com\/sv\/wp-json\/wp\/v2\/media\/39754"}],"wp:attachment":[{"href":"https:\/\/senabel.com\/sv\/wp-json\/wp\/v2\/media?parent=39632"}],"wp:term":[{"taxonomy":"product_brand","embeddable":true,"href":"https:\/\/senabel.com\/sv\/wp-json\/wp\/v2\/product_brand?post=39632"},{"taxonomy":"product_cat","embeddable":true,"href":"https:\/\/senabel.com\/sv\/wp-json\/wp\/v2\/product_cat?post=39632"},{"taxonomy":"product_tag","embeddable":true,"href":"https:\/\/senabel.com\/sv\/wp-json\/wp\/v2\/product_tag?post=39632"}],"curies":[{"name":"wp","href":"https:\/\/api.w.org\/{rel}","templated":true}]}}