{"id":39601,"date":"2024-11-20T19:40:25","date_gmt":"2024-11-20T19:40:25","guid":{"rendered":"https:\/\/senabel.com\/?post_type=product&#038;p=39601"},"modified":"2025-01-21T16:38:28","modified_gmt":"2025-01-21T16:38:28","slug":"nougat-och-comfort-lyxutgava-600-g","status":"publish","type":"product","link":"https:\/\/senabel.com\/sv\/product\/%d9%86%d9%88%d8%ac%d8%a7-%d9%88%d8%b1%d8%a7%d8%ad%d8%a9-%d9%85%d8%b4%d9%83%d9%84%d8%a9-%d9%81%d8%a7%d8%ae%d8%b1%d8%a9-600-%d8%ba\/","title":{"rendered":"Nougat och Comfort Lyxutg\u00e5va 600 g"},"content":{"rendered":"<p>Uppt\u00e4ck en unik kombination av traditionella s\u00f6tsaker med nougat och lyxig komfort. Detta sortiment inneh\u00e5ller fyllig nougat med lyxiga n\u00f6tter och en m\u00e4ngd olika smaker.<br \/>\nUpplev den kr\u00e4miga konsistensen hos Nougat och den mjuka och sega k\u00e4nslan i halsgommen, som erbjuder en perfekt harmoni av h\u00f6gkvalitativa ingredienser.<\/p>\n<h3>Produktinformation:<\/h3>\n<p><strong>Vikt:<\/strong> 600 g netto<br \/>\n<strong>F\u00f6rpackning:<\/strong> En elegant och vacker l\u00e5da, perfekt som present till v\u00e4nner och familj vid speciella tillf\u00e4llen och h\u00f6gtider.<\/p>\n<h3>Nougat-egenskaper och lyxig komfort:<\/h3>\n<ul>\n<li><strong>Naturliga ingredienser 100%:<\/strong> Garanterar \u00e4kta kvalitet och smak utan konstgjorda tillsatser.<\/li>\n<li><strong>Luxury Nuts Collection:<\/strong> Den inneh\u00e5ller mandel, pistagen\u00f6tter och hasseln\u00f6tter, vilket ger en k\u00e4nsla av lyx och elegans.<\/li>\n<li><strong>Smaker i gommen:<\/strong> De inneh\u00e5ller bland annat ros, pistage och valn\u00f6t och erbjuder en rik och smakrik variation.<\/li>\n<li><strong>Fri fr\u00e5n artificiella f\u00e4rg\u00e4mnen och konserveringsmedel:<\/strong> Njut av en ren och h\u00e4lsosam smakupplevelse.<\/li>\n<li><strong>En perfekt present:<\/strong> Perfekt att ge bort som g\u00e5va vid speciella tillf\u00e4llen eller att njuta av i dina egna speciella stunder.<\/li>\n<\/ul>\n<p>Desserter kan \u00e4tas som en godbit efter lunchen eller serveras till g\u00e4ster vid speciella tillf\u00e4llen, och kan ocks\u00e5 l\u00e4ggas till i den festliga dessertmenyn f\u00f6r att ge en unik touch.<\/p>\n<h3>F\u00f6rvaringsanvisningar:<\/h3>\n<p>F\u00f6rvaras vid en temperatur under 18\u00b0C och skyddas fr\u00e5n solljus f\u00f6r att bevara kvaliteten.<br \/>\nButiken \u00e4r inte ansvarig f\u00f6r kundens d\u00e5liga f\u00f6rvaring.<\/p>\n<h3>Ytterligare information<\/h3>\n<p>Produkterna \u00e4r fria fr\u00e5n konserveringsmedel, ister, mejeriprodukter och GMO.<br \/>\n<span style=\"color: #ff0000;\"><strong>Tillverkad i Turkiet<\/strong><\/span><br \/>\nHandgjorda f\u00f6r hand f\u00f6r att s\u00e4kerst\u00e4lla kvaliteten.<\/p>\n<p>&nbsp;<\/p>\n<p>Noga and Raha Luxury erbjuder en unik upplevelse av orientaliska desserter som kombinerar lyx och \u00e4kthet, vilket g\u00f6r varje provsmaknings\u00f6gonblick till ett of\u00f6rgl\u00f6mligt minne.<br \/>\nFinns att best\u00e4lla fr\u00e5n Sanabels onlinebutik<br \/>\nBoka din best\u00e4llning nu och unna dig sj\u00e4lv och dina n\u00e4ra och k\u00e4ra en stund av lyx i varje tugga.<\/p>","protected":false},"excerpt":{"rendered":"<p><strong>600 g<\/strong><\/p>\n<p><strong>Noga och lyxig komfort<\/strong><\/p>\n<p>&nbsp;<\/p>\n<p>&nbsp;<\/p>","protected":false},"featured_media":39714,"template":"","meta":[],"product_brand":[],"product_cat":[299,227],"product_tag":[300,301,302],"class_list":{"0":"post-39601","1":"product","2":"type-product","3":"status-publish","4":"has-post-thumbnail","6":"product_cat-299","7":"product_cat-227","8":"product_tag-300","9":"product_tag-301","10":"product_tag-302","12":"first","13":"outofstock","14":"sale","15":"taxable","16":"shipping-taxable","17":"purchasable","18":"product-type-simple"},"_links":{"self":[{"href":"https:\/\/senabel.com\/sv\/wp-json\/wp\/v2\/product\/39601","targetHints":{"allow":["GET"]}}],"collection":[{"href":"https:\/\/senabel.com\/sv\/wp-json\/wp\/v2\/product"}],"about":[{"href":"https:\/\/senabel.com\/sv\/wp-json\/wp\/v2\/types\/product"}],"version-history":[{"count":1,"href":"https:\/\/senabel.com\/sv\/wp-json\/wp\/v2\/product\/39601\/revisions"}],"predecessor-version":[{"id":39715,"href":"https:\/\/senabel.com\/sv\/wp-json\/wp\/v2\/product\/39601\/revisions\/39715"}],"wp:featuredmedia":[{"embeddable":true,"href":"https:\/\/senabel.com\/sv\/wp-json\/wp\/v2\/media\/39714"}],"wp:attachment":[{"href":"https:\/\/senabel.com\/sv\/wp-json\/wp\/v2\/media?parent=39601"}],"wp:term":[{"taxonomy":"product_brand","embeddable":true,"href":"https:\/\/senabel.com\/sv\/wp-json\/wp\/v2\/product_brand?post=39601"},{"taxonomy":"product_cat","embeddable":true,"href":"https:\/\/senabel.com\/sv\/wp-json\/wp\/v2\/product_cat?post=39601"},{"taxonomy":"product_tag","embeddable":true,"href":"https:\/\/senabel.com\/sv\/wp-json\/wp\/v2\/product_tag?post=39601"}],"curies":[{"name":"wp","href":"https:\/\/api.w.org\/{rel}","templated":true}]}}