{"id":39566,"date":"2024-11-20T19:39:05","date_gmt":"2024-11-20T19:39:05","guid":{"rendered":"https:\/\/senabel.com\/?post_type=product&#038;p=39566"},"modified":"2026-05-13T12:18:41","modified_gmt":"2026-05-13T12:18:41","slug":"extra-pistachio-baklava-extra-1000g","status":"publish","type":"product","link":"https:\/\/senabel.com\/sv\/product\/%d8%a8%d9%82%d9%84%d8%a7%d9%88%d8%a9-%d9%85%d8%b4%d9%83%d9%84-%d9%85%d9%84%d9%83%d9%8a-%d8%a8%d8%a7%d9%84%d9%81%d8%b3%d8%aa%d9%82-%d8%a7%d9%83%d8%b3%d8%aa%d8%b1%d8%a7-1000%d8%ba\/","title":{"rendered":"Extra Pistachio Baklava Extra 1000g"},"content":{"rendered":"<p>Njut av en lyxig upplevelse med v\u00e5r Extraordinary Pistachio Baklava, d\u00e4r smakerna f\u00f6renas f\u00f6r att \u00e5terspegla sk\u00f6nheten och prakten i det arabiska arvet.<br \/>\nDenna produkt best\u00e5r av delikata lager av kunafadeg och flingor, f\u00f6rst\u00e4rkta av en rik fyllning av hackade pistagen\u00f6tter, allt gjort med h\u00f6gkvalitativa ingredienser och s\u00f6tat med en uppm\u00e4tt m\u00e4ngd socker f\u00f6r att uppn\u00e5 en perfekt smakbalans.<\/p>\n<h3>Produktinformation:<\/h3>\n<p><strong>Vikt:<\/strong> 1000g n\u00e4t<br \/>\n<strong>F\u00f6rpackning:<\/strong> En elegant och vacker l\u00e5da, perfekt som present till v\u00e4nner och familj vid speciella tillf\u00e4llen och h\u00f6gtider.<br \/>\n<strong>Ingredienser:<\/strong> Vetemj\u00f6l, margarin, socker, pistagen\u00f6tter, st\u00e4rkelse, kunafa, mj\u00f6lkpulver.<\/p>\n<h3>L\u00e5dan inneh\u00e5ller:<\/h3>\n<ol>\n<li>Syrisk marmelad fylld med pistagen\u00f6tter och ett l\u00e4tt lager kunafa.<\/li>\n<li>Vita och r\u00f6da kristaller fyllda med pistagen\u00f6tter som \u00e4r fulla av smak.<\/li>\n<li>Smakrik a\u00e7a\u00ed med pistaschmandel.<\/li>\n<li>Pistaschpinnar med autentisk smak.<\/li>\n<li>En uts\u00f6kt och anv\u00e4ndbar kul och shakoor med pistaschsmak.<\/li>\n<li>L\u00e4cker pistasch Bulbuls bo.<\/li>\n<\/ol>\n<h3>Pistasch Baklava Funktioner:<\/h3>\n<ul>\n<li><strong>Autentisk och distinkt smak:<\/strong> Reflekterar det rika arvet och kulturen i regionen.<\/li>\n<li><strong>Rik p\u00e5 n\u00e4rings\u00e4mnen:<\/strong> Inneh\u00e5ller pistagen\u00f6tter, som \u00e4r rika p\u00e5 protein och fibrer.<\/li>\n<li><strong>H\u00f6g kvalitet:<\/strong> Framst\u00e4lld med naturliga material och en traditionell metod som garanterar produktens kvalitet.<\/li>\n<li><strong>Perfekt omslagsdesign:<\/strong> Tilltalande och elegant design, l\u00e4mplig f\u00f6r servering vid evenemang och fester.<\/li>\n<\/ul>\n<p>Baklava kan \u00e4tas efter lunch eller serveras till g\u00e4ster vid speciella tillf\u00e4llen, och kan ocks\u00e5 l\u00e4ggas till i den festliga dessertmenyn f\u00f6r en touch av lyx och utm\u00e4rkelse.<\/p>\n<h3>F\u00f6rvaringsanvisningar:<\/h3>\n<p>F\u00f6rvaras vid en temperatur under 18\u00b0C och skyddas fr\u00e5n solljus f\u00f6r att bevara kvaliteten.<br \/>\nButiken \u00e4r inte ansvarig f\u00f6r kundens d\u00e5liga f\u00f6rvaring.<\/p>\n<h3>Ytterligare information<\/h3>\n<p>Produkterna \u00e4r fria fr\u00e5n konserveringsmedel, ister, mejeriprodukter och GMO.<br \/>\n<span style=\"color: #ff0000;\"><strong>Tillverkad i Turkiet<\/strong><\/span><br \/>\nHandgjorda f\u00f6r hand f\u00f6r att s\u00e4kerst\u00e4lla kvaliteten.<\/p>\n<p>&nbsp;<\/p>\n<p>Den g\u00e5r att best\u00e4lla fr\u00e5n Sanabels webbutik och ger en of\u00f6rgl\u00f6mlig och oemotst\u00e5ndlig smakupplevelse som \u00e5terspeglar v\u00e5rt rika arv och v\u00e5r orientaliska kultur.<br \/>\nBoka din best\u00e4llning nu och sk\u00e4m bort dig sj\u00e4lv och dina n\u00e4ra och k\u00e4ra med autentiska orientaliska smaker som garanterar o\u00e4ndlig gastronomisk njutning.<\/p>","protected":false},"excerpt":{"rendered":"<p><strong>1000g<\/strong><\/p>\n<p><strong>Baklava-desserter - njut av smaken av ett autentiskt arabiskt arv<\/strong><\/p>","protected":false},"featured_media":39521,"template":"","meta":[],"product_brand":[],"product_cat":[233,220],"product_tag":[222,223,269,226,270],"class_list":{"0":"post-39566","1":"product","2":"type-product","3":"status-publish","4":"has-post-thumbnail","6":"product_cat-233","7":"product_cat-220","8":"product_tag-222","9":"product_tag-223","10":"product_tag-269","11":"product_tag-226","12":"product_tag-270","14":"first","15":"instock","16":"taxable","17":"shipping-taxable","18":"purchasable","19":"product-type-simple"},"_links":{"self":[{"href":"https:\/\/senabel.com\/sv\/wp-json\/wp\/v2\/product\/39566","targetHints":{"allow":["GET"]}}],"collection":[{"href":"https:\/\/senabel.com\/sv\/wp-json\/wp\/v2\/product"}],"about":[{"href":"https:\/\/senabel.com\/sv\/wp-json\/wp\/v2\/types\/product"}],"version-history":[{"count":2,"href":"https:\/\/senabel.com\/sv\/wp-json\/wp\/v2\/product\/39566\/revisions"}],"predecessor-version":[{"id":48444,"href":"https:\/\/senabel.com\/sv\/wp-json\/wp\/v2\/product\/39566\/revisions\/48444"}],"wp:featuredmedia":[{"embeddable":true,"href":"https:\/\/senabel.com\/sv\/wp-json\/wp\/v2\/media\/39521"}],"wp:attachment":[{"href":"https:\/\/senabel.com\/sv\/wp-json\/wp\/v2\/media?parent=39566"}],"wp:term":[{"taxonomy":"product_brand","embeddable":true,"href":"https:\/\/senabel.com\/sv\/wp-json\/wp\/v2\/product_brand?post=39566"},{"taxonomy":"product_cat","embeddable":true,"href":"https:\/\/senabel.com\/sv\/wp-json\/wp\/v2\/product_cat?post=39566"},{"taxonomy":"product_tag","embeddable":true,"href":"https:\/\/senabel.com\/sv\/wp-json\/wp\/v2\/product_tag?post=39566"}],"curies":[{"name":"wp","href":"https:\/\/api.w.org\/{rel}","templated":true}]}}