{"id":39564,"date":"2024-11-20T19:39:05","date_gmt":"2024-11-20T19:39:05","guid":{"rendered":"https:\/\/senabel.com\/?post_type=product&#038;p=39564"},"modified":"2025-05-14T09:00:15","modified_gmt":"2025-05-14T09:00:15","slug":"cashew-honung-kristall-500g","status":"publish","type":"product","link":"https:\/\/senabel.com\/sv\/product\/%d8%a8%d9%84%d9%88%d8%b1%d9%8a%d8%a9-%d9%83%d8%a7%d8%ac%d9%88-%d8%a8%d8%a7%d9%84%d8%b9%d8%b3%d9%84-500%d8%ba\/","title":{"rendered":"Cashew Honung Kristall 500g"},"content":{"rendered":"<p>Njut av en rik och unik upplevelse med desserter i honungscashewkristall som \u00e5terspeglar sk\u00f6nheten och prakten i det arabiska arvet.<br \/>\nDenna produkt k\u00e4nnetecknas av sina tunna lager av kunafa och sin rika fyllning av hackade cashewn\u00f6tter, s\u00f6tade med honung f\u00f6r en unik och s\u00e4rpr\u00e4glad smak, allt tillagat med stor omsorg och med \u00e4kta Shamiya-grepp och h\u00e4nder.<\/p>\n<h3>Produktinformation:<\/h3>\n<p><strong>Vikt:<\/strong> 500 g netto<br \/>\n<strong>F\u00f6rpackning:<\/strong> En elegant och vacker l\u00e5da, perfekt som present till v\u00e4nner och familj vid speciella tillf\u00e4llen och h\u00f6gtider.<br \/>\n<strong>Ingredienser:<\/strong> Vetemj\u00f6l, margarin, honung, cashewn\u00f6tter, st\u00e4rkelse, mj\u00f6lkpulver.<\/p>\n<h3>Honung cashew kristall egenskaper:<\/h3>\n<ul>\n<li><strong>Autentisk och distinkt smak:<\/strong> Reflekterar det rika arvet och kulturen i regionen.<\/li>\n<li><strong>Rik p\u00e5 n\u00e4rings\u00e4mnen:<\/strong> Naturliga cashewn\u00f6tter i desserter \u00e4r rika p\u00e5 n\u00e4rings\u00e4mnen, proteiner och fibrer, vilket g\u00f6r dem till ett h\u00e4lsosamt val.<\/li>\n<li><strong>H\u00f6g kvalitet:<\/strong> Framst\u00e4lld med naturliga material och en traditionell metod som garanterar produktens kvalitet.<\/li>\n<li><strong>Perfekt omslagsdesign:<\/strong> Tilltalande och elegant design, l\u00e4mplig f\u00f6r servering vid evenemang och fester.<\/li>\n<\/ul>\n<p>Honey Cashew Crystals kan \u00e4tas n\u00e4r som helst p\u00e5 dagen, antingen som en l\u00e4tt efterr\u00e4tt efter lunch eller p\u00e5 kv\u00e4llen med te eller kaffe.<\/p>\n<h3>F\u00f6rvaringsanvisningar:<\/h3>\n<p>F\u00f6rvaras vid en temperatur under 18\u00b0C och skyddas fr\u00e5n solljus f\u00f6r att bevara kvaliteten.<br \/>\nButiken \u00e4r inte ansvarig f\u00f6r kundens d\u00e5liga f\u00f6rvaring.<\/p>\n<h3>Ytterligare information<\/h3>\n<p>Produkterna \u00e4r fria fr\u00e5n konserveringsmedel, ister, mejeriprodukter och GMO.<br \/>\n<span style=\"color: #ff0000;\"><strong>Tillverkad i Turkiet<\/strong><\/span><br \/>\nHandgjorda f\u00f6r hand f\u00f6r att s\u00e4kerst\u00e4lla kvaliteten.<\/p>\n<p>&nbsp;<\/p>\n<p>Den g\u00e5r att best\u00e4lla fr\u00e5n Sanabels webbutik och ger en of\u00f6rgl\u00f6mlig och oemotst\u00e5ndlig smakupplevelse som \u00e5terspeglar v\u00e5rt rika arv och v\u00e5r orientaliska kultur.<br \/>\nBoka din best\u00e4llning nu och sk\u00e4m bort dig sj\u00e4lv och dina n\u00e4ra och k\u00e4ra med autentiska orientaliska smaker som garanterar o\u00e4ndlig gastronomisk njutning.<\/p>","protected":false},"excerpt":{"rendered":"<h2>500g<\/h2>\n<p><strong>Tillverkad med de b\u00e4sta ingredienserna av h\u00f6gsta kvalitet - njut av smaken av det autentiska arabiska arvet<\/strong><\/p>","protected":false},"featured_media":39675,"template":"","meta":[],"product_brand":[],"product_cat":[233,220],"product_tag":[222,223,278,279,280,226],"class_list":{"0":"post-39564","1":"product","2":"type-product","3":"status-publish","4":"has-post-thumbnail","6":"product_cat-233","7":"product_cat-220","8":"product_tag-222","9":"product_tag-223","10":"product_tag-278","11":"product_tag-279","12":"product_tag-280","13":"product_tag-226","15":"first","16":"outofstock","17":"taxable","18":"shipping-taxable","19":"purchasable","20":"product-type-simple"},"_links":{"self":[{"href":"https:\/\/senabel.com\/sv\/wp-json\/wp\/v2\/product\/39564","targetHints":{"allow":["GET"]}}],"collection":[{"href":"https:\/\/senabel.com\/sv\/wp-json\/wp\/v2\/product"}],"about":[{"href":"https:\/\/senabel.com\/sv\/wp-json\/wp\/v2\/types\/product"}],"version-history":[{"count":1,"href":"https:\/\/senabel.com\/sv\/wp-json\/wp\/v2\/product\/39564\/revisions"}],"predecessor-version":[{"id":39676,"href":"https:\/\/senabel.com\/sv\/wp-json\/wp\/v2\/product\/39564\/revisions\/39676"}],"wp:featuredmedia":[{"embeddable":true,"href":"https:\/\/senabel.com\/sv\/wp-json\/wp\/v2\/media\/39675"}],"wp:attachment":[{"href":"https:\/\/senabel.com\/sv\/wp-json\/wp\/v2\/media?parent=39564"}],"wp:term":[{"taxonomy":"product_brand","embeddable":true,"href":"https:\/\/senabel.com\/sv\/wp-json\/wp\/v2\/product_brand?post=39564"},{"taxonomy":"product_cat","embeddable":true,"href":"https:\/\/senabel.com\/sv\/wp-json\/wp\/v2\/product_cat?post=39564"},{"taxonomy":"product_tag","embeddable":true,"href":"https:\/\/senabel.com\/sv\/wp-json\/wp\/v2\/product_tag?post=39564"}],"curies":[{"name":"wp","href":"https:\/\/api.w.org\/{rel}","templated":true}]}}