{"id":39540,"date":"2024-11-20T19:38:18","date_gmt":"2024-11-20T19:38:18","guid":{"rendered":"https:\/\/senabel.com\/?post_type=product&#038;p=39540"},"modified":"2025-10-23T15:20:26","modified_gmt":"2025-10-23T15:20:26","slug":"tarnad-frukt-frys","status":"publish","type":"product","link":"https:\/\/senabel.com\/sv\/product\/%d9%85%d9%83%d8%b9%d8%a8%d8%a7%d8%aa-%d8%a7%d9%84%d9%81%d9%88%d8%a7%d9%83%d8%a9-%d9%81%d8%b1%d9%8a%d8%b2\/","title":{"rendered":"T\u00e4rnad frukt Frys"},"content":{"rendered":"<div id=\"box-description\" class=\"box-collateral box-description\">\n<p>Njut av de s\u00f6ta upplevelserna i Fruity Fries Cubes desserter, d\u00e4r den uts\u00f6kta smaken av mogna jordgubbar blandas med precis r\u00e4tt m\u00e4ngd perfekt balanserad s\u00f6tma. Varje tugga \u00e4r en resa genom soliga jordgubbsf\u00e4lt och naturlig s\u00f6tma.<\/p>\n<h3>F\u00f6rdelar med att frysa fruktkuber:<\/h3>\n<ul>\n<li><strong>Den karakteristiska smaken av jordgubbar:<\/strong> Med den livfulla smaken av solmogna jordgubbar ger den en explosion av fruktig njutning i varje kub.<\/li>\n<li><strong>Ren jordgubbskvalitet:<\/strong> Vi v\u00e4ljer noggrant ut de finaste jordgubbarna f\u00f6r dessa desserter, vilket garanterar den \u00e4kta naturliga jordgubbssmaken.<\/li>\n<li><strong>En m\u00e5ngsidig dessert:<\/strong> Strawberry Fruit Cubes Desserts passar f\u00f6r alla tillf\u00e4llen och \u00e4r en tr\u00f6stande och uts\u00f6kt godbit. Oavsett om du \u00e4r ute och reser, beh\u00f6ver en snabb energikick eller helt enkelt vill ha n\u00e5got s\u00f6tt \u00e4r de det perfekta valet.<\/li>\n<li><strong>Perfekt som present:<\/strong> Fruit Freeze-kuberna \u00e4r en perfekt present till v\u00e4nner och familj som \u00e4lskar jordgubbarnas naturliga s\u00f6tma. Dela med dig av den som en s\u00f6t \u00f6verraskning eller en l\u00e4cker present till dina n\u00e4ra och k\u00e4ra.<\/li>\n<\/ul>\n<h3>Presentationsstilar:<\/h3>\n<ul>\n<li>Njut av den som ett frist\u00e5ende mellanm\u00e5l.<\/li>\n<li>Tills\u00e4tt i dina favoritdesserter och glassar f\u00f6r en fruktig smak.<\/li>\n<li>Anv\u00e4nd som en unik garnering i cocktails och mocktails.<\/li>\n<li>Kombinera den med ost och kex f\u00f6r en uts\u00f6kt kombination av s\u00f6tt och salt.<\/li>\n<li>De kan anv\u00e4ndas i bakverk f\u00f6r att ge ett kreativt tillskott till bakverk och t\u00e5rtor.<\/li>\n<\/ul>\n<h3>F\u00f6rvaringsanvisningar:<\/h3>\n<ul>\n<li>De m\u00e5ste f\u00f6rvaras vid temperaturer under (18\u00b0C) och vi ansvarar inte f\u00f6r d\u00e5lig f\u00f6rvaring hos kunden.<\/li>\n<li>Tillverkad i Turkiet.<\/li>\n<\/ul>\n<p>Njut av den uts\u00f6kta smaken av mogna jordgubbar med varje t\u00e4rning Fruity Fries Dessert Cubes. Varje tugga \u00e4r en hyllning till jordgubbarnas naturliga s\u00f6tma och magi.<\/p>\n<p>Unna dig sj\u00e4lv eller dina n\u00e4ra och k\u00e4ra en h\u00e4rlig b\u00e4rsensation. Best\u00e4ll nu f\u00f6r att njuta av den perfekta kombinationen av s\u00f6tma och den \u00e4kta smaken av jordgubbar i varje tugga.<\/p>\n<\/div>","protected":false},"excerpt":{"rendered":"<p>Fruit Freeze-kuber, l\u00e4ckra desserter med en distinkt smak, finns tillg\u00e4ngliga i Sanabels webbutik.<\/p>","protected":false},"featured_media":39668,"template":"","meta":[],"product_brand":[],"product_cat":[220,227,349,367,291],"product_tag":[222,226,292],"class_list":{"0":"post-39540","1":"product","2":"type-product","3":"status-publish","4":"has-post-thumbnail","6":"product_cat-220","7":"product_cat-227","8":"product_cat-349","9":"product_cat-367","10":"product_cat-291","11":"product_tag-222","12":"product_tag-226","13":"product_tag-292","15":"first","16":"outofstock","17":"sale","18":"taxable","19":"shipping-taxable","20":"purchasable","21":"product-type-simple"},"_links":{"self":[{"href":"https:\/\/senabel.com\/sv\/wp-json\/wp\/v2\/product\/39540","targetHints":{"allow":["GET"]}}],"collection":[{"href":"https:\/\/senabel.com\/sv\/wp-json\/wp\/v2\/product"}],"about":[{"href":"https:\/\/senabel.com\/sv\/wp-json\/wp\/v2\/types\/product"}],"version-history":[{"count":1,"href":"https:\/\/senabel.com\/sv\/wp-json\/wp\/v2\/product\/39540\/revisions"}],"predecessor-version":[{"id":39669,"href":"https:\/\/senabel.com\/sv\/wp-json\/wp\/v2\/product\/39540\/revisions\/39669"}],"wp:featuredmedia":[{"embeddable":true,"href":"https:\/\/senabel.com\/sv\/wp-json\/wp\/v2\/media\/39668"}],"wp:attachment":[{"href":"https:\/\/senabel.com\/sv\/wp-json\/wp\/v2\/media?parent=39540"}],"wp:term":[{"taxonomy":"product_brand","embeddable":true,"href":"https:\/\/senabel.com\/sv\/wp-json\/wp\/v2\/product_brand?post=39540"},{"taxonomy":"product_cat","embeddable":true,"href":"https:\/\/senabel.com\/sv\/wp-json\/wp\/v2\/product_cat?post=39540"},{"taxonomy":"product_tag","embeddable":true,"href":"https:\/\/senabel.com\/sv\/wp-json\/wp\/v2\/product_tag?post=39540"}],"curies":[{"name":"wp","href":"https:\/\/api.w.org\/{rel}","templated":true}]}}