{"id":39539,"date":"2024-11-20T19:38:18","date_gmt":"2024-11-20T19:38:18","guid":{"rendered":"https:\/\/senabel.com\/?post_type=product&#038;p=39539"},"modified":"2025-10-23T15:20:21","modified_gmt":"2025-10-23T15:20:21","slug":"mango-frukt-tarningar","status":"publish","type":"product","link":"https:\/\/senabel.com\/sv\/product\/%d9%85%d9%83%d8%b9%d8%a8%d8%a7%d8%aa-%d8%a7%d9%84%d9%81%d9%88%d8%a7%d9%83%d8%a9-%d9%85%d8%a7%d9%86%d8%ac%d9%88\/","title":{"rendered":"Mango Frukt T\u00e4rningar"},"content":{"rendered":"<div id=\"box-description\" class=\"box-collateral box-description\">\n<p>Sk\u00e4m bort dig med den tropiska njutningen av Mango Fruit Cubes, d\u00e4r den uts\u00f6kta smaken av mogen mango m\u00f6ter den perfekta blandningen av seg s\u00f6tma.<\/p>\n<h3>Egenskaper f\u00f6r Mango Fruit Cubes:<\/h3>\n<ul>\n<li><strong>Tropisk lycka:<\/strong> V\u00e5ra desserter med mangofruktkuber \u00e4r en sp\u00e4nnande smak av tropikerna. Med den rika smaken av mogen mango erbjuder de en underbar flykt till paradiset i varje kub.<\/li>\n<li><strong>Ren mangokvalitet:<\/strong> Vi anv\u00e4nder endast mango av finaste kvalitet, noggrant utvald f\u00f6r att s\u00e4kerst\u00e4lla en \u00e4kta och naturlig mangosmak. Varje kub \u00e4r ett bevis p\u00e5 kvalitet och smak.<\/li>\n<li><strong>M\u00e5ngsidighet:<\/strong> Dessa desserter med mangofruktkuber \u00e4r perfekta som mellanm\u00e5l och kan \u00e4tas n\u00e4r som helst och var som helst. Oavsett om du \u00e4r ute och g\u00e5r, beh\u00f6ver en energiboost eller bara vill tillfredsst\u00e4lla ditt s\u00f6tsug \u00e4r de det perfekta valet.<\/li>\n<li><strong>En omt\u00e4nksam g\u00e5va:<\/strong> V\u00e5ra Mango Fruit Cube Desserts \u00e4r en utm\u00e4rkt present till v\u00e4nner och familj med en s\u00f6t tand. De \u00e4r perfekta att dela eller som en h\u00e4rlig \u00f6verraskning till dina n\u00e4ra och k\u00e4ra.<\/li>\n<\/ul>\n<h3>Presentationsstilar:<\/h3>\n<ul>\n<li>Njut av den som ett frist\u00e5ende mellanm\u00e5l f\u00f6r en omedelbar explosion av mangosmak.<\/li>\n<li>L\u00e4gg till i dina favoritdesserter och glassar f\u00f6r en tropisk twist.<\/li>\n<li>Kan inf\u00f6rlivas i cocktails och mocktails f\u00f6r att garnera frukter.<\/li>\n<li>Kombinera den med ost och kex f\u00f6r en s\u00f6t och smakrik kombination.<\/li>\n<li>Anv\u00e4nd i bakning f\u00f6r en kreativ touch p\u00e5 bakverk, t\u00e5rtor och kakor.<\/li>\n<\/ul>\n<h3>F\u00f6rvaringsanvisningar:<\/h3>\n<ul>\n<li>De m\u00e5ste f\u00f6rvaras vid temperaturer under (18\u00b0C) och vi ansvarar inte f\u00f6r d\u00e5lig f\u00f6rvaring hos kunden.<\/li>\n<li>Tillverkad i Turkiet.<\/li>\n<\/ul>\n<p>Njut av smaken fr\u00e5n tropikerna med var och en av v\u00e5ra Mango Fruit Cube Desserts. Var och en \u00e4r en miniatyrexplosion av mangogodis, ett bevis p\u00e5 att man kan njuta av naturens s\u00f6taste frukt.<\/p>\n<p>Unna dig sj\u00e4lv eller dina n\u00e4ra och k\u00e4ra denna tropiska njutning. Best\u00e4ll nu f\u00f6r att uppleva den perfekta kombinationen av seg s\u00f6tma och mangosmak i varje tugga.<\/p>\n<\/div>","protected":false},"excerpt":{"rendered":"<p>Mango Fruit Cubes, en uts\u00f6kt dessert med en distinkt tropisk smak, finns i Sanabels webbutik.<\/p>","protected":false},"featured_media":39656,"template":"","meta":[],"product_brand":[],"product_cat":[220,227,349,367,291],"product_tag":[222,226,292],"class_list":{"0":"post-39539","1":"product","2":"type-product","3":"status-publish","4":"has-post-thumbnail","6":"product_cat-220","7":"product_cat-227","8":"product_cat-349","9":"product_cat-367","10":"product_cat-291","11":"product_tag-222","12":"product_tag-226","13":"product_tag-292","15":"first","16":"outofstock","17":"sale","18":"taxable","19":"shipping-taxable","20":"purchasable","21":"product-type-simple"},"_links":{"self":[{"href":"https:\/\/senabel.com\/sv\/wp-json\/wp\/v2\/product\/39539","targetHints":{"allow":["GET"]}}],"collection":[{"href":"https:\/\/senabel.com\/sv\/wp-json\/wp\/v2\/product"}],"about":[{"href":"https:\/\/senabel.com\/sv\/wp-json\/wp\/v2\/types\/product"}],"version-history":[{"count":1,"href":"https:\/\/senabel.com\/sv\/wp-json\/wp\/v2\/product\/39539\/revisions"}],"predecessor-version":[{"id":39657,"href":"https:\/\/senabel.com\/sv\/wp-json\/wp\/v2\/product\/39539\/revisions\/39657"}],"wp:featuredmedia":[{"embeddable":true,"href":"https:\/\/senabel.com\/sv\/wp-json\/wp\/v2\/media\/39656"}],"wp:attachment":[{"href":"https:\/\/senabel.com\/sv\/wp-json\/wp\/v2\/media?parent=39539"}],"wp:term":[{"taxonomy":"product_brand","embeddable":true,"href":"https:\/\/senabel.com\/sv\/wp-json\/wp\/v2\/product_brand?post=39539"},{"taxonomy":"product_cat","embeddable":true,"href":"https:\/\/senabel.com\/sv\/wp-json\/wp\/v2\/product_cat?post=39539"},{"taxonomy":"product_tag","embeddable":true,"href":"https:\/\/senabel.com\/sv\/wp-json\/wp\/v2\/product_tag?post=39539"}],"curies":[{"name":"wp","href":"https:\/\/api.w.org\/{rel}","templated":true}]}}