{"id":39491,"date":"2024-11-20T19:36:08","date_gmt":"2024-11-20T19:36:08","guid":{"rendered":"https:\/\/senabel.com\/?post_type=product&#038;p=39491"},"modified":"2025-09-02T19:47:31","modified_gmt":"2025-09-02T19:47:31","slug":"svart-kaffe-utan-kardemumma-250g","status":"publish","type":"product","link":"https:\/\/senabel.com\/sv\/product\/%d9%82%d9%87%d9%88%d8%a9-%d8%b3%d8%a7%d8%af%d8%a9-%d8%a8%d8%af%d9%88%d9%86-%d9%87%d9%8a%d9%84-250-%d8%ac%d8%b1%d8%a7%d9%85\/","title":{"rendered":"Svart kaffe utan kardemumma 250g"},"content":{"rendered":"<p>Vanligt kaffe utan kardemumma, det finaste rostade kaffet, speciellt rostat f\u00f6r gourmeter.<br \/>\nUppt\u00e4ck de rika och autentiska smakerna av turkiskt kaffe med turkiskt vanligt kaffe, noggrant tillagat utan tillsats av kardemumma. Denna exceptionella kombination \u00e4r perfekt f\u00f6r kaffe\u00e4lskare.<br \/>\nDenna produkt inneh\u00e5ller importerade kaffeb\u00f6nor av h\u00f6g kvalitet fr\u00e5n olika regioner runt om i v\u00e4rlden.<\/p>\n<h3>Vad \u00e4r det som \u00e4r s\u00e5 speciellt med Snapple Plain Coffee utan kardemumma?<\/h3>\n<p><strong>En perfekt kombination:<\/strong> Turkiskt svart kaffe g\u00f6rs av f\u00f6rstklassiga Arabica- och Robusta-kaffeb\u00f6nor som importeras fr\u00e5n utvalda regioner runt om i v\u00e4rlden. Vi rostar och maler dessa b\u00f6nor f\u00f6r att ge dig det perfekta kaffet.<br \/>\n<strong>Ingen kardemumma:<\/strong> Denna typ \u00e4r f\u00f6r dem som \u00e4lskar den traditionella smaken av turkiskt kaffe men utan de distinkta kryddorna av kardemumma.<br \/>\n<strong>L\u00e4tt att f\u00f6rbereda:<\/strong> L\u00e4mplig f\u00f6r alla tillagningsmetoder f\u00f6r turkiskt kaffe.<\/p>\n<h3>Hur g\u00f6r man kaffe?<\/h3>\n<ul>\n<li><strong> Kvantiteten:<\/strong> Anv\u00e4nd en stor tesked kaffe per 90 ml (3 oz) kallt vatten.<\/li>\n<li><strong>Socker:<\/strong> Tills\u00e4tt socker (efter smak) i ditt kaffe.<\/li>\n<li><strong>Uppv\u00e4rmning:<\/strong> V\u00e4rm l\u00e5ngsamt upp blandningen under f\u00f6rsiktig omr\u00f6rning tills skum uppst\u00e5r, var noga med att inte l\u00e5ta den koka.<\/li>\n<li><strong>Presentation:<\/strong> H\u00e4ll upp kaffet i sm\u00e5 koppar och servera varmt.<\/li>\n<\/ul>\n<h3>Varf\u00f6r v\u00e4lja en vanlig Snapple kaffeb\u00f6na utan kardemumma?<\/h3>\n<p><strong>En unik upplevelse:<\/strong> Rik smak och autentisk arabisk smak.<br \/>\n<strong>Garanterad kvalitet:<\/strong> Hantverksm\u00e4ssigt turkiskt kaffe.<\/p>\n<h3>F\u00f6rvaringsanvisningar:<\/h3>\n<p>F\u00f6rvara kaffet p\u00e5 en sval och torr plats.<br \/>\nButiken ansvarar inte f\u00f6r d\u00e5lig f\u00f6rvaring.<\/p>\n<p><span style=\"color: #ff0000;\"><strong>Tillverkad i Turkiet<\/strong><\/span><\/p>\n<p>&nbsp;<\/p>\n<p>V\u00e4rm dig med varje kopp av v\u00e5rt turkiska kaffe utan kardemumma. Best\u00e4ll nu och njut av de autentiska smakerna.<\/p>","protected":false},"excerpt":{"rendered":"<p>Njut av smaken av turkiskt kaffe med Plain Coffee utan kardemumma som finns i Sanabels webbutik.<\/p>","protected":false},"featured_media":39635,"template":"","meta":[],"product_brand":[],"product_cat":[282],"product_tag":[283,284,285,226],"class_list":{"0":"post-39491","1":"product","2":"type-product","3":"status-publish","4":"has-post-thumbnail","6":"product_cat-282","7":"product_tag-283","8":"product_tag-284","9":"product_tag-285","10":"product_tag-226","12":"first","13":"outofstock","14":"taxable","15":"shipping-taxable","16":"purchasable","17":"product-type-simple"},"_links":{"self":[{"href":"https:\/\/senabel.com\/sv\/wp-json\/wp\/v2\/product\/39491","targetHints":{"allow":["GET"]}}],"collection":[{"href":"https:\/\/senabel.com\/sv\/wp-json\/wp\/v2\/product"}],"about":[{"href":"https:\/\/senabel.com\/sv\/wp-json\/wp\/v2\/types\/product"}],"version-history":[{"count":2,"href":"https:\/\/senabel.com\/sv\/wp-json\/wp\/v2\/product\/39491\/revisions"}],"predecessor-version":[{"id":48593,"href":"https:\/\/senabel.com\/sv\/wp-json\/wp\/v2\/product\/39491\/revisions\/48593"}],"wp:featuredmedia":[{"embeddable":true,"href":"https:\/\/senabel.com\/sv\/wp-json\/wp\/v2\/media\/39635"}],"wp:attachment":[{"href":"https:\/\/senabel.com\/sv\/wp-json\/wp\/v2\/media?parent=39491"}],"wp:term":[{"taxonomy":"product_brand","embeddable":true,"href":"https:\/\/senabel.com\/sv\/wp-json\/wp\/v2\/product_brand?post=39491"},{"taxonomy":"product_cat","embeddable":true,"href":"https:\/\/senabel.com\/sv\/wp-json\/wp\/v2\/product_cat?post=39491"},{"taxonomy":"product_tag","embeddable":true,"href":"https:\/\/senabel.com\/sv\/wp-json\/wp\/v2\/product_tag?post=39491"}],"curies":[{"name":"wp","href":"https:\/\/api.w.org\/{rel}","templated":true}]}}