{"id":39476,"date":"2024-11-20T19:35:26","date_gmt":"2024-11-20T19:35:26","guid":{"rendered":"https:\/\/senabel.com\/?post_type=product&#038;p=39476"},"modified":"2024-11-20T19:41:17","modified_gmt":"2024-11-20T19:41:17","slug":"shamiya-baklava-med-valnot-500-g","status":"publish","type":"product","link":"https:\/\/senabel.com\/sv\/product\/%d8%a8%d9%82%d9%84%d8%a7%d9%88%d8%a9-%d8%b4%d8%a7%d9%85%d9%8a%d8%a9-%d8%a8%d8%a7%d9%84%d8%ac%d9%88%d8%b2-500-%d8%ba\/","title":{"rendered":"Shamiya Baklava med valn\u00f6t 500 g"},"content":{"rendered":"<p>Njut av en unik upplevelse med Shamiya Walnut Baklava, som \u00e5terspeglar det arabiska arvets sk\u00f6nhet och prakt med sina delikata lager av kunafadeg, flingor och hackad valn\u00f6tsfyllning.<br \/>\nDessa desserter \u00e4r gjorda av h\u00f6gkvalitativa ingredienser och s\u00f6tade med en uppm\u00e4tt m\u00e4ngd socker f\u00f6r att uppn\u00e5 en perfekt blandning av s\u00f6tma, allt tillagat med stor omsorg och autentiska Shamiya-detaljer.<\/p>\n<h3>Produktinformation:<\/h3>\n<p><strong>Vikt:<\/strong> 500 g netto<br \/>\n<strong>F\u00f6rpackning:<\/strong> En elegant och vacker l\u00e5da, perfekt som present till v\u00e4nner och familj vid speciella tillf\u00e4llen och h\u00f6gtider.<br \/>\n<strong>Ingredienser:<\/strong> Vetemj\u00f6l, margarin, socker, valn\u00f6tter, st\u00e4rkelse, kunafa, mj\u00f6lkpulver.<\/p>\n<h3>Levantinska inslag med valn\u00f6tter:<\/h3>\n<ul>\n<li><strong>Autentisk och distinkt smak:<\/strong> Reflekterar det rika arvet och kulturen i regionen.<\/li>\n<li><strong>Rik p\u00e5 n\u00e4rings\u00e4mnen:<\/strong> Inneh\u00e5ller valn\u00f6tter, som \u00e4r rika p\u00e5 protein och fibrer.<\/li>\n<li><strong>H\u00f6g kvalitet:<\/strong> Framst\u00e4lld med naturliga material och en traditionell metod som garanterar produktens kvalitet.<\/li>\n<li><strong>Perfekt omslagsdesign:<\/strong> Tilltalande och elegant design, l\u00e4mplig f\u00f6r servering vid evenemang och fester.<\/li>\n<\/ul>\n<p>Desserter kan \u00e4tas som en godbit efter lunchen eller serveras till g\u00e4ster vid speciella tillf\u00e4llen, och kan ocks\u00e5 l\u00e4ggas till i den festliga dessertmenyn f\u00f6r att ge en unik touch.<\/p>\n<h3>F\u00f6rvaringsanvisningar:<\/h3>\n<p>F\u00f6rvaras vid en temperatur under 18\u00b0C och skyddas fr\u00e5n solljus f\u00f6r att bevara kvaliteten.<br \/>\nButiken \u00e4r inte ansvarig f\u00f6r kundens d\u00e5liga f\u00f6rvaring.<\/p>\n<h3>Ytterligare information<\/h3>\n<p>Produkterna \u00e4r fria fr\u00e5n konserveringsmedel, ister, mejeriprodukter och GMO.<br \/>\n<span style=\"color: #ff0000;\"><strong>Tillverkad i Turkiet<\/strong><\/span><br \/>\nHandgjorda f\u00f6r hand f\u00f6r att s\u00e4kerst\u00e4lla kvaliteten.<\/p>\n<p>&nbsp;<\/p>\n<p>Den g\u00e5r att best\u00e4lla fr\u00e5n Sanabels webbutik och ger en of\u00f6rgl\u00f6mlig och oemotst\u00e5ndlig smakupplevelse som \u00e5terspeglar v\u00e5rt rika arv och v\u00e5r orientaliska kultur.<br \/>\nBoka din best\u00e4llning nu och sk\u00e4m bort dig sj\u00e4lv och dina n\u00e4ra och k\u00e4ra med autentiska orientaliska smaker som garanterar o\u00e4ndlig gastronomisk njutning.<\/p>","protected":false},"excerpt":{"rendered":"<h2>500 g<\/h2>\n<p><strong>Baklavadesserterna \u00e4r gjorda av de b\u00e4sta ingredienserna av h\u00f6gsta kvalitet - njut av smaken av autentiskt arabiskt arv<\/strong><\/p>","protected":false},"featured_media":39623,"template":"","meta":[],"product_brand":[],"product_cat":[233,220,227],"product_tag":[222,223,239,269,253,246,226,270],"class_list":{"0":"post-39476","1":"product","2":"type-product","3":"status-publish","4":"has-post-thumbnail","6":"product_cat-233","7":"product_cat-220","8":"product_cat-227","9":"product_tag-222","10":"product_tag-223","11":"product_tag-239","12":"product_tag-269","13":"product_tag-253","14":"product_tag-246","15":"product_tag-226","16":"product_tag-270","18":"first","19":"outofstock","20":"sale","21":"taxable","22":"shipping-taxable","23":"purchasable","24":"product-type-simple"},"_links":{"self":[{"href":"https:\/\/senabel.com\/sv\/wp-json\/wp\/v2\/product\/39476","targetHints":{"allow":["GET"]}}],"collection":[{"href":"https:\/\/senabel.com\/sv\/wp-json\/wp\/v2\/product"}],"about":[{"href":"https:\/\/senabel.com\/sv\/wp-json\/wp\/v2\/types\/product"}],"version-history":[{"count":1,"href":"https:\/\/senabel.com\/sv\/wp-json\/wp\/v2\/product\/39476\/revisions"}],"predecessor-version":[{"id":39624,"href":"https:\/\/senabel.com\/sv\/wp-json\/wp\/v2\/product\/39476\/revisions\/39624"}],"wp:featuredmedia":[{"embeddable":true,"href":"https:\/\/senabel.com\/sv\/wp-json\/wp\/v2\/media\/39623"}],"wp:attachment":[{"href":"https:\/\/senabel.com\/sv\/wp-json\/wp\/v2\/media?parent=39476"}],"wp:term":[{"taxonomy":"product_brand","embeddable":true,"href":"https:\/\/senabel.com\/sv\/wp-json\/wp\/v2\/product_brand?post=39476"},{"taxonomy":"product_cat","embeddable":true,"href":"https:\/\/senabel.com\/sv\/wp-json\/wp\/v2\/product_cat?post=39476"},{"taxonomy":"product_tag","embeddable":true,"href":"https:\/\/senabel.com\/sv\/wp-json\/wp\/v2\/product_tag?post=39476"}],"curies":[{"name":"wp","href":"https:\/\/api.w.org\/{rel}","templated":true}]}}