{"id":39461,"date":"2024-11-20T19:34:22","date_gmt":"2024-11-20T19:34:22","guid":{"rendered":"https:\/\/senabel.com\/?post_type=product&#038;p=39461"},"modified":"2026-03-03T09:12:40","modified_gmt":"2026-03-03T09:12:40","slug":"baklava-med-blandning-av-pistasch-och-cashewnotter-250-g","status":"publish","type":"product","link":"https:\/\/senabel.com\/sv\/product\/%d8%a8%d9%82%d9%84%d8%a7%d9%88%d8%a9-%d9%85%d8%b4%d9%83%d9%84-%d8%a8%d8%a7%d9%84%d9%81%d8%b3%d8%aa%d9%82-%d9%88%d8%a7%d9%84%d9%83%d8%a7%d8%ac%d9%88-250-%d8%ba\/","title":{"rendered":"Baklava med blandning av pistasch och cashewn\u00f6tter 250 g"},"content":{"rendered":"<p>Njut av en o\u00f6vertr\u00e4ffad upplevelse med baklavadesserten med pistasch och cashewn\u00f6tter, som \u00e5terspeglar det arabiska arvets sk\u00f6nhet och prakt.<br \/>\nDenna produkt k\u00e4nnetecknas av sina fina lager av Kunafa-deg och flingor och sin l\u00e4ckra fyllning av hackade pistagen\u00f6tter och cashewn\u00f6tter, gjord p\u00e5 h\u00f6gkvalitativa ingredienser och s\u00f6tad med lite socker f\u00f6r en distinkt smak. Den \u00e4r gjord med stor omsorg och en touch av \u00e4kta Shamiya.<br \/>\nDenna produkt presenteras i en vacker och elegant l\u00e5da, vilket g\u00f6r den till en perfekt present till dina v\u00e4nner och familj vid speciella tillf\u00e4llen och h\u00f6gtider.<\/p>\n<h3>Produktinformation:<\/h3>\n<p><strong>Vikt:<\/strong> 250 g netto<br \/>\n<strong>F\u00f6rpackning:<\/strong> En elegant och vacker l\u00e5da, perfekt som present till v\u00e4nner och familj vid speciella tillf\u00e4llen och h\u00f6gtider.<br \/>\n<strong>Ingredienser:<\/strong>Vetemj\u00f6l, margarin, socker, cashewn\u00f6tter, pistagen\u00f6tter, st\u00e4rkelse, kunafa, mj\u00f6lkpulver.<\/p>\n<h3>L\u00e5dan inneh\u00e5ller:<\/h3>\n<ol>\n<li>Syrisk marmelad fylld med pistagen\u00f6tter och ett l\u00e4tt lager kunafa.<\/li>\n<li>Pistagekristall med god smak.<\/li>\n<li>Smakrik a\u00e7a\u00ed med pistaschmandel.<\/li>\n<li>En autentiskt smaksatt a\u00e7a\u00ed med cashewn\u00f6tter.<\/li>\n<li>L\u00e4ckra och n\u00e4ringsrika cashewpinnar.<\/li>\n<li>L\u00e4cker pistasch Bulbuls bo.<\/li>\n<\/ol>\n<h3>Inneh\u00e5ller baklava med pistasch och cashewn\u00f6tter:<\/h3>\n<ul>\n<li><strong>Autentisk och distinkt smak:<\/strong> Reflekterar det rika arvet och kulturen i regionen.<\/li>\n<li><strong>Rik p\u00e5 n\u00e4rings\u00e4mnen:<\/strong> Den inneh\u00e5ller pistagen\u00f6tter och cashewn\u00f6tter, som \u00e4r rika p\u00e5 protein och fibrer.<\/li>\n<li><strong>H\u00f6g kvalitet:<\/strong> Framst\u00e4lld med naturliga material och en traditionell metod som garanterar produktens kvalitet.<\/li>\n<li><strong>Perfekt omslagsdesign:<\/strong> Tilltalande och elegant design, l\u00e4mplig f\u00f6r servering vid evenemang och fester.<\/li>\n<li><strong>Handgjord f\u00f6r hand:<\/strong> F\u00f6r kvalitetss\u00e4kring.<\/li>\n<\/ul>\n<h3>F\u00f6rvaringsanvisningar:<\/h3>\n<p>F\u00f6rvaras vid en temperatur under 18\u00b0C och skyddas fr\u00e5n solljus f\u00f6r att bevara kvaliteten.<br \/>\nButiken \u00e4r inte ansvarig f\u00f6r kundens d\u00e5liga f\u00f6rvaring.<\/p>\n<h3>Ytterligare information<\/h3>\n<p>Produkterna \u00e4r fria fr\u00e5n konserveringsmedel, ister, mejeriprodukter och GMO.<br \/>\n<span style=\"color: #ff0000;\"><strong>Tillverkad i Turkiet<\/strong><\/span><br \/>\nHandgjorda f\u00f6r hand f\u00f6r att s\u00e4kerst\u00e4lla kvaliteten.<\/p>\n<p>&nbsp;<\/p>\n<p>&nbsp;<\/p>\n<p>Boka din best\u00e4llning nu p\u00e5 Sanabel och njut av den autentiska smaken av arabiska s\u00f6tsaker som \u00e5terspeglar v\u00e5rt rika arv.<\/p>","protected":false},"excerpt":{"rendered":"<h2>250 g<\/h2>\n<p><strong>Baklavadesserterna \u00e4r gjorda av de b\u00e4sta ingredienserna av h\u00f6gsta kvalitet - njut av smaken av autentiskt arabiskt arv<\/strong><\/p>","protected":false},"featured_media":39605,"template":"","meta":[],"product_brand":[],"product_cat":[233,220],"product_tag":[222,223,239,269,253,246,226,270],"class_list":{"0":"post-39461","1":"product","2":"type-product","3":"status-publish","4":"has-post-thumbnail","6":"product_cat-233","7":"product_cat-220","8":"product_tag-222","9":"product_tag-223","10":"product_tag-239","11":"product_tag-269","12":"product_tag-253","13":"product_tag-246","14":"product_tag-226","15":"product_tag-270","17":"first","18":"outofstock","19":"taxable","20":"shipping-taxable","21":"purchasable","22":"product-type-simple"},"_links":{"self":[{"href":"https:\/\/senabel.com\/sv\/wp-json\/wp\/v2\/product\/39461","targetHints":{"allow":["GET"]}}],"collection":[{"href":"https:\/\/senabel.com\/sv\/wp-json\/wp\/v2\/product"}],"about":[{"href":"https:\/\/senabel.com\/sv\/wp-json\/wp\/v2\/types\/product"}],"version-history":[{"count":2,"href":"https:\/\/senabel.com\/sv\/wp-json\/wp\/v2\/product\/39461\/revisions"}],"predecessor-version":[{"id":51457,"href":"https:\/\/senabel.com\/sv\/wp-json\/wp\/v2\/product\/39461\/revisions\/51457"}],"wp:featuredmedia":[{"embeddable":true,"href":"https:\/\/senabel.com\/sv\/wp-json\/wp\/v2\/media\/39605"}],"wp:attachment":[{"href":"https:\/\/senabel.com\/sv\/wp-json\/wp\/v2\/media?parent=39461"}],"wp:term":[{"taxonomy":"product_brand","embeddable":true,"href":"https:\/\/senabel.com\/sv\/wp-json\/wp\/v2\/product_brand?post=39461"},{"taxonomy":"product_cat","embeddable":true,"href":"https:\/\/senabel.com\/sv\/wp-json\/wp\/v2\/product_cat?post=39461"},{"taxonomy":"product_tag","embeddable":true,"href":"https:\/\/senabel.com\/sv\/wp-json\/wp\/v2\/product_tag?post=39461"}],"curies":[{"name":"wp","href":"https:\/\/api.w.org\/{rel}","templated":true}]}}