{"id":39460,"date":"2024-11-20T19:34:22","date_gmt":"2024-11-20T19:34:22","guid":{"rendered":"https:\/\/senabel.com\/?post_type=product&#038;p=39460"},"modified":"2026-02-04T14:38:26","modified_gmt":"2026-02-04T14:38:26","slug":"shamiya-pistachio-baklava-500-g","status":"publish","type":"product","link":"https:\/\/senabel.com\/sv\/product\/%d8%a8%d9%82%d9%84%d8%a7%d9%88%d8%a9-%d8%b4%d8%a7%d9%85%d9%8a%d8%a9-%d8%a8%d8%a7%d9%84%d9%81%d8%b3%d8%aa%d9%82-500-%d8%ba\/","title":{"rendered":"Shamiya Pistachio Baklava 500 g"},"content":{"rendered":"<p>Njut av en unik och o\u00f6vertr\u00e4ffad upplevelse med pistaschbaklava, som \u00e5terspeglar sk\u00f6nheten och prakten i det arabiska arvet.<br \/>\nDessa desserter best\u00e5r av tunna lager av flagnande deg, fyllda med hackade pistagen\u00f6tter, gjorda av h\u00f6gkvalitativa ingredienser och s\u00f6tade med socker f\u00f6r att ge dig den karakt\u00e4ristiska s\u00f6tman.<\/p>\n<h3>Produktinformation:<\/h3>\n<p><strong>Vikt:<\/strong> 500 g netto<br \/>\n<strong>F\u00f6rpackning:<\/strong> En elegant och vacker l\u00e5da, perfekt som present till v\u00e4nner och familj vid speciella tillf\u00e4llen och h\u00f6gtider.<br \/>\n<strong>Ingredienser:<\/strong> Vetemj\u00f6l, margarin, socker, pistagen\u00f6tter, st\u00e4rkelse, kunafa, mj\u00f6lkpulver.<\/p>\n<h3>Pistachio Shamiya Egenskaper:<\/h3>\n<ul>\n<li><strong>Autentisk och distinkt smak:<\/strong> Reflekterar det rika arvet och kulturen i regionen.<\/li>\n<li><strong>Rik p\u00e5 n\u00e4rings\u00e4mnen:<\/strong> Inneh\u00e5ller pistagen\u00f6tter, som \u00e4r rika p\u00e5 protein och fibrer.<\/li>\n<li><strong>H\u00f6g kvalitet:<\/strong> Framst\u00e4lld med naturliga material och en traditionell metod som garanterar produktens kvalitet.<\/li>\n<li><strong>Perfekt omslagsdesign:<\/strong> Tilltalande och elegant design, l\u00e4mplig f\u00f6r servering vid evenemang och fester.<\/li>\n<\/ul>\n<p>Desserter kan \u00e4tas som en godbit efter lunchen eller serveras till g\u00e4ster vid speciella tillf\u00e4llen, och kan ocks\u00e5 l\u00e4ggas till i den festliga dessertmenyn f\u00f6r att ge en unik touch.<\/p>\n<h3>F\u00f6rvaringsanvisningar:<\/h3>\n<p>F\u00f6rvaras vid en temperatur under 18\u00b0C och skyddas fr\u00e5n solljus f\u00f6r att bevara kvaliteten.<br \/>\nButiken \u00e4r inte ansvarig f\u00f6r kundens d\u00e5liga f\u00f6rvaring.<\/p>\n<h3>Ytterligare information<\/h3>\n<p>Produkterna \u00e4r fria fr\u00e5n konserveringsmedel, ister, mejeriprodukter och GMO.<br \/>\n<span style=\"color: #ff0000;\"><strong>Tillverkad i Turkiet<\/strong><\/span><br \/>\nHandgjorda f\u00f6r hand f\u00f6r att s\u00e4kerst\u00e4lla kvaliteten.<\/p>\n<p>&nbsp;<\/p>\n<p>Finns att best\u00e4lla fr\u00e5n Sanabels onlinebutik. V\u00e4lj Shamiya Pistachio Baklava f\u00f6r en uts\u00f6kt dessert som \u00e5terspeglar v\u00e5rt rika arv.<br \/>\nBoka din best\u00e4llning nu och njut av den s\u00f6ta smaken av baklava.<\/p>","protected":false},"excerpt":{"rendered":"<h2>500 g<\/h2>\n<p><strong>Baklavadesserterna \u00e4r gjorda av de b\u00e4sta ingredienserna av h\u00f6gsta kvalitet - njut av smaken av autentiskt arabiskt arv<\/strong><\/p>","protected":false},"featured_media":39625,"template":"","meta":[],"product_brand":[],"product_cat":[233,220],"product_tag":[222,223,239,269,253,246,226,270],"class_list":{"0":"post-39460","1":"product","2":"type-product","3":"status-publish","4":"has-post-thumbnail","6":"product_cat-233","7":"product_cat-220","8":"product_tag-222","9":"product_tag-223","10":"product_tag-239","11":"product_tag-269","12":"product_tag-253","13":"product_tag-246","14":"product_tag-226","15":"product_tag-270","17":"first","18":"outofstock","19":"taxable","20":"shipping-taxable","21":"purchasable","22":"product-type-simple"},"_links":{"self":[{"href":"https:\/\/senabel.com\/sv\/wp-json\/wp\/v2\/product\/39460","targetHints":{"allow":["GET"]}}],"collection":[{"href":"https:\/\/senabel.com\/sv\/wp-json\/wp\/v2\/product"}],"about":[{"href":"https:\/\/senabel.com\/sv\/wp-json\/wp\/v2\/types\/product"}],"version-history":[{"count":1,"href":"https:\/\/senabel.com\/sv\/wp-json\/wp\/v2\/product\/39460\/revisions"}],"predecessor-version":[{"id":39626,"href":"https:\/\/senabel.com\/sv\/wp-json\/wp\/v2\/product\/39460\/revisions\/39626"}],"wp:featuredmedia":[{"embeddable":true,"href":"https:\/\/senabel.com\/sv\/wp-json\/wp\/v2\/media\/39625"}],"wp:attachment":[{"href":"https:\/\/senabel.com\/sv\/wp-json\/wp\/v2\/media?parent=39460"}],"wp:term":[{"taxonomy":"product_brand","embeddable":true,"href":"https:\/\/senabel.com\/sv\/wp-json\/wp\/v2\/product_brand?post=39460"},{"taxonomy":"product_cat","embeddable":true,"href":"https:\/\/senabel.com\/sv\/wp-json\/wp\/v2\/product_cat?post=39460"},{"taxonomy":"product_tag","embeddable":true,"href":"https:\/\/senabel.com\/sv\/wp-json\/wp\/v2\/product_tag?post=39460"}],"curies":[{"name":"wp","href":"https:\/\/api.w.org\/{rel}","templated":true}]}}