{"id":39436,"date":"2024-11-20T19:33:20","date_gmt":"2024-11-20T19:33:20","guid":{"rendered":"https:\/\/senabel.com\/?post_type=product&#038;p=39436"},"modified":"2025-05-23T10:30:15","modified_gmt":"2025-05-23T10:30:15","slug":"kardemumma-kaffe-medium-250g","status":"publish","type":"product","link":"https:\/\/senabel.com\/sv\/product\/%d9%82%d9%87%d9%88%d8%a9-%d9%87%d9%8a%d9%84-%d9%88%d8%b3%d8%b7-250-%d8%ac%d8%b1%d8%a7%d9%85\/","title":{"rendered":"Kardemumma Kaffe Medium 250g"},"content":{"rendered":"<p>Njut av en unik upplevelse av turkiskt svart kaffe med kardemumma, en perfekt balans mellan kaffets styrka och kardemummans aromatiska smak.<\/p>\n<h3>Vad g\u00f6r Bin Snapple Hill Middle speciellt?<\/h3>\n<p><strong>En perfekt kombination:<\/strong> Ett starkt turkiskt kaffe med naturlig kardemumma som ger det en distinkt smak.<br \/>\n<strong>H\u00f6g kvalitet:<\/strong> Noggrant utvalda kaffeb\u00f6nor och perfekt rostning.<br \/>\n<strong>L\u00e4tt att f\u00f6rbereda:<\/strong> L\u00e4mplig f\u00f6r alla tillagningsmetoder f\u00f6r turkiskt kaffe.<br \/>\n<strong>Perfekt f\u00f6r presenter:<\/strong> En utm\u00e4rkt present till kaffe\u00e4lskare och \u00e4lskare av turkisk kultur.<\/p>\n<h3>Hur g\u00f6r man kaffe?<\/h3>\n<ul>\n<li><strong> Kvantiteten:<\/strong> Anv\u00e4nd en stor tesked kaffe per 90 ml (3 oz) kallt vatten.<\/li>\n<li><strong>Socker:<\/strong> Tills\u00e4tt socker (efter smak) i ditt kaffe.<\/li>\n<li><strong>Uppv\u00e4rmning:<\/strong> V\u00e4rm l\u00e5ngsamt upp blandningen under f\u00f6rsiktig omr\u00f6rning tills skum uppst\u00e5r, var noga med att inte l\u00e5ta den koka.<\/li>\n<li><strong>Presentation:<\/strong> H\u00e4ll upp kaffet i sm\u00e5 koppar och servera varmt.<\/li>\n<\/ul>\n<h3>Varf\u00f6r v\u00e4lja Snapple Hill Centre?<\/h3>\n<p><strong>En unik upplevelse:<\/strong> Rik smak och autentisk arabisk smak.<br \/>\n<strong>Garanterad kvalitet:<\/strong> Hantverksm\u00e4ssigt turkiskt kaffe.<\/p>\n<h3>F\u00f6rvaringsanvisningar:<\/h3>\n<p>F\u00f6rvara kaffet p\u00e5 en sval och torr plats.<br \/>\nButiken ansvarar inte f\u00f6r d\u00e5lig f\u00f6rvaring.<\/p>\n<p><span style=\"color: #ff0000;\"><strong>Tillverkad i Turkiet<\/strong><\/span><\/p>\n<p>&nbsp;<\/p>\n<p>Best\u00e4ll nu fr\u00e5n Sanabels onlinebutik och njut av den \u00e4kta smaken av turkiskt kaffe med en unik arabisk twist!<\/p>","protected":false},"excerpt":{"rendered":"<p>Njut av smaken av turkiskt kaffe med Hal Wasat, som finns i Sanabels webbutik.<\/p>","protected":false},"featured_media":39637,"template":"","meta":[],"product_brand":[],"product_cat":[282],"product_tag":[283,284,285,226],"class_list":{"0":"post-39436","1":"product","2":"type-product","3":"status-publish","4":"has-post-thumbnail","6":"product_cat-282","7":"product_tag-283","8":"product_tag-284","9":"product_tag-285","10":"product_tag-226","12":"first","13":"outofstock","14":"taxable","15":"shipping-taxable","16":"purchasable","17":"product-type-simple"},"_links":{"self":[{"href":"https:\/\/senabel.com\/sv\/wp-json\/wp\/v2\/product\/39436","targetHints":{"allow":["GET"]}}],"collection":[{"href":"https:\/\/senabel.com\/sv\/wp-json\/wp\/v2\/product"}],"about":[{"href":"https:\/\/senabel.com\/sv\/wp-json\/wp\/v2\/types\/product"}],"version-history":[{"count":3,"href":"https:\/\/senabel.com\/sv\/wp-json\/wp\/v2\/product\/39436\/revisions"}],"predecessor-version":[{"id":46306,"href":"https:\/\/senabel.com\/sv\/wp-json\/wp\/v2\/product\/39436\/revisions\/46306"}],"wp:featuredmedia":[{"embeddable":true,"href":"https:\/\/senabel.com\/sv\/wp-json\/wp\/v2\/media\/39637"}],"wp:attachment":[{"href":"https:\/\/senabel.com\/sv\/wp-json\/wp\/v2\/media?parent=39436"}],"wp:term":[{"taxonomy":"product_brand","embeddable":true,"href":"https:\/\/senabel.com\/sv\/wp-json\/wp\/v2\/product_brand?post=39436"},{"taxonomy":"product_cat","embeddable":true,"href":"https:\/\/senabel.com\/sv\/wp-json\/wp\/v2\/product_cat?post=39436"},{"taxonomy":"product_tag","embeddable":true,"href":"https:\/\/senabel.com\/sv\/wp-json\/wp\/v2\/product_tag?post=39436"}],"curies":[{"name":"wp","href":"https:\/\/api.w.org\/{rel}","templated":true}]}}