{"id":39412,"date":"2024-11-20T19:32:24","date_gmt":"2024-11-20T19:32:24","guid":{"rendered":"https:\/\/senabel.com\/?post_type=product&#038;p=39412"},"modified":"2026-03-11T19:02:47","modified_gmt":"2026-03-11T19:02:47","slug":"blandad-enfargad-petitfour","status":"publish","type":"product","link":"https:\/\/senabel.com\/sv\/product\/%d8%a8%d9%8a%d8%aa%d9%8a%d9%81%d9%88%d8%b1-%d8%b3%d8%a7%d8%af%d8%a9-%d9%85%d8%b4%d9%83%d9%84\/","title":{"rendered":"Blandad enf\u00e4rgad Petitfour"},"content":{"rendered":"<p>Lyxiga vanliga petitfours tillagas med naturliga och h\u00f6gkvalitativa ingredienser f\u00f6r att ge en rik smak och oemotst\u00e5ndlig smak f\u00f6r alla tillf\u00e4llen och smaker.<\/p>\n<h3>Produktinformation:<\/h3>\n<p><strong>Vikt:<\/strong> 500 g netto<br \/>\n<strong>F\u00f6rpackning:<\/strong> En elegant och vacker l\u00e5da, perfekt som present till v\u00e4nner och familj vid speciella tillf\u00e4llen och h\u00f6gtider.<br \/>\n<strong>Ingredienser:<\/strong> Vetemj\u00f6l, sm\u00f6r, socker, pistagen\u00f6tter, j\u00e4st.<\/p>\n<h3>Egenskaper f\u00f6r Pettifor Plain:<\/h3>\n<ul>\n<li><strong>Bra smak:<\/strong>En rik och balanserad smak mellan len gr\u00e4dde och lyxig choklad<\/li>\n<li><strong>Ingredienser av h\u00f6g kvalitet:<\/strong> Vi anv\u00e4nder naturliga och h\u00f6gkvalitativa ingredienser f\u00f6r att s\u00e4kerst\u00e4lla den b\u00e4sta gastronomiska upplevelsen.<\/li>\n<li><strong>Perfekt omslagsdesign:<\/strong> Tilltalande och elegant design, l\u00e4mplig f\u00f6r servering vid evenemang och fester.<\/li>\n<\/ul>\n<p><strong><br \/>\nPettifor Plain Cream and Chocolate kan \u00e4tas som en uts\u00f6kt efterr\u00e4tt efter m\u00e5ltider eller serveras till g\u00e4ster vid evenemang och fester.<br \/>\nDe kan ocks\u00e5 l\u00e4ggas till i dessertmenyn vid h\u00f6gtider och speciella tillf\u00e4llen f\u00f6r att ge en touch av lyx och distinktion.<br \/>\n<\/strong><\/p>\n<h3>F\u00f6rvaringsanvisningar:<\/h3>\n<p>F\u00f6rvaras vid en temperatur under 18\u00b0C och skyddas fr\u00e5n solljus f\u00f6r att bevara kvaliteten.<br \/>\nButiken \u00e4r inte ansvarig f\u00f6r kundens d\u00e5liga f\u00f6rvaring.<\/p>\n<h3>Ytterligare information<\/h3>\n<p>Produkterna \u00e4r fria fr\u00e5n konserveringsmedel, ister, mejeriprodukter och GMO.<br \/>\n<span style=\"color: #ff0000;\"><strong>Tillverkad i Turkiet<\/strong><\/span><\/p>\n<p>&nbsp;<\/p>\n<p>Boka din best\u00e4llning nu fr\u00e5n Sanabels onlinebutik h\u00e4r och njut av en uts\u00f6kt smakupplevelse.<\/p>","protected":false},"excerpt":{"rendered":"<h2>500g<\/h2>\n<div><strong>L\u00e4ckra petitfours - njut av den autentiska smaken<\/strong><\/div>","protected":false},"featured_media":39533,"template":"","meta":[],"product_brand":[],"product_cat":[262,220],"product_tag":[222,263,271,272,273,274,226],"class_list":{"0":"post-39412","1":"product","2":"type-product","3":"status-publish","4":"has-post-thumbnail","6":"product_cat-262","7":"product_cat-220","8":"product_tag-222","9":"product_tag-263","10":"product_tag-271","11":"product_tag-272","12":"product_tag----500","13":"product_tag-274","14":"product_tag-226","16":"first","17":"outofstock","18":"taxable","19":"shipping-taxable","20":"purchasable","21":"product-type-simple"},"_links":{"self":[{"href":"https:\/\/senabel.com\/sv\/wp-json\/wp\/v2\/product\/39412","targetHints":{"allow":["GET"]}}],"collection":[{"href":"https:\/\/senabel.com\/sv\/wp-json\/wp\/v2\/product"}],"about":[{"href":"https:\/\/senabel.com\/sv\/wp-json\/wp\/v2\/types\/product"}],"version-history":[{"count":2,"href":"https:\/\/senabel.com\/sv\/wp-json\/wp\/v2\/product\/39412\/revisions"}],"predecessor-version":[{"id":49390,"href":"https:\/\/senabel.com\/sv\/wp-json\/wp\/v2\/product\/39412\/revisions\/49390"}],"wp:featuredmedia":[{"embeddable":true,"href":"https:\/\/senabel.com\/sv\/wp-json\/wp\/v2\/media\/39533"}],"wp:attachment":[{"href":"https:\/\/senabel.com\/sv\/wp-json\/wp\/v2\/media?parent=39412"}],"wp:term":[{"taxonomy":"product_brand","embeddable":true,"href":"https:\/\/senabel.com\/sv\/wp-json\/wp\/v2\/product_brand?post=39412"},{"taxonomy":"product_cat","embeddable":true,"href":"https:\/\/senabel.com\/sv\/wp-json\/wp\/v2\/product_cat?post=39412"},{"taxonomy":"product_tag","embeddable":true,"href":"https:\/\/senabel.com\/sv\/wp-json\/wp\/v2\/product_tag?post=39412"}],"curies":[{"name":"wp","href":"https:\/\/api.w.org\/{rel}","templated":true}]}}