{"id":39411,"date":"2024-11-20T19:32:23","date_gmt":"2024-11-20T19:32:23","guid":{"rendered":"https:\/\/senabel.com\/?post_type=product&#038;p=39411"},"modified":"2026-03-08T22:25:14","modified_gmt":"2026-03-08T22:25:14","slug":"petitfour-med-vanlig-choklad","status":"publish","type":"product","link":"https:\/\/senabel.com\/sv\/product\/%d8%a8%d9%8a%d8%aa%d9%8a%d9%81%d9%88%d8%b1-%d8%b3%d8%a7%d8%af%d8%a9-%d8%a8%d8%a7%d9%84%d8%b4%d9%88%d9%83%d9%88%d9%84%d8%a7\/","title":{"rendered":"Petitfour med vanlig choklad"},"content":{"rendered":"<p>Njut av smaken av petitfours med vanlig choklad fr\u00e5n Sanabels onlinebutik.<br \/>\nDenna lyxiga dessert \u00e4r tillverkad av h\u00f6gkvalitativa och naturliga ingredienser och erbjuder en rik smak och oemotst\u00e5ndlig smak som passar alla tillf\u00e4llen och smaker.<\/p>\n<h3>Ingredienser:<\/h3>\n<p>Mj\u00f6l, \u00e4gg, vanilj, socker, sm\u00f6r, f\u00e4rsk gr\u00e4dde och premiumchoklad.<\/p>\n<h3>Inneh\u00e5ller Pettifor Plain Chocolate:<\/h3>\n<ul>\n<li><strong>Bra smak:<\/strong> Petitfour Plain Chocolate \u00e4r en rik och harmonisk kombination av len gr\u00e4dde och lyxig choklad.<\/li>\n<li><strong>Rik p\u00e5 n\u00e4rings\u00e4mnen:<\/strong> Inneh\u00e5ller pistagen\u00f6tter, som \u00e4r rika p\u00e5 protein och fibrer.<\/li>\n<li><strong>H\u00f6g kvalitet:<\/strong> Framst\u00e4lld med naturliga material och en traditionell metod som garanterar produktens kvalitet.<\/li>\n<li><strong>Perfekt omslagsdesign:<\/strong> Tilltalande och elegant design, l\u00e4mplig f\u00f6r servering vid evenemang och fester.<\/li>\n<\/ul>\n<p>Passar f\u00f6r alla tillf\u00e4llen: Pettifor Plain Cream &amp; Chocolate \u00e4r en uts\u00f6kt efterr\u00e4tt efter m\u00e5ltiden eller som en behandling f\u00f6r g\u00e4ster vid festliga tillf\u00e4llen, och kan l\u00e4ggas till i dessertmenyn vid speciella tillf\u00e4llen f\u00f6r en touch av lyx och utm\u00e4rkelse.<\/p>\n<h3>F\u00f6rvaringsanvisningar:<\/h3>\n<p>F\u00f6rvaras vid en temperatur under 18\u00b0C och skyddas fr\u00e5n solljus f\u00f6r att bevara kvaliteten.<br \/>\nButiken \u00e4r inte ansvarig f\u00f6r kundens d\u00e5liga f\u00f6rvaring.<\/p>\n<h3>Ytterligare information<\/h3>\n<p>Produkterna \u00e4r fria fr\u00e5n konserveringsmedel, ister, mejeriprodukter och GMO.<br \/>\n<span style=\"color: #ff0000;\"><strong>Tillverkad i Turkiet<\/strong><\/span><br \/>\nHandgjorda f\u00f6r hand f\u00f6r att s\u00e4kerst\u00e4lla kvaliteten.<\/p>\n<p>Missa inte chansen att prova Sanabel's Plain Cream and Chocolate Pettifour, prova redan idag och dela den med dina n\u00e4ra och k\u00e4ra f\u00f6r att njuta av en uts\u00f6kt smak tillsammans.<\/p>","protected":false},"excerpt":{"rendered":"<h2>500g<\/h2>\n<div><strong>L\u00e4ckra petitfours - njut av den autentiska smaken<\/strong><\/div>","protected":false},"featured_media":46268,"template":"","meta":[],"product_brand":[],"product_cat":[262,220],"product_tag":[222,263,271,272,273,274,226],"class_list":{"0":"post-39411","1":"product","2":"type-product","3":"status-publish","4":"has-post-thumbnail","6":"product_cat-262","7":"product_cat-220","8":"product_tag-222","9":"product_tag-263","10":"product_tag-271","11":"product_tag-272","12":"product_tag----500","13":"product_tag-274","14":"product_tag-226","16":"first","17":"outofstock","18":"taxable","19":"shipping-taxable","20":"purchasable","21":"product-type-simple"},"_links":{"self":[{"href":"https:\/\/senabel.com\/sv\/wp-json\/wp\/v2\/product\/39411","targetHints":{"allow":["GET"]}}],"collection":[{"href":"https:\/\/senabel.com\/sv\/wp-json\/wp\/v2\/product"}],"about":[{"href":"https:\/\/senabel.com\/sv\/wp-json\/wp\/v2\/types\/product"}],"version-history":[{"count":3,"href":"https:\/\/senabel.com\/sv\/wp-json\/wp\/v2\/product\/39411\/revisions"}],"predecessor-version":[{"id":51597,"href":"https:\/\/senabel.com\/sv\/wp-json\/wp\/v2\/product\/39411\/revisions\/51597"}],"wp:featuredmedia":[{"embeddable":true,"href":"https:\/\/senabel.com\/sv\/wp-json\/wp\/v2\/media\/46268"}],"wp:attachment":[{"href":"https:\/\/senabel.com\/sv\/wp-json\/wp\/v2\/media?parent=39411"}],"wp:term":[{"taxonomy":"product_brand","embeddable":true,"href":"https:\/\/senabel.com\/sv\/wp-json\/wp\/v2\/product_brand?post=39411"},{"taxonomy":"product_cat","embeddable":true,"href":"https:\/\/senabel.com\/sv\/wp-json\/wp\/v2\/product_cat?post=39411"},{"taxonomy":"product_tag","embeddable":true,"href":"https:\/\/senabel.com\/sv\/wp-json\/wp\/v2\/product_tag?post=39411"}],"curies":[{"name":"wp","href":"https:\/\/api.w.org\/{rel}","templated":true}]}}