{"id":39392,"date":"2024-11-20T19:31:51","date_gmt":"2024-11-20T19:31:51","guid":{"rendered":"https:\/\/senabel.com\/?post_type=product&#038;p=39392"},"modified":"2026-03-18T16:50:20","modified_gmt":"2026-03-18T16:50:20","slug":"extra-pistachio-baklava-500-g","status":"publish","type":"product","link":"https:\/\/senabel.com\/sv\/product\/%d8%a8%d9%82%d9%84%d8%a7%d9%88%d8%a9-%d9%85%d8%b4%d9%83%d9%84-%d8%a8%d8%a7%d9%84%d9%81%d8%b3%d8%aa%d9%82-%d8%a7%d9%83%d8%b3%d8%aa%d8%b1%d8%a7-500-%d8%ba\/","title":{"rendered":"Extra Pistachio Baklava 500 g"},"content":{"rendered":"<p>Njut av smaken av Syrian Pistachio Baklava Extra fr\u00e5n Sanabels onlinebutik.<br \/>\nDenna l\u00e4ckra dessert best\u00e5r av tunna lager av kunafadeg och flingor, en smakrik fyllning av hackade pistagen\u00f6tter, s\u00f6tad med lite socker f\u00f6r en distinkt s\u00f6tma och en autentisk levantinsk twist.<\/p>\n<h3>Produktinformation:<\/h3>\n<p><strong>Vikt:<\/strong> 500 g netto<br \/>\n<strong>F\u00f6rpackning:<\/strong> En elegant och vacker l\u00e5da, perfekt som present till v\u00e4nner och familj vid speciella tillf\u00e4llen och h\u00f6gtider.<br \/>\n<strong>Ingredienser:<\/strong> Vetemj\u00f6l, margarin, socker, pistagen\u00f6tter, st\u00e4rkelse, kunafa, mj\u00f6lkpulver.<\/p>\n<h3>L\u00e5dan inneh\u00e5ller:<\/h3>\n<ol>\n<li>Syrisk marmelad fylld med pistagen\u00f6tter och ett l\u00e4tt lager kunafa.<\/li>\n<li>Vita och r\u00f6da kristaller fyllda med pistagen\u00f6tter som \u00e4r fulla av smak.<\/li>\n<li>Smakrik a\u00e7a\u00ed med pistaschmandel.<\/li>\n<li>Pistaschpinnar med autentisk smak.<\/li>\n<li>En uts\u00f6kt och anv\u00e4ndbar kul och shakoor med pistaschsmak.<\/li>\n<li>L\u00e4cker pistasch Bulbuls bo.<\/li>\n<\/ol>\n<h3>Inneh\u00e5ller Pistachio Baklava Extra:<\/h3>\n<ul>\n<li><strong>Autentisk och distinkt smak:<\/strong> Reflekterar det rika arvet och kulturen i regionen.<\/li>\n<li><strong>Rik p\u00e5 n\u00e4rings\u00e4mnen:<\/strong> Inneh\u00e5ller pistagen\u00f6tter, som \u00e4r rika p\u00e5 protein och fibrer.<\/li>\n<li><strong>H\u00f6g kvalitet:<\/strong> Framst\u00e4lld med naturliga material och en traditionell metod som garanterar produktens kvalitet.<\/li>\n<li><strong>Perfekt omslagsdesign:<\/strong> Tilltalande och elegant design, l\u00e4mplig f\u00f6r servering vid evenemang och fester.<\/li>\n<\/ul>\n<p>Baklava kan \u00e4tas efter lunch eller serveras till g\u00e4ster vid speciella tillf\u00e4llen, och kan ocks\u00e5 l\u00e4ggas till i den festliga dessertmenyn f\u00f6r en touch av lyx och utm\u00e4rkelse.<\/p>\n<h3>F\u00f6rvaringsanvisningar:<\/h3>\n<p>F\u00f6rvaras vid en temperatur under 18\u00b0C och skyddas fr\u00e5n solljus f\u00f6r att bevara kvaliteten.<br \/>\nButiken \u00e4r inte ansvarig f\u00f6r kundens d\u00e5liga f\u00f6rvaring.<\/p>\n<h3>Ytterligare information<\/h3>\n<p>Produkterna \u00e4r fria fr\u00e5n konserveringsmedel, ister, mejeriprodukter och GMO.<br \/>\n<span style=\"color: #ff0000;\"><strong>Tillverkad i Turkiet<\/strong><\/span><\/p>\n<p>&nbsp;<\/p>\n<p>Missa inte chansen att prova Pistachio Extra Mixed Baklava fr\u00e5n Sanabel.<br \/>\nBoka din best\u00e4llning nu och njut av en unik kulinarisk upplevelse som f\u00e5r det att vattnas i munnen.<\/p>","protected":false},"excerpt":{"rendered":"<p><strong>500 g<\/strong><\/p>\n<p><strong>Baklavadesserterna \u00e4r gjorda av de b\u00e4sta ingredienserna av h\u00f6gsta kvalitet - njut av smaken av autentiskt arabiskt arv<\/strong><\/p>","protected":false},"featured_media":39516,"template":"","meta":[],"product_brand":[],"product_cat":[233,220],"product_tag":[222,223,269,226,270],"class_list":{"0":"post-39392","1":"product","2":"type-product","3":"status-publish","4":"has-post-thumbnail","6":"product_cat-233","7":"product_cat-220","8":"product_tag-222","9":"product_tag-223","10":"product_tag-269","11":"product_tag-226","12":"product_tag-270","14":"first","15":"outofstock","16":"taxable","17":"shipping-taxable","18":"purchasable","19":"product-type-simple"},"_links":{"self":[{"href":"https:\/\/senabel.com\/sv\/wp-json\/wp\/v2\/product\/39392","targetHints":{"allow":["GET"]}}],"collection":[{"href":"https:\/\/senabel.com\/sv\/wp-json\/wp\/v2\/product"}],"about":[{"href":"https:\/\/senabel.com\/sv\/wp-json\/wp\/v2\/types\/product"}],"version-history":[{"count":2,"href":"https:\/\/senabel.com\/sv\/wp-json\/wp\/v2\/product\/39392\/revisions"}],"predecessor-version":[{"id":47414,"href":"https:\/\/senabel.com\/sv\/wp-json\/wp\/v2\/product\/39392\/revisions\/47414"}],"wp:featuredmedia":[{"embeddable":true,"href":"https:\/\/senabel.com\/sv\/wp-json\/wp\/v2\/media\/39516"}],"wp:attachment":[{"href":"https:\/\/senabel.com\/sv\/wp-json\/wp\/v2\/media?parent=39392"}],"wp:term":[{"taxonomy":"product_brand","embeddable":true,"href":"https:\/\/senabel.com\/sv\/wp-json\/wp\/v2\/product_brand?post=39392"},{"taxonomy":"product_cat","embeddable":true,"href":"https:\/\/senabel.com\/sv\/wp-json\/wp\/v2\/product_cat?post=39392"},{"taxonomy":"product_tag","embeddable":true,"href":"https:\/\/senabel.com\/sv\/wp-json\/wp\/v2\/product_tag?post=39392"}],"curies":[{"name":"wp","href":"https:\/\/api.w.org\/{rel}","templated":true}]}}