{"id":39364,"date":"2024-11-20T19:30:30","date_gmt":"2024-11-20T19:30:30","guid":{"rendered":"https:\/\/senabel.com\/?post_type=product&#038;p=39364"},"modified":"2025-01-21T16:33:25","modified_gmt":"2025-01-21T16:33:25","slug":"ghazal-heel-date-maamoul-250g","status":"publish","type":"product","link":"https:\/\/senabel.com\/sv\/product\/%d9%85%d8%b9%d9%85%d9%88%d9%84-%d8%a8%d8%a7%d9%84%d8%aa%d9%85%d8%b1-%d9%83%d8%b9%d8%a8-%d8%a7%d9%84%d8%ba%d8%b2%d8%a7%d9%84-250%d8%ba\/","title":{"rendered":"Ghazal Heel Date Maamoul 250g"},"content":{"rendered":"<p>Njut av en o\u00f6vertr\u00e4ffad gastronomisk upplevelse med Sanabels Date Maamoul. Den tillagas med naturliga och h\u00f6gkvalitativa ingredienser f\u00f6r att ge en smakrik och distinkt smak som passar alla tillf\u00e4llen och smaker.<\/p>\n<h3>Produktinformation:<\/h3>\n<p><strong>Vikt:<\/strong> 250 g netto<br \/>\n<strong>F\u00f6rpackning:<\/strong> En elegant och vacker l\u00e5da, perfekt som present till v\u00e4nner och familj vid speciella tillf\u00e4llen och h\u00f6gtider.<br \/>\n<strong>Ingredienser:<\/strong> Vetemj\u00f6l, sm\u00f6r, socker, pistagen\u00f6tter, j\u00e4st, dadlar.<\/p>\n<h3>Egenskaper Gazelle Heel Datum Maamoul:<\/h3>\n<ul>\n<li><strong>Autentisk och distinkt smak:<\/strong> Med sin rika smak och harmoniska kombination av mjuk deg och v\u00e4lsmakande dadlar \u00e4r Maamoul med dadlar ett perfekt val f\u00f6r alla som \u00e4lskar orientaliska desserter.<\/li>\n<li><strong>H\u00f6g kvalitet:<\/strong> Framst\u00e4lld med naturliga material och en traditionell metod som garanterar produktens kvalitet.<\/li>\n<li><strong>Perfekt omslagsdesign:<\/strong> Tilltalande och elegant design, l\u00e4mplig f\u00f6r servering vid evenemang och fester.<\/li>\n<\/ul>\n<p>Desserter kan \u00e4tas som en godbit efter lunchen eller serveras till g\u00e4ster vid speciella tillf\u00e4llen, och kan ocks\u00e5 l\u00e4ggas till i den festliga dessertmenyn f\u00f6r att ge en unik touch.<\/p>\n<h3>F\u00f6rvaringsanvisningar:<\/h3>\n<p>F\u00f6rvaras vid en temperatur under 18\u00b0C och skyddas fr\u00e5n solljus f\u00f6r att bevara kvaliteten.<br \/>\nButiken \u00e4r inte ansvarig f\u00f6r kundens d\u00e5liga f\u00f6rvaring.<\/p>\n<h3>Ytterligare information<\/h3>\n<p>Produkterna \u00e4r fria fr\u00e5n konserveringsmedel, ister, mejeriprodukter och GMO.<br \/>\n<span style=\"color: #ff0000;\"><strong>Tillverkad i Turkiet<\/strong><\/span><br \/>\nHandgjorda f\u00f6r hand f\u00f6r att s\u00e4kerst\u00e4lla kvaliteten.<\/p>\n<p>&nbsp;<\/p>\n<p>Boka din best\u00e4llning nu fr\u00e5n Snapple och njut av den uts\u00f6kta smaken av Maamoul med dadlar som \u00e5terspeglar v\u00e5rt rika arv.<br \/>\nEn of\u00f6rgl\u00f6mlig smakupplevelse.<\/p>","protected":false},"excerpt":{"rendered":"<h2>250 g<\/h2>\n<p><strong>Tillverkad av de b\u00e4sta ingredienserna av h\u00f6gsta kvalitet - njut av smaken av det autentiska arabiska arvet<\/strong><\/p>","protected":false},"featured_media":39591,"template":"","meta":[],"product_brand":[],"product_cat":[220,221],"product_tag":[222,223,226,228,231,232],"class_list":{"0":"post-39364","1":"product","2":"type-product","3":"status-publish","4":"has-post-thumbnail","6":"product_cat-220","7":"product_cat-221","8":"product_tag-222","9":"product_tag-223","10":"product_tag-226","11":"product_tag-228","12":"product_tag-231","13":"product_tag-232","15":"first","16":"outofstock","17":"taxable","18":"shipping-taxable","19":"purchasable","20":"product-type-simple"},"_links":{"self":[{"href":"https:\/\/senabel.com\/sv\/wp-json\/wp\/v2\/product\/39364","targetHints":{"allow":["GET"]}}],"collection":[{"href":"https:\/\/senabel.com\/sv\/wp-json\/wp\/v2\/product"}],"about":[{"href":"https:\/\/senabel.com\/sv\/wp-json\/wp\/v2\/types\/product"}],"version-history":[{"count":1,"href":"https:\/\/senabel.com\/sv\/wp-json\/wp\/v2\/product\/39364\/revisions"}],"predecessor-version":[{"id":39592,"href":"https:\/\/senabel.com\/sv\/wp-json\/wp\/v2\/product\/39364\/revisions\/39592"}],"wp:featuredmedia":[{"embeddable":true,"href":"https:\/\/senabel.com\/sv\/wp-json\/wp\/v2\/media\/39591"}],"wp:attachment":[{"href":"https:\/\/senabel.com\/sv\/wp-json\/wp\/v2\/media?parent=39364"}],"wp:term":[{"taxonomy":"product_brand","embeddable":true,"href":"https:\/\/senabel.com\/sv\/wp-json\/wp\/v2\/product_brand?post=39364"},{"taxonomy":"product_cat","embeddable":true,"href":"https:\/\/senabel.com\/sv\/wp-json\/wp\/v2\/product_cat?post=39364"},{"taxonomy":"product_tag","embeddable":true,"href":"https:\/\/senabel.com\/sv\/wp-json\/wp\/v2\/product_tag?post=39364"}],"curies":[{"name":"wp","href":"https:\/\/api.w.org\/{rel}","templated":true}]}}