{"id":39363,"date":"2024-11-20T19:30:30","date_gmt":"2024-11-20T19:30:30","guid":{"rendered":"https:\/\/senabel.com\/?post_type=product&#038;p=39363"},"modified":"2026-03-22T14:44:57","modified_gmt":"2026-03-22T14:44:57","slug":"petitfour-rosenmix-500g","status":"publish","type":"product","link":"https:\/\/senabel.com\/sv\/product\/%d8%a8%d9%8a%d8%aa%d9%8a%d9%81%d9%88%d8%b1-%d9%88%d8%b1%d8%af%d8%a9-%d9%85%d8%b4%d9%83%d9%84-500%d8%ba\/","title":{"rendered":"Petitfour Rosenmix 500g"},"content":{"rendered":"<p>Njut av smaken av Petitfour och Shaped Rose fr\u00e5n Sanabels onlinebutik.<br \/>\nTillagad med naturliga och h\u00f6gkvalitativa ingredienser f\u00f6r att ge en rik smak och oemotst\u00e5ndlig smak som passar alla tillf\u00e4llen och smaker.<\/p>\n<h3>Produktinformation:<\/h3>\n<p><strong>Vikt:<\/strong> 500 g netto<br \/>\n<strong>F\u00f6rpackning:<\/strong> En elegant och vacker l\u00e5da, perfekt som present till v\u00e4nner och familj vid speciella tillf\u00e4llen och h\u00f6gtider.<br \/>\n<strong>Ingredienser:<\/strong> Mj\u00f6l, \u00e4gg, vanilj, socker, sm\u00f6r, f\u00e4rsk gr\u00e4dde, premiumchoklad.<\/p>\n<h3>Funktioner:<\/h3>\n<ul>\n<li><strong>Autentisk och distinkt smak:<\/strong> Petitfour Rose Mixed \u00e4r en rik och harmonisk kombination av mjuk gr\u00e4dde och lyxig choklad.<\/li>\n<li><strong>Rik p\u00e5 n\u00e4rings\u00e4mnen:<\/strong> Inneh\u00e5ller pistagen\u00f6tter, som \u00e4r rika p\u00e5 protein och fibrer.<\/li>\n<li><strong>H\u00f6g kvalitet:<\/strong> Framst\u00e4lld med naturliga material och en traditionell metod som garanterar produktens kvalitet.<\/li>\n<li><strong>Perfekt omslagsdesign:<\/strong> Tilltalande och elegant design, l\u00e4mplig f\u00f6r servering vid evenemang och fester.<\/li>\n<\/ul>\n<p>Perfekt f\u00f6r alla tillf\u00e4llen: Denna kr\u00e4miga och chokladiga ros\u00e9 petitfour kan \u00e4tas som en uts\u00f6kt dessert efter maten eller serveras till g\u00e4sterna vid evenemang och fester. Den kan ocks\u00e5 l\u00e4ggas till p\u00e5 dessertmenyn vid h\u00f6gtider och speciella tillf\u00e4llen f\u00f6r en lyxig touch.<\/p>\n<h3>F\u00f6rvaringsanvisningar:<\/h3>\n<p>F\u00f6rvaras vid en temperatur under 18\u00b0C och skyddas fr\u00e5n solljus f\u00f6r att bevara kvaliteten.<br \/>\nButiken \u00e4r inte ansvarig f\u00f6r kundens d\u00e5liga f\u00f6rvaring.<\/p>\n<h3>Ytterligare information<\/h3>\n<p>Produkterna \u00e4r fria fr\u00e5n konserveringsmedel, ister, mejeriprodukter och GMO.<br \/>\n<span style=\"color: #ff0000;\"><strong>Tillverkad i Turkiet<\/strong><\/span><br \/>\nHandgjorda f\u00f6r hand f\u00f6r att s\u00e4kerst\u00e4lla kvaliteten.<\/p>\n<p>&nbsp;<\/p>\n<p>Missa inte chansen att prova Sanabels Cream and Chocolate Rose Petitfour.<br \/>\nBoka din best\u00e4llning nu fr\u00e5n Sanabels onlinebutik h\u00e4r och njut av den smakrika desserten som \u00e5terspeglar v\u00e5rt rika arv.<\/p>","protected":false},"excerpt":{"rendered":"<h2>500g<\/h2>\n<div><strong>Petitfours l\u00e4ckra Mixed Rose-desserter \u00e4r gjorda av de b\u00e4sta ingredienserna av h\u00f6gsta kvalitet - njut av smaken av det autentiska arabiska arvet<\/strong><\/div>","protected":false},"featured_media":39615,"template":"","meta":[],"product_brand":[],"product_cat":[262,220],"product_tag":[222,263,271,272,273,274,226],"class_list":{"0":"post-39363","1":"product","2":"type-product","3":"status-publish","4":"has-post-thumbnail","6":"product_cat-262","7":"product_cat-220","8":"product_tag-222","9":"product_tag-263","10":"product_tag-271","11":"product_tag-272","12":"product_tag----500","13":"product_tag-274","14":"product_tag-226","16":"first","17":"outofstock","18":"taxable","19":"shipping-taxable","20":"purchasable","21":"product-type-simple"},"_links":{"self":[{"href":"https:\/\/senabel.com\/sv\/wp-json\/wp\/v2\/product\/39363","targetHints":{"allow":["GET"]}}],"collection":[{"href":"https:\/\/senabel.com\/sv\/wp-json\/wp\/v2\/product"}],"about":[{"href":"https:\/\/senabel.com\/sv\/wp-json\/wp\/v2\/types\/product"}],"version-history":[{"count":3,"href":"https:\/\/senabel.com\/sv\/wp-json\/wp\/v2\/product\/39363\/revisions"}],"predecessor-version":[{"id":61154,"href":"https:\/\/senabel.com\/sv\/wp-json\/wp\/v2\/product\/39363\/revisions\/61154"}],"wp:featuredmedia":[{"embeddable":true,"href":"https:\/\/senabel.com\/sv\/wp-json\/wp\/v2\/media\/39615"}],"wp:attachment":[{"href":"https:\/\/senabel.com\/sv\/wp-json\/wp\/v2\/media?parent=39363"}],"wp:term":[{"taxonomy":"product_brand","embeddable":true,"href":"https:\/\/senabel.com\/sv\/wp-json\/wp\/v2\/product_brand?post=39363"},{"taxonomy":"product_cat","embeddable":true,"href":"https:\/\/senabel.com\/sv\/wp-json\/wp\/v2\/product_cat?post=39363"},{"taxonomy":"product_tag","embeddable":true,"href":"https:\/\/senabel.com\/sv\/wp-json\/wp\/v2\/product_tag?post=39363"}],"curies":[{"name":"wp","href":"https:\/\/api.w.org\/{rel}","templated":true}]}}