{"id":39361,"date":"2024-11-20T19:30:30","date_gmt":"2024-11-20T19:30:30","guid":{"rendered":"https:\/\/senabel.com\/?post_type=product&#038;p=39361"},"modified":"2026-04-24T14:42:22","modified_gmt":"2026-04-24T14:42:22","slug":"cashew-aceh","status":"publish","type":"product","link":"https:\/\/senabel.com\/sv\/product\/%d8%a2%d8%b3%d9%8a%d8%a9-%d8%a8%d8%a7%d9%84%d9%83%d8%a7%d8%ac%d9%88\/","title":{"rendered":"Cashew Aceh"},"content":{"rendered":"<div id=\"box-description\" class=\"box-collateral box-description\">\n<p>Njut av en o\u00f6vertr\u00e4ffad upplevelse med Aasias cashewn\u00f6tsdesserter som \u00e5terspeglar det arabiska kulturarvets sk\u00f6nhet och prakt. Denna produkt k\u00e4nnetecknas av sina delikata lager och l\u00e4ckra cashewfyllning, tillverkad av h\u00f6gkvalitativa ingredienser, som \u00e4r s\u00f6tade med lite socker f\u00f6r en distinkt s\u00f6tma. De \u00e4r s\u00f6tade med lite socker f\u00f6r att f\u00e5 en distinkt s\u00f6tma och tillagade med omsorg, konsistens och smak.<\/p>\n<p>Denna produkt levereras i en vacker och elegant 500g nettoviktsl\u00e5da, vilket g\u00f6r den till en perfekt present till dina v\u00e4nner och familj vid speciella tillf\u00e4llen och h\u00f6gtider. Tack vare den omsorgsfulla beredningsmetoden och de naturliga material som anv\u00e4nds vid tillverkningen har denna produkt en h\u00f6g kvalitet och en fantastisk smak som kommer att finnas kvar i ditt minne under l\u00e5ng tid.<\/p>\n<h3><strong>Cashew asiatiska funktioner:<\/strong><\/h3>\n<ul>\n<li>Med sin ursprungliga och distinkta smak representerar Asiya Cashew Sweets smaken av regionens rika arv och kultur.<\/li>\n<li>Desserterna inneh\u00e5ller naturliga cashewn\u00f6tter som \u00e4r rika p\u00e5 n\u00e4rings\u00e4mnen, protein och fibrer, vilket g\u00f6r dem till ett h\u00e4lsosamt alternativ f\u00f6r rej\u00e4la desserter.<\/li>\n<li>Desserterna tillagas med hj\u00e4lp av h\u00f6gkvalitativa naturmaterial och den traditionella metoden, vilket garanterar produktens h\u00f6ga kvalitet.<\/li>\n<li>Produkten levereras i en snygg och attraktiv l\u00e5da som g\u00f6r den till en perfekt present till n\u00e4ra och k\u00e4ra vid speciella tillf\u00e4llen och h\u00f6gtider.<\/li>\n<li>Desserter kan \u00e4tas n\u00e4r som helst p\u00e5 dagen, oavsett om du vill ha dem som en l\u00e4tt dessert efter lunch, p\u00e5 kv\u00e4llen eller p\u00e5 morgonen till te eller kaffe.<\/li>\n<li>Handgjorda f\u00f6r att s\u00e4kerst\u00e4lla kvaliteten.<\/li>\n<\/ul>\n<p>Asya Cashew Desserts \u00e4r ett perfekt val f\u00f6r dem som letar efter l\u00e4ckra desserter som kombinerar autentisk smak och kvalitet och som representerar v\u00e5rt rika arv och v\u00e5r orientaliska kultur.<\/p>\n<p>Dessa desserter finns i f\u00f6rpackningar som passar alla behov och \u00e4r ett utm\u00e4rkt val f\u00f6r personer som s\u00f6ker traditionella orientaliska desserter av h\u00f6g kvalitet och med unik smak.<\/p>\n<h3><strong>Ingredienser:<\/strong><\/h3>\n<p><span style=\"color: #ff0000;\">Sl\u00e5 p\u00e5 m\u00e5nen<\/span>+ Original margarin + socker + <span style=\"color: #ff0000;\">Cashewn\u00f6t<\/span> + <span style=\"color: #ff0000;\">St\u00e4rkelse<\/span> +\u00a0 <span style=\"color: #ff0000;\">Mj\u00f6lk med pulver<\/span><\/p>\n<p>V\u00e5ra produkter \u00e4r fria fr\u00e5n ister, mejeriprodukter och GMO.<\/p>\n<h3>F\u00f6rvaringsanvisningar:<\/h3>\n<p>De m\u00e5ste f\u00f6rvaras vid temperaturer under (18\u00b0C) och vi ansvarar inte f\u00f6r d\u00e5lig f\u00f6rvaring hos kunden.<\/p>\n<p>Tillverkad i Turkiet.<\/p>\n<p>Boka din best\u00e4llning nu fr\u00e5n Sanabels onlinebutik <a href=\"https:\/\/senabel.com\/sv\/senabel\/\">H\u00e4r<\/a>Njut av de smakrika desserterna som \u00e5terspeglar v\u00e5rt rika arv och njut av en of\u00f6rgl\u00f6mlig och oemotst\u00e5ndlig gastronomisk upplevelse.<\/p>\n<\/div>","protected":false},"excerpt":{"rendered":"<h2>500g<\/h2>\n<p><strong>Tillverkad med de b\u00e4sta ingredienserna av h\u00f6gsta kvalitet - njut av den autentiska smaken av det arabiska arvet<\/strong><\/p>","protected":false},"featured_media":39493,"template":"","meta":[],"product_brand":[],"product_cat":[233,220],"product_tag":[266,222,252,223,253,226],"class_list":{"0":"post-39361","1":"product","2":"type-product","3":"status-publish","4":"has-post-thumbnail","6":"product_cat-233","7":"product_cat-220","8":"product_tag-266","9":"product_tag-222","10":"product_tag-252","11":"product_tag-223","12":"product_tag-253","13":"product_tag-226","15":"first","16":"instock","17":"taxable","18":"shipping-taxable","19":"purchasable","20":"product-type-simple"},"_links":{"self":[{"href":"https:\/\/senabel.com\/sv\/wp-json\/wp\/v2\/product\/39361","targetHints":{"allow":["GET"]}}],"collection":[{"href":"https:\/\/senabel.com\/sv\/wp-json\/wp\/v2\/product"}],"about":[{"href":"https:\/\/senabel.com\/sv\/wp-json\/wp\/v2\/types\/product"}],"version-history":[{"count":2,"href":"https:\/\/senabel.com\/sv\/wp-json\/wp\/v2\/product\/39361\/revisions"}],"predecessor-version":[{"id":56459,"href":"https:\/\/senabel.com\/sv\/wp-json\/wp\/v2\/product\/39361\/revisions\/56459"}],"wp:featuredmedia":[{"embeddable":true,"href":"https:\/\/senabel.com\/sv\/wp-json\/wp\/v2\/media\/39493"}],"wp:attachment":[{"href":"https:\/\/senabel.com\/sv\/wp-json\/wp\/v2\/media?parent=39361"}],"wp:term":[{"taxonomy":"product_brand","embeddable":true,"href":"https:\/\/senabel.com\/sv\/wp-json\/wp\/v2\/product_brand?post=39361"},{"taxonomy":"product_cat","embeddable":true,"href":"https:\/\/senabel.com\/sv\/wp-json\/wp\/v2\/product_cat?post=39361"},{"taxonomy":"product_tag","embeddable":true,"href":"https:\/\/senabel.com\/sv\/wp-json\/wp\/v2\/product_tag?post=39361"}],"curies":[{"name":"wp","href":"https:\/\/api.w.org\/{rel}","templated":true}]}}