{"id":39360,"date":"2024-11-20T19:30:30","date_gmt":"2024-11-20T19:30:30","guid":{"rendered":"https:\/\/senabel.com\/?post_type=product&#038;p=39360"},"modified":"2026-04-24T14:41:48","modified_gmt":"2026-04-24T14:41:48","slug":"cashewstavar-500-g","status":"publish","type":"product","link":"https:\/\/senabel.com\/sv\/product\/%d8%a3%d8%b5%d8%a7%d8%a8%d8%b9-%d8%a7%d9%84%d9%83%d8%a7%d8%ac%d9%88-500-%d8%ba\/","title":{"rendered":"Cashewstavar 500 g"},"content":{"rendered":"<p>Unna dig lyxiga cashewpinnar som \u00e5terspeglar det arabiska arvet med sina delikata lager av kunafa och fyllda med hackade cashewn\u00f6tter.<br \/>\nCashewpinnarna \u00e4r tillverkade enligt h\u00f6gsta kvalitetsstandard och s\u00f6tade med en distinkt sockersmak och en \u00e4kta Shamiya-twist.<\/p>\n<h3>Produktinformation:<\/h3>\n<p><strong>Vikt:<\/strong> 500 g netto<br \/>\n<strong>F\u00f6rpackning:<\/strong> En elegant och vacker l\u00e5da, perfekt som present till v\u00e4nner och familj vid speciella tillf\u00e4llen och h\u00f6gtider.<br \/>\n<strong>Ingredienser:<\/strong> Vetemj\u00f6l, margarin, socker, cashewn\u00f6tter, st\u00e4rkelse, mj\u00f6lkpulver.<\/p>\n<h3>Cashewpinnar med egenskaper:<\/h3>\n<ul>\n<li><strong>Autentisk och distinkt smak:<\/strong> Reflekterar det rika arvet och kulturen i regionen.<\/li>\n<li><strong>Rik p\u00e5 n\u00e4rings\u00e4mnen:<\/strong> De inneh\u00e5ller n\u00e4ringsrika naturliga cashewn\u00f6tter som \u00e4r rika p\u00e5 protein och fibrer, vilket g\u00f6r dem till ett h\u00e4lsosamt val.<\/li>\n<li><strong>H\u00f6g kvalitet:<\/strong> Framst\u00e4lld med naturliga material och en traditionell metod som garanterar produktens kvalitet.<\/li>\n<li><strong>Perfekt omslagsdesign:<\/strong> Tilltalande och elegant design, l\u00e4mplig f\u00f6r servering vid evenemang och fester.<\/li>\n<\/ul>\n<p><strong>Den \u00e4r tidl\u00f6s:<\/strong> De kan \u00e4tas n\u00e4r som helst p\u00e5 dygnet, som dessert efter lunch eller som ett lyxigt komplement till te eller kaffe.<\/p>\n<h3>F\u00f6rvaringsanvisningar:<\/h3>\n<p>F\u00f6rvaras vid en temperatur under 18\u00b0C och skyddas fr\u00e5n solljus f\u00f6r att bevara kvaliteten.<br \/>\nButiken \u00e4r inte ansvarig f\u00f6r kundens d\u00e5liga f\u00f6rvaring.<\/p>\n<h3>Ytterligare information<\/h3>\n<p>Produkterna \u00e4r fria fr\u00e5n konserveringsmedel, ister, mejeriprodukter och GMO.<br \/>\n<span style=\"color: #ff0000;\"><strong>Tillverkad i Turkiet<\/strong><\/span><br \/>\nHandgjorda f\u00f6r hand f\u00f6r att s\u00e4kerst\u00e4lla kvaliteten.<\/p>\n<p>&nbsp;<\/p>\n<p>Boka din best\u00e4llning nu fr\u00e5n Sanabels webbutik och njut av en fantastisk smak som \u00e5terspeglar v\u00e5rt rika arv och ger en of\u00f6rgl\u00f6mlig smakupplevelse.<\/p>","protected":false},"excerpt":{"rendered":"<h2>500g<\/h2>\n<p><strong>Tillverkad med de b\u00e4sta ingredienserna av h\u00f6gsta kvalitet - njut av den autentiska smaken av det arabiska arvet<\/strong><\/p>","protected":false},"featured_media":39405,"template":"","meta":[],"product_brand":[],"product_cat":[233,220],"product_tag":[243,222,223,239,253,226],"class_list":{"0":"post-39360","1":"product","2":"type-product","3":"status-publish","4":"has-post-thumbnail","6":"product_cat-233","7":"product_cat-220","8":"product_tag-243","9":"product_tag-222","10":"product_tag-223","11":"product_tag-239","12":"product_tag-253","13":"product_tag-226","15":"first","16":"instock","17":"taxable","18":"shipping-taxable","19":"purchasable","20":"product-type-simple"},"_links":{"self":[{"href":"https:\/\/senabel.com\/sv\/wp-json\/wp\/v2\/product\/39360","targetHints":{"allow":["GET"]}}],"collection":[{"href":"https:\/\/senabel.com\/sv\/wp-json\/wp\/v2\/product"}],"about":[{"href":"https:\/\/senabel.com\/sv\/wp-json\/wp\/v2\/types\/product"}],"version-history":[{"count":2,"href":"https:\/\/senabel.com\/sv\/wp-json\/wp\/v2\/product\/39360\/revisions"}],"predecessor-version":[{"id":50193,"href":"https:\/\/senabel.com\/sv\/wp-json\/wp\/v2\/product\/39360\/revisions\/50193"}],"wp:featuredmedia":[{"embeddable":true,"href":"https:\/\/senabel.com\/sv\/wp-json\/wp\/v2\/media\/39405"}],"wp:attachment":[{"href":"https:\/\/senabel.com\/sv\/wp-json\/wp\/v2\/media?parent=39360"}],"wp:term":[{"taxonomy":"product_brand","embeddable":true,"href":"https:\/\/senabel.com\/sv\/wp-json\/wp\/v2\/product_brand?post=39360"},{"taxonomy":"product_cat","embeddable":true,"href":"https:\/\/senabel.com\/sv\/wp-json\/wp\/v2\/product_cat?post=39360"},{"taxonomy":"product_tag","embeddable":true,"href":"https:\/\/senabel.com\/sv\/wp-json\/wp\/v2\/product_tag?post=39360"}],"curies":[{"name":"wp","href":"https:\/\/api.w.org\/{rel}","templated":true}]}}