{"id":39358,"date":"2024-11-20T19:30:30","date_gmt":"2024-11-20T19:30:30","guid":{"rendered":"https:\/\/senabel.com\/?post_type=product&#038;p=39358"},"modified":"2024-11-20T19:35:07","modified_gmt":"2024-11-20T19:35:07","slug":"tralada-med-ringlada-inlagd-med-snackskal","status":"publish","type":"product","link":"https:\/\/senabel.com\/sv\/product\/%d8%b9%d9%84%d8%a8%d8%a9-%d8%ae%d8%a7%d8%aa%d9%85-%d8%b5%d9%86%d8%af%d9%88%d9%82-%d8%ae%d8%b4%d8%a8%d9%8a-%d9%85%d8%b9%d8%b4%d9%82-%d8%a8%d8%a7%d9%84%d8%b5%d8%af%d9%81-%d8%a7%d9%84%d8%a8%d8%ad%d8%b1\/","title":{"rendered":"Ringl\u00e5da | Sn\u00e4ckskal Tr\u00e4l\u00e5da"},"content":{"rendered":"<ul>\n<li>Ringbox i valn\u00f6tstr\u00e4<\/li>\n<li>\u0635\u0646\u0627\u0639\u0629 \u064a\u062f\u0648\u064a\u0629 %100<\/li>\n<li>Storlek: 5.5*8*8<\/li>\n<\/ul>\n<p>En tr\u00e4kista av massivt valn\u00f6tstr\u00e4 med inl\u00e4ggningar av sn\u00e4ckor, ett uts\u00f6kt konstverk som kombinerar tr\u00e4ets naturliga sk\u00f6nhet med magin i sn\u00e4ckornas f\u00e4rger och detaljerade m\u00f6nster. En unik och invecklad detalj, tr\u00e4ytan \u00e4r t\u00e4ckt med sm\u00e5 bitar av sn\u00e4ckskal som bildar vackra former och m\u00f6nster.<\/p>\n<p>En mosaikteknik som g\u00e5r tillbaka till antiken anv\u00e4ndes f\u00f6r att skapa denna unika l\u00e5da. Sn\u00e4ckorna sk\u00e4rs i sm\u00e5 bitar av olika storlek och form, som sedan arrangeras och f\u00e4sts s\u00e4kert p\u00e5 tr\u00e4ytan. F\u00e4rger och m\u00f6nster kombineras p\u00e5 ett harmoniskt s\u00e4tt och skapar en vacker och \u00f6verraskande visuell effekt.<\/p>\n<p>Den h\u00e4r mosaikskrinet i tr\u00e4 har ett unikt och sofistikerat utseende, vilket g\u00f6r det till ett fantastiskt dekorativt f\u00f6rem\u00e5l som ger en touch av elegans och lyx till alla utrymmen. Den kan anv\u00e4ndas som smyckesf\u00f6rvaring, f\u00f6r att h\u00e5lla dina v\u00e4rdesaker s\u00e4kra eller helt enkelt som ett konstverk som f\u00f6rh\u00f6jer sk\u00f6nheten i vilket rum som helst.<\/p>\n<p>Med sina h\u00f6gkvalitativa material och sitt noggranna utf\u00f6rande erbjuder denna mosaikkista i tr\u00e4 exceptionell h\u00e5llbarhet och styrka. Dess sl\u00e4ta yta och lyxiga finish g\u00f6r den till ett konstverk som verkligen \u00e4r unikt i sitt slag.<\/p>\n<p>G\u00f6r denna tr\u00e4l\u00e5da dekorerad med sn\u00e4ckor till ett m\u00e4sterverk f\u00f6r ditt hem eller kontor, eller en speciell present till en \u00e4lskad person.<\/p>\n<p>Hitta fler produkter genom att bes\u00f6ka Sanabels onlinebutik:\u00a0<a href=\"https:\/\/senabel.com\/sv\/\">H\u00e4r<\/a><\/p>","protected":false},"excerpt":{"rendered":"<p>Tr\u00e4l\u00e5da av massivt valn\u00f6tstr\u00e4 med naturliga sn\u00e4ckskal<\/p>","protected":false},"featured_media":39468,"template":"","meta":[],"product_brand":[],"product_cat":[260,227],"product_tag":[],"class_list":{"0":"post-39358","1":"product","2":"type-product","3":"status-publish","4":"has-post-thumbnail","6":"product_cat-260","7":"product_cat-227","9":"first","10":"outofstock","11":"sale","12":"taxable","13":"shipping-taxable","14":"purchasable","15":"product-type-simple"},"_links":{"self":[{"href":"https:\/\/senabel.com\/sv\/wp-json\/wp\/v2\/product\/39358","targetHints":{"allow":["GET"]}}],"collection":[{"href":"https:\/\/senabel.com\/sv\/wp-json\/wp\/v2\/product"}],"about":[{"href":"https:\/\/senabel.com\/sv\/wp-json\/wp\/v2\/types\/product"}],"version-history":[{"count":1,"href":"https:\/\/senabel.com\/sv\/wp-json\/wp\/v2\/product\/39358\/revisions"}],"predecessor-version":[{"id":39469,"href":"https:\/\/senabel.com\/sv\/wp-json\/wp\/v2\/product\/39358\/revisions\/39469"}],"wp:featuredmedia":[{"embeddable":true,"href":"https:\/\/senabel.com\/sv\/wp-json\/wp\/v2\/media\/39468"}],"wp:attachment":[{"href":"https:\/\/senabel.com\/sv\/wp-json\/wp\/v2\/media?parent=39358"}],"wp:term":[{"taxonomy":"product_brand","embeddable":true,"href":"https:\/\/senabel.com\/sv\/wp-json\/wp\/v2\/product_brand?post=39358"},{"taxonomy":"product_cat","embeddable":true,"href":"https:\/\/senabel.com\/sv\/wp-json\/wp\/v2\/product_cat?post=39358"},{"taxonomy":"product_tag","embeddable":true,"href":"https:\/\/senabel.com\/sv\/wp-json\/wp\/v2\/product_tag?post=39358"}],"curies":[{"name":"wp","href":"https:\/\/api.w.org\/{rel}","templated":true}]}}