{"id":39357,"date":"2024-11-20T19:30:30","date_gmt":"2024-11-20T19:30:30","guid":{"rendered":"https:\/\/senabel.com\/?post_type=product&#038;p=39357"},"modified":"2024-11-20T19:34:47","modified_gmt":"2024-11-20T19:34:47","slug":"lyxigt-smyckeskrin","status":"publish","type":"product","link":"https:\/\/senabel.com\/sv\/product\/%d8%b9%d9%84%d8%a8%d8%a9-%d9%85%d8%ac%d9%88%d9%87%d8%b1%d8%a7%d8%aa-%d9%81%d8%a7%d8%ae%d8%b1%d8%a9\/","title":{"rendered":"Lyxigt smyckeskrin"},"content":{"rendered":"<ul>\n<li>Lyxigt smyckeskrin<\/li>\n<li>\u0635\u0646\u0627\u0639\u0629 \u064a\u062f\u0648\u064a\u0629 %100<\/li>\n<li>Storlek: 5.5*12*12<\/li>\n<\/ul>\n<p>Green Shell and Seashell Walnut Luxury Jewellery Box \u00e4r ett unikt smyckeskrin som kombinerar naturlig sk\u00f6nhet med raffinerad design. Smyckeskrinet \u00e4r designat med h\u00f6gsta m\u00f6jliga hantverksskicklighet och \u00e4r ett m\u00e4sterverk av lyx och elegans.<\/p>\n<p>L\u00e5dan har en stomme av f\u00f6rstklassigt valn\u00f6tstr\u00e4, vilket ger den ett varmt och stabilt utseende. Tr\u00e4et \u00e4r omsorgsfullt gjutet och snidat f\u00f6r att skapa uts\u00f6kta och eleganta detaljer, vilket ger fodralet en unik karakt\u00e4r.<\/p>\n<p>Gr\u00f6na sn\u00e4ckskal och naturliga sn\u00e4ckskal har omsorgsfullt anv\u00e4nts f\u00f6r att dekorera fodralet. Sn\u00e4ckskalen har anv\u00e4nts f\u00f6r att skapa ett unikt m\u00f6nster av f\u00e4rger och m\u00f6nster, vilket ger en vacker och f\u00f6rtrollande visuell effekt. Sn\u00e4ckskalen \u00e4r omsorgsfullt arrangerade och omsorgsfullt f\u00e4sta p\u00e5 ytan, vilket f\u00f6rh\u00f6jer designens sk\u00f6nhet och ger en touch av h\u00f6g konst.<\/p>\n<p>Fodralet \u00e4r omsorgsfullt utformat f\u00f6r att s\u00e4kert f\u00f6rvara dyrbara smycken och \u00e4delstenar.<\/p>\n<p>Hitta fler produkter genom att bes\u00f6ka Sanabels onlinebutik:\u00a0<a href=\"https:\/\/senabel.com\/sv\/\">H\u00e4r<\/a><\/p>","protected":false},"excerpt":{"rendered":"<p>Lyxigt smyckeskrin av valn\u00f6tstr\u00e4 och dekorerat med sn\u00e4ckor och gr\u00f6na sn\u00e4ckskal<\/p>","protected":false},"featured_media":39462,"template":"","meta":[],"product_brand":[],"product_cat":[260],"product_tag":[261],"class_list":{"0":"post-39357","1":"product","2":"type-product","3":"status-publish","4":"has-post-thumbnail","6":"product_cat-260","7":"product_tag-261","9":"first","10":"outofstock","11":"taxable","12":"shipping-taxable","13":"purchasable","14":"product-type-simple"},"_links":{"self":[{"href":"https:\/\/senabel.com\/sv\/wp-json\/wp\/v2\/product\/39357","targetHints":{"allow":["GET"]}}],"collection":[{"href":"https:\/\/senabel.com\/sv\/wp-json\/wp\/v2\/product"}],"about":[{"href":"https:\/\/senabel.com\/sv\/wp-json\/wp\/v2\/types\/product"}],"version-history":[{"count":1,"href":"https:\/\/senabel.com\/sv\/wp-json\/wp\/v2\/product\/39357\/revisions"}],"predecessor-version":[{"id":39463,"href":"https:\/\/senabel.com\/sv\/wp-json\/wp\/v2\/product\/39357\/revisions\/39463"}],"wp:featuredmedia":[{"embeddable":true,"href":"https:\/\/senabel.com\/sv\/wp-json\/wp\/v2\/media\/39462"}],"wp:attachment":[{"href":"https:\/\/senabel.com\/sv\/wp-json\/wp\/v2\/media?parent=39357"}],"wp:term":[{"taxonomy":"product_brand","embeddable":true,"href":"https:\/\/senabel.com\/sv\/wp-json\/wp\/v2\/product_brand?post=39357"},{"taxonomy":"product_cat","embeddable":true,"href":"https:\/\/senabel.com\/sv\/wp-json\/wp\/v2\/product_cat?post=39357"},{"taxonomy":"product_tag","embeddable":true,"href":"https:\/\/senabel.com\/sv\/wp-json\/wp\/v2\/product_tag?post=39357"}],"curies":[{"name":"wp","href":"https:\/\/api.w.org\/{rel}","templated":true}]}}