{"id":39356,"date":"2024-11-20T19:30:30","date_gmt":"2024-11-20T19:30:30","guid":{"rendered":"https:\/\/senabel.com\/?post_type=product&#038;p=39356"},"modified":"2024-11-20T19:34:22","modified_gmt":"2024-11-20T19:34:22","slug":"lyxig-ringbox","status":"publish","type":"product","link":"https:\/\/senabel.com\/sv\/product\/%d8%b9%d9%84%d8%a8%d8%a9-%d8%ae%d8%a7%d8%aa%d9%85-%d9%81%d8%a7%d8%ae%d8%b1%d8%a9\/","title":{"rendered":"Lyxig ringbox"},"content":{"rendered":"<ul>\n<li>Lyxig ringbox<\/li>\n<li>\u0635\u0646\u0627\u0639\u0629 \u064a\u062f\u0648\u064a\u0629 %100<\/li>\n<li>Storlek: 5.5*6.5*6.5<\/li>\n<\/ul>\n<p>Denna ringl\u00e5da i valn\u00f6tstr\u00e4 med gr\u00f6na sn\u00e4ckor och sn\u00e4ckskal \u00e4r ett uts\u00f6kt f\u00f6rem\u00e5l som kombinerar tr\u00e4ets naturliga lyx med magin i sn\u00e4ckornas klara f\u00e4rger. Det h\u00e4r elegant designade skrinet \u00e4r perfekt f\u00f6r att f\u00f6rvara och visa upp dina dyrbara ringar.<\/p>\n<p>L\u00e5dan har en stomme av f\u00f6rstklassigt valn\u00f6tstr\u00e4, vilket ger den ett varmt och stabilt utseende. Tr\u00e4et har omsorgsfullt formats f\u00f6r att skapa en genomarbetad och elegant design som f\u00f6rh\u00f6jer fodralets sk\u00f6nhet.<\/p>\n<p>Gr\u00f6na sn\u00e4ckskal och naturliga sn\u00e4ckskal har anv\u00e4nts p\u00e5 ett skickligt s\u00e4tt f\u00f6r att dekorera fodralet. Sn\u00e4ckorna \u00e4r skurna i olika former och konstn\u00e4rligt arrangerade p\u00e5 tr\u00e4ytan, vilket skapar en vacker och gnistrande visuell effekt. Sn\u00e4ckornas ljusa f\u00e4rger och vackra m\u00f6nster kontrasterar vackert mot tr\u00e4et och ger v\u00e4skan en k\u00e4nsla av sofistikerad lyx.<\/p>\n<p>Fodralet har en \u00f6ppning i mitten d\u00e4r du kan f\u00f6rvara din dyrbara ring p\u00e5 ett tryggt och s\u00e4kert s\u00e4tt. Fodralet har en l\u00e4mplig storlek f\u00f6r att perfekt placera din ring och skydda den fr\u00e5n repor och skador.<\/p>\n<p>Den h\u00e4r ringboxen \u00e4r tillverkad av valn\u00f6tstr\u00e4 och dekorerad med gr\u00f6na sn\u00e4ckskal och sn\u00e4ckor och \u00e4r ett utm\u00e4rkt f\u00f6rem\u00e5l f\u00f6r att visa upp din dyrbara ring och ge din smyckessamling en touch av elegans och lyx. Den speglar naturens sk\u00f6nhet och understryker den handgjorda designens prakt.<\/p>\n<p>Hitta fler produkter genom att bes\u00f6ka Sanabels onlinebutik:\u00a0<a href=\"https:\/\/senabel.com\/sv\/\">H\u00e4r<\/a><\/p>","protected":false},"excerpt":{"rendered":"<p>\u0639\u0644\u0628\u0629 \u062e\u0627\u062a\u0645 \u0641\u0627\u062e\u0631\u0629 \u0635\u0646\u0627\u0639\u0629 \u064a\u062f\u0648\u064a\u0629 %100 \u0645\u0642\u0627\u0633: 5.5*6.5*6.5 \u0639\u0644\u0628\u0629 \u0627\u0644\u062e\u0627\u062a\u0645 \u0627\u0644\u0645\u0635\u0646\u0648\u0639\u0629 \u0645\u0646 \u062e\u0634\u0628 \u0627\u0644\u062c\u0648\u0632 \u0648\u0645\u0639\u0634\u0642\u0629 \u0628\u0627\u0644\u0635\u062f\u0641 \u0627\u0644\u0623\u062e\u0636\u0631 \u0648\u0627\u0644\u0635\u062f\u0641 \u0627\u0644\u0628\u062d\u0631\u064a \u0647\u064a<\/p>","protected":false},"featured_media":39455,"template":"","meta":[],"product_brand":[],"product_cat":[260,227],"product_tag":[261],"class_list":{"0":"post-39356","1":"product","2":"type-product","3":"status-publish","4":"has-post-thumbnail","6":"product_cat-260","7":"product_cat-227","8":"product_tag-261","10":"first","11":"outofstock","12":"sale","13":"taxable","14":"shipping-taxable","15":"purchasable","16":"product-type-simple"},"_links":{"self":[{"href":"https:\/\/senabel.com\/sv\/wp-json\/wp\/v2\/product\/39356","targetHints":{"allow":["GET"]}}],"collection":[{"href":"https:\/\/senabel.com\/sv\/wp-json\/wp\/v2\/product"}],"about":[{"href":"https:\/\/senabel.com\/sv\/wp-json\/wp\/v2\/types\/product"}],"version-history":[{"count":1,"href":"https:\/\/senabel.com\/sv\/wp-json\/wp\/v2\/product\/39356\/revisions"}],"predecessor-version":[{"id":39456,"href":"https:\/\/senabel.com\/sv\/wp-json\/wp\/v2\/product\/39356\/revisions\/39456"}],"wp:featuredmedia":[{"embeddable":true,"href":"https:\/\/senabel.com\/sv\/wp-json\/wp\/v2\/media\/39455"}],"wp:attachment":[{"href":"https:\/\/senabel.com\/sv\/wp-json\/wp\/v2\/media?parent=39356"}],"wp:term":[{"taxonomy":"product_brand","embeddable":true,"href":"https:\/\/senabel.com\/sv\/wp-json\/wp\/v2\/product_brand?post=39356"},{"taxonomy":"product_cat","embeddable":true,"href":"https:\/\/senabel.com\/sv\/wp-json\/wp\/v2\/product_cat?post=39356"},{"taxonomy":"product_tag","embeddable":true,"href":"https:\/\/senabel.com\/sv\/wp-json\/wp\/v2\/product_tag?post=39356"}],"curies":[{"name":"wp","href":"https:\/\/api.w.org\/{rel}","templated":true}]}}