{"id":39348,"date":"2024-11-20T19:30:29","date_gmt":"2024-11-20T19:30:29","guid":{"rendered":"https:\/\/senabel.com\/?post_type=product&#038;p=39348"},"modified":"2025-05-31T13:28:44","modified_gmt":"2025-05-31T13:28:44","slug":"valnotskorv-500g","status":"publish","type":"product","link":"https:\/\/senabel.com\/sv\/product\/%d8%b3%d8%ac%d9%82-%d8%a8%d8%a7%d9%84%d8%ac%d9%88%d8%b2-500%d8%ba\/","title":{"rendered":"Valn\u00f6tskorv 500g"},"content":{"rendered":"<p>&nbsp;<\/p>\n<p><span class=\"VIiyi\" lang=\"en\"><span class=\"JLqJ4b ChMk0b\" data-language-for-alternatives=\"en\" data-language-to-translate-into=\"ar\" data-phrase-index=\"0\">Med v\u00e5r l\u00e5nga erfarenhet av<\/span><\/span>Med v\u00e5r erfarenhet och v\u00e5rt engagemang f\u00f6r internationella tillverkningsstandarder erbjuder vi dig de b\u00e4sta korvprodukterna, d\u00e4r de b\u00e4sta typerna av mj\u00f6l och de finaste typerna av n\u00f6tter f\u00f6r en starkare och mer energisk smak<\/p>","protected":false},"excerpt":{"rendered":"<h2>700g<\/h2>\n<p>Ingredienser: <span style=\"color: #ff0000;\">Vetemj\u00f6l<\/span> + <span style=\"color: #ff0000;\">Sm\u00f6r<\/span>+ socker + melass + j\u00e4st + <span style=\"color: #ff0000;\">Valn\u00f6tter<\/span><\/p>\n<p>\u064a\u062c\u0628 \u062d\u0641\u0638\u0647\u0627 \u0628\u062d\u0631\u0627\u0631\u0629 \u0623\u0642\u0644 \u0645\u0646 %18<\/p>","protected":false},"featured_media":39427,"template":"","meta":[],"product_brand":[],"product_cat":[233,220],"product_tag":[],"class_list":{"0":"post-39348","1":"product","2":"type-product","3":"status-publish","4":"has-post-thumbnail","6":"product_cat-233","7":"product_cat-220","9":"first","10":"outofstock","11":"taxable","12":"shipping-taxable","13":"purchasable","14":"product-type-simple"},"_links":{"self":[{"href":"https:\/\/senabel.com\/sv\/wp-json\/wp\/v2\/product\/39348","targetHints":{"allow":["GET"]}}],"collection":[{"href":"https:\/\/senabel.com\/sv\/wp-json\/wp\/v2\/product"}],"about":[{"href":"https:\/\/senabel.com\/sv\/wp-json\/wp\/v2\/types\/product"}],"version-history":[{"count":1,"href":"https:\/\/senabel.com\/sv\/wp-json\/wp\/v2\/product\/39348\/revisions"}],"predecessor-version":[{"id":39428,"href":"https:\/\/senabel.com\/sv\/wp-json\/wp\/v2\/product\/39348\/revisions\/39428"}],"wp:featuredmedia":[{"embeddable":true,"href":"https:\/\/senabel.com\/sv\/wp-json\/wp\/v2\/media\/39427"}],"wp:attachment":[{"href":"https:\/\/senabel.com\/sv\/wp-json\/wp\/v2\/media?parent=39348"}],"wp:term":[{"taxonomy":"product_brand","embeddable":true,"href":"https:\/\/senabel.com\/sv\/wp-json\/wp\/v2\/product_brand?post=39348"},{"taxonomy":"product_cat","embeddable":true,"href":"https:\/\/senabel.com\/sv\/wp-json\/wp\/v2\/product_cat?post=39348"},{"taxonomy":"product_tag","embeddable":true,"href":"https:\/\/senabel.com\/sv\/wp-json\/wp\/v2\/product_tag?post=39348"}],"curies":[{"name":"wp","href":"https:\/\/api.w.org\/{rel}","templated":true}]}}