{"id":39346,"date":"2024-11-20T19:30:29","date_gmt":"2024-11-20T19:30:29","guid":{"rendered":"https:\/\/senabel.com\/?post_type=product&#038;p=39346"},"modified":"2026-03-04T16:05:47","modified_gmt":"2026-03-04T16:05:47","slug":"moloukia-kanafeh-med-notter-600g","status":"publish","type":"product","link":"https:\/\/senabel.com\/sv\/product\/%d9%83%d9%86%d8%a7%d9%81%d8%a9-%d9%85%d9%84%d9%88%d9%83%d9%8a%d8%a9-%d8%a8%d8%a7%d9%84%d9%85%d9%83%d8%b3%d8%b1%d8%a7%d8%aa-600%d8%ba\/","title":{"rendered":"Moloukia Kanafeh med n\u00f6tter 600g"},"content":{"rendered":"<p>L\u00e4cker Molokkia Nut Kanafeh fr\u00e5n Sanabel onlinebutik.<br \/>\nGjord p\u00e5 ett tunt lager kunafadeg och massor av pistagen\u00f6tter, cashewn\u00f6tter och hasseln\u00f6tter, gjord p\u00e5 h\u00f6gkvalitativa ingredienser och s\u00f6tad med lite socker f\u00f6r en distinkt s\u00f6tma och en \u00e4kta levantinsk touch.<\/p>\n<h3>Produktinformation:<\/h3>\n<p><strong>Vikt:<\/strong> 600 g netto<br \/>\n<strong>F\u00f6rpackning:<\/strong> En elegant och vacker l\u00e5da, perfekt som present till v\u00e4nner och familj vid speciella tillf\u00e4llen och h\u00f6gtider.<br \/>\n<strong>Ingredienser:<\/strong> Vetemj\u00f6l, margarin, socker, pistagen\u00f6tter, st\u00e4rkelse, kunafa, mj\u00f6lkpulver.<\/p>\n<h3>Inneh\u00e5ller Molokkia Kanafeh med n\u00f6tter:<\/h3>\n<ul>\n<li><strong>Autentisk och distinkt smak:<\/strong> Reflekterar det rika arvet och kulturen i regionen.<\/li>\n<li><strong>Rik p\u00e5 n\u00e4rings\u00e4mnen:<\/strong> Inneh\u00e5ller pistagen\u00f6tter, som \u00e4r rika p\u00e5 protein och fibrer.<\/li>\n<li><strong>H\u00f6g kvalitet:<\/strong> Framst\u00e4lld med naturliga material och en traditionell metod som garanterar produktens kvalitet.<\/li>\n<li><strong>Perfekt omslagsdesign:<\/strong> Tilltalande och elegant design, l\u00e4mplig f\u00f6r servering vid evenemang och fester.<\/li>\n<\/ul>\n<p>Kunafa kan \u00e4tas som dessert efter lunchen eller serveras till g\u00e4ster vid speciella tillf\u00e4llen och kan ocks\u00e5 l\u00e4ggas till p\u00e5 den festliga dessertmenyn.<\/p>\n<h3>F\u00f6rvaringsanvisningar:<\/h3>\n<p>F\u00f6rvaras vid en temperatur under 18\u00b0C och skyddas fr\u00e5n solljus f\u00f6r att bevara kvaliteten.<br \/>\nButiken \u00e4r inte ansvarig f\u00f6r kundens d\u00e5liga f\u00f6rvaring.<\/p>\n<h3>Ytterligare information<\/h3>\n<p>Produkterna \u00e4r fria fr\u00e5n konserveringsmedel, ister, mejeriprodukter och GMO.<br \/>\n<span style=\"color: #ff0000;\"><strong>Tillverkad i Turkiet<\/strong><\/span><\/p>\n<p>&nbsp;<\/p>\n<p>Missa inte chansen att prova Molokkia Nut Kanafeh p\u00e5 Sanabel.<br \/>\nBoka din best\u00e4llning nu och njut av smaken av Moloka'i Kanafeh med n\u00f6tter.<\/p>","protected":false},"excerpt":{"rendered":"<h2>600g<\/h2>\n<p><strong>Tillverkad av de b\u00e4sta ingredienserna av h\u00f6gsta kvalitet - njut av smaken av det autentiska arabiska arvet<\/strong><\/p>","protected":false},"featured_media":39453,"template":"","meta":[],"product_brand":[],"product_cat":[233,220],"product_tag":[222,223,258,259,226],"class_list":{"0":"post-39346","1":"product","2":"type-product","3":"status-publish","4":"has-post-thumbnail","6":"product_cat-233","7":"product_cat-220","8":"product_tag-222","9":"product_tag-223","10":"product_tag-258","11":"product_tag-259","12":"product_tag-226","14":"first","15":"outofstock","16":"taxable","17":"shipping-taxable","18":"purchasable","19":"product-type-simple"},"_links":{"self":[{"href":"https:\/\/senabel.com\/sv\/wp-json\/wp\/v2\/product\/39346","targetHints":{"allow":["GET"]}}],"collection":[{"href":"https:\/\/senabel.com\/sv\/wp-json\/wp\/v2\/product"}],"about":[{"href":"https:\/\/senabel.com\/sv\/wp-json\/wp\/v2\/types\/product"}],"version-history":[{"count":3,"href":"https:\/\/senabel.com\/sv\/wp-json\/wp\/v2\/product\/39346\/revisions"}],"predecessor-version":[{"id":61811,"href":"https:\/\/senabel.com\/sv\/wp-json\/wp\/v2\/product\/39346\/revisions\/61811"}],"wp:featuredmedia":[{"embeddable":true,"href":"https:\/\/senabel.com\/sv\/wp-json\/wp\/v2\/media\/39453"}],"wp:attachment":[{"href":"https:\/\/senabel.com\/sv\/wp-json\/wp\/v2\/media?parent=39346"}],"wp:term":[{"taxonomy":"product_brand","embeddable":true,"href":"https:\/\/senabel.com\/sv\/wp-json\/wp\/v2\/product_brand?post=39346"},{"taxonomy":"product_cat","embeddable":true,"href":"https:\/\/senabel.com\/sv\/wp-json\/wp\/v2\/product_cat?post=39346"},{"taxonomy":"product_tag","embeddable":true,"href":"https:\/\/senabel.com\/sv\/wp-json\/wp\/v2\/product_tag?post=39346"}],"curies":[{"name":"wp","href":"https:\/\/api.w.org\/{rel}","templated":true}]}}