{"id":39345,"date":"2024-11-20T19:30:29","date_gmt":"2024-11-20T19:30:29","guid":{"rendered":"https:\/\/senabel.com\/?post_type=product&#038;p=39345"},"modified":"2026-03-05T12:56:18","modified_gmt":"2026-03-05T12:56:18","slug":"pistaschmandel-faisaliah-500g","status":"publish","type":"product","link":"https:\/\/senabel.com\/sv\/product\/%d9%81%d9%8a%d8%b5%d9%84%d9%8a%d8%a9-%d8%a8%d8%a7%d9%84%d9%81%d8%b3%d8%aa%d9%82-500%d8%ba\/","title":{"rendered":"Pistaschmandel Faisaliah 500g"},"content":{"rendered":"<p>Njut av smaken av Al Faisaliah Pistachio fr\u00e5n Sanabels onlinebutik.<br \/>\nDen h\u00e4r l\u00e4ckra desserten best\u00e5r av f\u00e4rska kunafastr\u00e4ngar fyllda med fina pistagen\u00f6tter och margarin och en uts\u00f6kt fyllning av triangelformade hackade pistagen\u00f6tter. Ingredienserna \u00e4r av h\u00f6g kvalitet och s\u00f6tas med lite socker f\u00f6r en distinkt s\u00f6tma och en \u00e4kta Shamiya-touch.<\/p>\n<h3>Produktinformation:<\/h3>\n<p><strong>Vikt:<\/strong> 500 g netto<br \/>\n<strong>F\u00f6rpackning:<\/strong> En elegant och vacker l\u00e5da, perfekt som present till v\u00e4nner och familj vid speciella tillf\u00e4llen och h\u00f6gtider.<br \/>\n<strong>Ingredienser:<\/strong> Vetemj\u00f6l, margarin, socker, pistagen\u00f6tter, st\u00e4rkelse, kunafa, mj\u00f6lkpulver.<\/p>\n<h3>Pistasch Egenskaper:<\/h3>\n<ul>\n<li><strong>Autentisk och distinkt smak:<\/strong> Reflekterar det rika arvet och kulturen i regionen.<\/li>\n<li><strong>Rik p\u00e5 n\u00e4rings\u00e4mnen:<\/strong> Inneh\u00e5ller pistagen\u00f6tter, som \u00e4r rika p\u00e5 protein och fibrer.<\/li>\n<li><strong>H\u00f6g kvalitet:<\/strong> Framst\u00e4lld med naturliga material och en traditionell metod som garanterar produktens kvalitet.<\/li>\n<li><strong>Perfekt omslagsdesign:<\/strong> Tilltalande och elegant design, l\u00e4mplig f\u00f6r servering vid evenemang och fester.<\/li>\n<\/ul>\n<p>Desserter kan \u00e4tas som en godbit efter lunchen eller serveras till g\u00e4ster vid speciella tillf\u00e4llen, och kan ocks\u00e5 l\u00e4ggas till i den festliga dessertmenyn f\u00f6r att ge en unik touch.<\/p>\n<h3>F\u00f6rvaringsanvisningar:<\/h3>\n<p>F\u00f6rvaras vid en temperatur under 18\u00b0C och skyddas fr\u00e5n solljus f\u00f6r att bevara kvaliteten.<br \/>\nButiken \u00e4r inte ansvarig f\u00f6r kundens d\u00e5liga f\u00f6rvaring.<\/p>\n<h3>Ytterligare information<\/h3>\n<p>Produkterna \u00e4r fria fr\u00e5n konserveringsmedel, ister, mejeriprodukter och GMO.<br \/>\n<span style=\"color: #ff0000;\"><strong>Tillverkad i Turkiet<\/strong><\/span><\/p>\n<p>&nbsp;<\/p>\n<p>Missa inte chansen att prova Sanabel's Pistachio Faisaliah.<br \/>\nBoka din best\u00e4llning nu fr\u00e5n Sanabels onlinebutik och njut av smaken av Al Faisaliah Pistachio.<\/p>","protected":false},"excerpt":{"rendered":"<h2>500g<\/h2>\n<p><strong>Al Faisaliahs l\u00e4ckra pistagedesserter \u00e4r gjorda av de b\u00e4sta ingredienserna av h\u00f6gsta kvalitet - njut av smaken av autentiskt arabiskt arv<\/strong><\/p>","protected":false},"featured_media":39430,"template":"","meta":[],"product_brand":[],"product_cat":[233,220],"product_tag":[222,223,254,255,256,226],"class_list":{"0":"post-39345","1":"product","2":"type-product","3":"status-publish","4":"has-post-thumbnail","6":"product_cat-233","7":"product_cat-220","8":"product_tag-222","9":"product_tag-223","10":"product_tag-254","11":"product_tag-255","12":"product_tag-256","13":"product_tag-226","15":"first","16":"outofstock","17":"taxable","18":"shipping-taxable","19":"purchasable","20":"product-type-simple"},"_links":{"self":[{"href":"https:\/\/senabel.com\/sv\/wp-json\/wp\/v2\/product\/39345","targetHints":{"allow":["GET"]}}],"collection":[{"href":"https:\/\/senabel.com\/sv\/wp-json\/wp\/v2\/product"}],"about":[{"href":"https:\/\/senabel.com\/sv\/wp-json\/wp\/v2\/types\/product"}],"version-history":[{"count":1,"href":"https:\/\/senabel.com\/sv\/wp-json\/wp\/v2\/product\/39345\/revisions"}],"predecessor-version":[{"id":39431,"href":"https:\/\/senabel.com\/sv\/wp-json\/wp\/v2\/product\/39345\/revisions\/39431"}],"wp:featuredmedia":[{"embeddable":true,"href":"https:\/\/senabel.com\/sv\/wp-json\/wp\/v2\/media\/39430"}],"wp:attachment":[{"href":"https:\/\/senabel.com\/sv\/wp-json\/wp\/v2\/media?parent=39345"}],"wp:term":[{"taxonomy":"product_brand","embeddable":true,"href":"https:\/\/senabel.com\/sv\/wp-json\/wp\/v2\/product_brand?post=39345"},{"taxonomy":"product_cat","embeddable":true,"href":"https:\/\/senabel.com\/sv\/wp-json\/wp\/v2\/product_cat?post=39345"},{"taxonomy":"product_tag","embeddable":true,"href":"https:\/\/senabel.com\/sv\/wp-json\/wp\/v2\/product_tag?post=39345"}],"curies":[{"name":"wp","href":"https:\/\/api.w.org\/{rel}","templated":true}]}}