{"id":39343,"date":"2024-11-20T19:30:29","date_gmt":"2024-11-20T19:30:29","guid":{"rendered":"https:\/\/senabel.com\/?post_type=product&#038;p=39343"},"modified":"2025-12-02T14:37:50","modified_gmt":"2025-12-02T14:37:50","slug":"tamariya-med-notter-600g","status":"publish","type":"product","link":"https:\/\/senabel.com\/sv\/product\/%d8%aa%d9%85%d8%b1%d9%8a%d8%a9-%d8%a8%d8%a7%d9%84%d9%85%d9%83%d8%b3%d8%b1%d8%a7%d8%aa-600%d8%ba\/","title":{"rendered":"Tamariya med n\u00f6tter 600g"},"content":{"rendered":"<p>Njut av en unik upplevelse med Tamariyas l\u00e4ckra n\u00f6tiga desserter som \u00e5terspeglar sk\u00f6nheten och prakten i det arabiska arvet.<br \/>\nDen n\u00f6tiga tamariya har ett lager av de finaste arabiska dadlarna och massor av pistagen\u00f6tter, cashewn\u00f6tter, hasseln\u00f6tter och pinjen\u00f6tter, s\u00f6tade med n\u00f6tter och tillagade med omsorg av \u00e4kta Shamiya-h\u00e4nder.<\/p>\n<h3>Produktinformation:<\/h3>\n<p><strong>Vikt:<\/strong> 600 g netto<br \/>\n<strong>F\u00f6rpackning:<\/strong> En elegant och vacker l\u00e5da, perfekt som present till v\u00e4nner och familj vid speciella tillf\u00e4llen och h\u00f6gtider.<br \/>\n<strong>Ingredienser:<\/strong> Dadlar, ghee, cashewn\u00f6tter, pistagen\u00f6tter, pinjen\u00f6tter, kardemumma, kex.<\/p>\n<h3>Egenskaper hos Tamariya-n\u00f6tter:<\/h3>\n<ul>\n<li><strong>Autentisk och distinkt smak:<\/strong> Reflekterar det rika arvet och kulturen i regionen.<\/li>\n<li><strong>Rik p\u00e5 n\u00e4rings\u00e4mnen:<\/strong> Den inneh\u00e5ller pistagen\u00f6tter, cashewn\u00f6tter, hasseln\u00f6tter, pinjen\u00f6tter och kardemumma, som \u00e4r rika p\u00e5 n\u00e4rings\u00e4mnen, protein och fibrer.<\/li>\n<li><strong>H\u00f6g kvalitet:<\/strong> Framst\u00e4lld med naturliga material och en traditionell metod som garanterar produktens kvalitet.<\/li>\n<li><strong>Snygg design p\u00e5 omslaget:<\/strong> Den eleganta och attraktiva asken g\u00f6r den till en perfekt present till n\u00e4ra och k\u00e4ra.<\/li>\n<li><strong>L\u00e4cker hela tiden:<\/strong> Perfekt som en l\u00e4tt dessert efter lunch, p\u00e5 kv\u00e4llen eller p\u00e5 morgonen till te eller kaffe.<\/li>\n<\/ul>\n<h3>F\u00f6rvaringsanvisningar:<\/h3>\n<p>F\u00f6rvaras vid en temperatur under 18\u00b0C och skyddas fr\u00e5n solljus f\u00f6r att bevara kvaliteten.<br \/>\nButiken \u00e4r inte ansvarig f\u00f6r kundens d\u00e5liga f\u00f6rvaring.<\/p>\n<h3>Ytterligare information<\/h3>\n<p>Produkterna \u00e4r fria fr\u00e5n konserveringsmedel, ister, mejeriprodukter och GMO.<br \/>\nHandgjorda f\u00f6r hand f\u00f6r att s\u00e4kerst\u00e4lla kvaliteten.<br \/>\n<span style=\"color: #ff0000;\"><strong>Tillverkad i Turkiet<\/strong><\/span><\/p>\n<p>&nbsp;<\/p>\n<p>Missa inte chansen att prova en n\u00f6t tamale fr\u00e5n Sanabels onlinebutik.<br \/>\nBoka din best\u00e4llning nu fr\u00e5n Sanabels webbutik och njut av en smakupplevelse som \u00e5terspeglar v\u00e5rt rika arv.<\/p>","protected":false},"excerpt":{"rendered":"<h2>600g<\/h2>\n<p><strong>Tillverkad av de b\u00e4sta ingredienserna av h\u00f6gsta kvalitet - njut av smaken av det autentiska arabiska arvet<\/strong><\/p>","protected":false},"featured_media":39413,"template":"","meta":[],"product_brand":[],"product_cat":[233],"product_tag":[222,223,248,249,250,226],"class_list":{"0":"post-39343","1":"product","2":"type-product","3":"status-publish","4":"has-post-thumbnail","6":"product_cat-233","7":"product_tag-222","8":"product_tag-223","9":"product_tag-248","10":"product_tag-249","11":"product_tag-250","12":"product_tag-226","14":"first","15":"outofstock","16":"taxable","17":"shipping-taxable","18":"purchasable","19":"product-type-simple"},"_links":{"self":[{"href":"https:\/\/senabel.com\/sv\/wp-json\/wp\/v2\/product\/39343","targetHints":{"allow":["GET"]}}],"collection":[{"href":"https:\/\/senabel.com\/sv\/wp-json\/wp\/v2\/product"}],"about":[{"href":"https:\/\/senabel.com\/sv\/wp-json\/wp\/v2\/types\/product"}],"version-history":[{"count":1,"href":"https:\/\/senabel.com\/sv\/wp-json\/wp\/v2\/product\/39343\/revisions"}],"predecessor-version":[{"id":39414,"href":"https:\/\/senabel.com\/sv\/wp-json\/wp\/v2\/product\/39343\/revisions\/39414"}],"wp:featuredmedia":[{"embeddable":true,"href":"https:\/\/senabel.com\/sv\/wp-json\/wp\/v2\/media\/39413"}],"wp:attachment":[{"href":"https:\/\/senabel.com\/sv\/wp-json\/wp\/v2\/media?parent=39343"}],"wp:term":[{"taxonomy":"product_brand","embeddable":true,"href":"https:\/\/senabel.com\/sv\/wp-json\/wp\/v2\/product_brand?post=39343"},{"taxonomy":"product_cat","embeddable":true,"href":"https:\/\/senabel.com\/sv\/wp-json\/wp\/v2\/product_cat?post=39343"},{"taxonomy":"product_tag","embeddable":true,"href":"https:\/\/senabel.com\/sv\/wp-json\/wp\/v2\/product_tag?post=39343"}],"curies":[{"name":"wp","href":"https:\/\/api.w.org\/{rel}","templated":true}]}}