{"id":39341,"date":"2024-11-20T19:30:29","date_gmt":"2024-11-20T19:30:29","guid":{"rendered":"https:\/\/senabel.com\/?post_type=product&#038;p=39341"},"modified":"2024-11-20T19:39:55","modified_gmt":"2024-11-20T19:39:55","slug":"baklava-med-honungsmix-1000g","status":"publish","type":"product","link":"https:\/\/senabel.com\/sv\/product\/%d8%a8%d9%82%d9%84%d8%a7%d9%88%d8%a9-%d9%85%d8%b4%d9%83%d9%84-%d8%a8%d8%a7%d9%84%d8%b9%d8%b3%d9%84-1000%d8%ba\/","title":{"rendered":"Baklava med honungsmix 1000g"},"content":{"rendered":"<p>Njut av en rik och lyxig upplevelse med Syrian Honey Mixed Baklava, som \u00e5terspeglar sk\u00f6nheten och djupet i det arabiska arvet.<br \/>\nDenna produkt sticker ut med sina delikata lager av kunafadeg och flingor fyllda med hackade pistagen\u00f6tter och s\u00f6tade med honung f\u00f6r en distinkt s\u00f6tma, allt omsorgsfullt tillverkat med autentiska levantinska handgjorda detaljer.<\/p>\n<h3>Produktinformation:<\/h3>\n<p><strong>Vikt:<\/strong> 1000g n\u00e4t<br \/>\n<strong>F\u00f6rpackning:<\/strong> En elegant och vacker l\u00e5da, perfekt som present till v\u00e4nner och familj vid speciella tillf\u00e4llen och h\u00f6gtider.<br \/>\n<strong>Ingredienser:<\/strong>Vetemj\u00f6l, margarin, socker, cashewn\u00f6tter, pistagen\u00f6tter, st\u00e4rkelse, kunafa, mj\u00f6lkpulver.<\/p>\n<h3>L\u00e5dan inneh\u00e5ller:<\/h3>\n<ol>\n<li><strong>Bromerad:<\/strong> Fylld med pistagen\u00f6tter och toppad med ett l\u00e4tt lager kunafa.<\/li>\n<li><strong>Kristallin:<\/strong> En vit och r\u00f6d dessert fylld med en underbar pistaschsmak.<\/li>\n<li><strong>Pistaschpinnar:<\/strong> En autentisk och distinkt smak.<\/li>\n<li><strong>Cole och Shakur:<\/strong> L\u00e4ckra och n\u00e4ringsrika med pistagefyllning.<\/li>\n<li><strong>Bulbulens n\u00e4ste:<\/strong> Pistage, en uts\u00f6kt och unik upplevelse.<\/li>\n<li><strong>Cashew Pistachio Assia:<\/strong> F\u00f6r mer variation och gourmetgl\u00e4dje.<\/li>\n<\/ol>\n<h3>Inneh\u00e5ll Honung Pistasch Cashew Baklava :<\/h3>\n<ul>\n<li><strong>Autentisk och distinkt smak:<\/strong> Reflekterar det rika arvet och kulturen i regionen.<\/li>\n<li><strong>Rik p\u00e5 n\u00e4rings\u00e4mnen:<\/strong> Den inneh\u00e5ller pistagen\u00f6tter och cashewn\u00f6tter, som \u00e4r rika p\u00e5 protein och fibrer.<\/li>\n<li><strong>H\u00f6g kvalitet:<\/strong> Framst\u00e4lld med naturliga material och en traditionell metod som garanterar produktens kvalitet.<\/li>\n<li><strong>Perfekt omslagsdesign:<\/strong> Tilltalande och elegant design, l\u00e4mplig f\u00f6r servering vid evenemang och fester.<\/li>\n<li><strong>Handgjord f\u00f6r hand:<\/strong> F\u00f6r kvalitetss\u00e4kring.<\/li>\n<\/ul>\n<h3>F\u00f6rvaringsanvisningar:<\/h3>\n<p>F\u00f6rvaras vid en temperatur under 18\u00b0C och skyddas fr\u00e5n solljus f\u00f6r att bevara kvaliteten.<br \/>\nButiken \u00e4r inte ansvarig f\u00f6r kundens d\u00e5liga f\u00f6rvaring.<\/p>\n<h3>Ytterligare information<\/h3>\n<p>Produkterna \u00e4r fria fr\u00e5n konserveringsmedel, ister, mejeriprodukter och GMO.<br \/>\n<span style=\"color: #ff0000;\"><strong>Tillverkad i Turkiet<\/strong><\/span><\/p>\n<p>&nbsp;<\/p>\n<p>Den g\u00e5r att best\u00e4lla fr\u00e5n Sanabels webbutik och ger en of\u00f6rgl\u00f6mlig och oemotst\u00e5ndlig smakupplevelse som \u00e5terspeglar v\u00e5rt rika arv och v\u00e5r orientaliska kultur.<br \/>\nBoka din best\u00e4llning nu och sk\u00e4m bort dig sj\u00e4lv och dina n\u00e4ra och k\u00e4ra med autentiska orientaliska smaker som garanterar o\u00e4ndlig gastronomisk njutning.<\/p>","protected":false},"excerpt":{"rendered":"<p style=\"direction: rtl;\"><strong>1000 g<\/strong><\/p>\n<p style=\"direction: rtl;\"><strong>Honey Mixed Baklava tillverkad av ingredienser av b\u00e4sta kvalitet - njut av smaken av autentiskt arabiskt arv<\/strong><\/p>","protected":false},"featured_media":39579,"template":"","meta":[],"product_brand":[],"product_cat":[233,220,227],"product_tag":[222,223,269,226,270],"class_list":{"0":"post-39341","1":"product","2":"type-product","3":"status-publish","4":"has-post-thumbnail","6":"product_cat-233","7":"product_cat-220","8":"product_cat-227","9":"product_tag-222","10":"product_tag-223","11":"product_tag-269","12":"product_tag-226","13":"product_tag-270","15":"first","16":"outofstock","17":"sale","18":"taxable","19":"shipping-taxable","20":"purchasable","21":"product-type-simple"},"_links":{"self":[{"href":"https:\/\/senabel.com\/sv\/wp-json\/wp\/v2\/product\/39341","targetHints":{"allow":["GET"]}}],"collection":[{"href":"https:\/\/senabel.com\/sv\/wp-json\/wp\/v2\/product"}],"about":[{"href":"https:\/\/senabel.com\/sv\/wp-json\/wp\/v2\/types\/product"}],"version-history":[{"count":2,"href":"https:\/\/senabel.com\/sv\/wp-json\/wp\/v2\/product\/39341\/revisions"}],"predecessor-version":[{"id":52312,"href":"https:\/\/senabel.com\/sv\/wp-json\/wp\/v2\/product\/39341\/revisions\/52312"}],"wp:featuredmedia":[{"embeddable":true,"href":"https:\/\/senabel.com\/sv\/wp-json\/wp\/v2\/media\/39579"}],"wp:attachment":[{"href":"https:\/\/senabel.com\/sv\/wp-json\/wp\/v2\/media?parent=39341"}],"wp:term":[{"taxonomy":"product_brand","embeddable":true,"href":"https:\/\/senabel.com\/sv\/wp-json\/wp\/v2\/product_brand?post=39341"},{"taxonomy":"product_cat","embeddable":true,"href":"https:\/\/senabel.com\/sv\/wp-json\/wp\/v2\/product_cat?post=39341"},{"taxonomy":"product_tag","embeddable":true,"href":"https:\/\/senabel.com\/sv\/wp-json\/wp\/v2\/product_tag?post=39341"}],"curies":[{"name":"wp","href":"https:\/\/api.w.org\/{rel}","templated":true}]}}