{"id":39339,"date":"2024-11-20T19:30:29","date_gmt":"2024-11-20T19:30:29","guid":{"rendered":"https:\/\/senabel.com\/?post_type=product&#038;p=39339"},"modified":"2026-04-24T18:18:45","modified_gmt":"2026-04-24T18:18:45","slug":"500-g-pistaschmandlar-roda-och-vita-kristaller","status":"publish","type":"product","link":"https:\/\/senabel.com\/sv\/product\/500g-%d8%a8%d9%84%d9%88%d8%b1%d9%8a%d8%a9-%d8%a8%d9%8a%d8%b6%d8%a7%d8%a1-%d9%88-%d8%ad%d9%85%d8%b1%d8%a7%d8%a1-%d8%a8%d8%a7%d9%84%d9%81%d8%b3%d8%aa%d9%82\/","title":{"rendered":"500 g pistaschmandlar, r\u00f6da och vita kristaller"},"content":{"rendered":"<p>Njut av pistagevita och r\u00f6da kristalldesserter som \u00e5terspeglar det arabiska kulturarvets sk\u00f6nhet och prakt.<br \/>\nDenna produkt k\u00e4nnetecknas av sina fina lager av kunafa och sin l\u00e4ckra fyllning av hackade pistagen\u00f6tter, tillverkad av h\u00f6gkvalitativa ingredienser, omsorgsfullt tillagade och med en \u00e4kta levantinsk hand.<\/p>\n<h3>Produktinformation:<\/h3>\n<p><strong>Vikt:<\/strong> 500 g netto<br \/>\n<strong>F\u00f6rpackning:<\/strong> En elegant och vacker l\u00e5da, perfekt som present till v\u00e4nner och familj vid speciella tillf\u00e4llen och h\u00f6gtider.<br \/>\n<strong>Ingredienser:<\/strong> Vetemj\u00f6l, margarin, socker, pistagen\u00f6tter, st\u00e4rkelse, mj\u00f6lkpulver, blomvatten<\/p>\n<h3>Pistaschvit och r\u00f6d kristall:<\/h3>\n<ul>\n<li><strong>Autentisk och distinkt smak:<\/strong> Balouriyas pistaschgodis har en autentisk och distinkt smak som representerar regionens rika arv och kultur.<\/li>\n<li><strong>Rik p\u00e5 n\u00e4rings\u00e4mnen:<\/strong> Desserterna inneh\u00e5ller naturliga pistagen\u00f6tter som \u00e4r rika p\u00e5 n\u00e4rings\u00e4mnen, protein och fibrer, vilket g\u00f6r dem till ett h\u00e4lsosamt alternativ f\u00f6r rej\u00e4la desserter.<\/li>\n<li><strong>H\u00f6g kvalitet:<\/strong> Framst\u00e4lld med naturliga material och en traditionell metod som garanterar produktens kvalitet.<\/li>\n<li><strong>Perfekt omslagsdesign:<\/strong> Tilltalande och elegant design, l\u00e4mplig f\u00f6r servering vid evenemang och fester.<\/li>\n<\/ul>\n<p>Desserter kan \u00e4tas n\u00e4r som helst p\u00e5 dagen, oavsett om du vill ha dem som en l\u00e4tt dessert efter lunch, p\u00e5 kv\u00e4llen eller p\u00e5 morgonen till te eller kaffe.<\/p>\n<h3>F\u00f6rvaringsanvisningar:<\/h3>\n<p>F\u00f6rvaras vid en temperatur under 18\u00b0C och skyddas fr\u00e5n solljus f\u00f6r att bevara kvaliteten.<br \/>\nButiken \u00e4r inte ansvarig f\u00f6r kundens d\u00e5liga f\u00f6rvaring.<\/p>\n<h3>Ytterligare information<\/h3>\n<p>Produkterna \u00e4r fria fr\u00e5n konserveringsmedel, ister, mejeriprodukter och GMO.<br \/>\n<span style=\"color: #ff0000;\"><strong>Tillverkad i Turkiet<\/strong><\/span><br \/>\nHandgjorda f\u00f6r hand f\u00f6r att s\u00e4kerst\u00e4lla kvaliteten.<\/p>\n<p>Boka din best\u00e4llning nu fr\u00e5n Sanabels onlinebutik och njut av den uts\u00f6kta smaken av den r\u00f6da kristallen.<\/p>","protected":false},"excerpt":{"rendered":"<h2>500g<\/h2>\n<p><strong>Tillverkad av de b\u00e4sta ingredienserna av h\u00f6gsta kvalitet - njut av smaken av det autentiska arabiska arvet<\/strong><\/p>","protected":false},"featured_media":39556,"template":"","meta":[],"product_brand":[],"product_cat":[233,220],"product_tag":[222,223,278,279,280,226],"class_list":{"0":"post-39339","1":"product","2":"type-product","3":"status-publish","4":"has-post-thumbnail","6":"product_cat-233","7":"product_cat-220","8":"product_tag-222","9":"product_tag-223","10":"product_tag-278","11":"product_tag-279","12":"product_tag-280","13":"product_tag-226","15":"first","16":"instock","17":"taxable","18":"shipping-taxable","19":"purchasable","20":"product-type-simple"},"_links":{"self":[{"href":"https:\/\/senabel.com\/sv\/wp-json\/wp\/v2\/product\/39339","targetHints":{"allow":["GET"]}}],"collection":[{"href":"https:\/\/senabel.com\/sv\/wp-json\/wp\/v2\/product"}],"about":[{"href":"https:\/\/senabel.com\/sv\/wp-json\/wp\/v2\/types\/product"}],"version-history":[{"count":3,"href":"https:\/\/senabel.com\/sv\/wp-json\/wp\/v2\/product\/39339\/revisions"}],"predecessor-version":[{"id":61131,"href":"https:\/\/senabel.com\/sv\/wp-json\/wp\/v2\/product\/39339\/revisions\/61131"}],"wp:featuredmedia":[{"embeddable":true,"href":"https:\/\/senabel.com\/sv\/wp-json\/wp\/v2\/media\/39556"}],"wp:attachment":[{"href":"https:\/\/senabel.com\/sv\/wp-json\/wp\/v2\/media?parent=39339"}],"wp:term":[{"taxonomy":"product_brand","embeddable":true,"href":"https:\/\/senabel.com\/sv\/wp-json\/wp\/v2\/product_brand?post=39339"},{"taxonomy":"product_cat","embeddable":true,"href":"https:\/\/senabel.com\/sv\/wp-json\/wp\/v2\/product_cat?post=39339"},{"taxonomy":"product_tag","embeddable":true,"href":"https:\/\/senabel.com\/sv\/wp-json\/wp\/v2\/product_tag?post=39339"}],"curies":[{"name":"wp","href":"https:\/\/api.w.org\/{rel}","templated":true}]}}