{"id":39338,"date":"2024-11-20T19:30:28","date_gmt":"2024-11-20T19:30:28","guid":{"rendered":"https:\/\/senabel.com\/?post_type=product&#038;p=39338"},"modified":"2026-04-23T16:35:41","modified_gmt":"2026-04-23T16:35:41","slug":"kohl-och-shakoor-pistasch-500g","status":"publish","type":"product","link":"https:\/\/senabel.com\/sv\/product\/%d9%83%d9%88%d9%84-%d9%88%d8%b4%d9%83%d9%88%d8%b1-%d8%a8%d8%a7%d9%84%d9%81%d8%b3%d8%aa%d9%82-500%d8%ba\/","title":{"rendered":"Kohl och Shakoor Pistasch 500g"},"content":{"rendered":"<p>Njut av en o\u00f6vertr\u00e4ffad upplevelse med Kool &amp; Shakoors l\u00e4ckra pistagedesserter som \u00e5terspeglar det arabiska arvets sk\u00f6nhet och prakt.<br \/>\nDen h\u00e4r l\u00e4ckra desserten best\u00e5r av tunna lager och en uts\u00f6kt fyllning av hackade pistagen\u00f6tter, med ingredienser av h\u00f6g kvalitet och s\u00f6tad med lite socker f\u00f6r en distinkt s\u00f6tma och en \u00e4kta levantinsk twist.<\/p>\n<h3>Produktinformation:<\/h3>\n<p><strong>Vikt:<\/strong> 500 g netto<br \/>\n<strong>F\u00f6rpackning:<\/strong> En elegant och vacker l\u00e5da, perfekt som present till v\u00e4nner och familj vid speciella tillf\u00e4llen och h\u00f6gtider.<br \/>\n<strong>Ingredienser:<\/strong> Vetemj\u00f6l, margarin, socker, pistage, st\u00e4rkelse, mj\u00f6lkpulver.<\/p>\n<h3>Pistachio Cool och Shakur Funktioner:<\/h3>\n<ul>\n<li><strong>Autentisk och distinkt smak:<\/strong> Reflekterar det rika arvet och kulturen i regionen.<\/li>\n<li><strong>Rik p\u00e5 n\u00e4rings\u00e4mnen:<\/strong> Inneh\u00e5ller pistagen\u00f6tter, som \u00e4r rika p\u00e5 protein och fibrer.<\/li>\n<li><strong>H\u00f6g kvalitet:<\/strong> Tillagad med naturliga ingredienser och en traditionell metod som garanterar produktens kvalitet, vilket g\u00f6r den till ett h\u00e4lsosamt val f\u00f6r salta desserter.<\/li>\n<li><strong>Perfekt omslagsdesign:<\/strong> Tilltalande och elegant design, l\u00e4mplig f\u00f6r servering vid evenemang och fester.<\/li>\n<\/ul>\n<p>Pistachio Kool &amp; Shakoor-desserter kan \u00e4tas n\u00e4r som helst p\u00e5 dagen, antingen som en l\u00e4tt dessert efter lunch, p\u00e5 kv\u00e4llen eller p\u00e5 morgonen med te eller kaffe.<\/p>\n<h3>F\u00f6rvaringsanvisningar:<\/h3>\n<p>F\u00f6rvaras vid en temperatur under 18\u00b0C och skyddas fr\u00e5n solljus f\u00f6r att bevara kvaliteten.<br \/>\nButiken \u00e4r inte ansvarig f\u00f6r kundens d\u00e5liga f\u00f6rvaring.<\/p>\n<h3>Ytterligare information<\/h3>\n<p>Produkterna \u00e4r fria fr\u00e5n konserveringsmedel, ister, mejeriprodukter och GMO.<br \/>\n<span style=\"color: #ff0000;\"><strong>Tillverkad i Turkiet<\/strong><\/span><br \/>\nHandgjorda f\u00f6r hand f\u00f6r att s\u00e4kerst\u00e4lla kvaliteten.<\/p>\n<p>&nbsp;<\/p>\n<p>Missa inte chansen att prova Pistachio Kool &amp; Shakoor hos Sanabel.<br \/>\nBoka din best\u00e4llning nu fr\u00e5n Sanabels onlinebutik och njut av den autentiska smaken av arabiska s\u00f6tsaker.<\/p>","protected":false},"excerpt":{"rendered":"<h2>500g<\/h2>\n<p><strong>Kool &amp; Shakoor Pistachio Sweets \u00e4r tillverkade av ingredienser av b\u00e4sta kvalitet - njut av den autentiska smaken av det arabiska arvet<\/strong><\/p>","protected":false},"featured_media":39402,"template":"","meta":[],"product_brand":[],"product_cat":[233,220],"product_tag":[222,223,242,226],"class_list":{"0":"post-39338","1":"product","2":"type-product","3":"status-publish","4":"has-post-thumbnail","6":"product_cat-233","7":"product_cat-220","8":"product_tag-222","9":"product_tag-223","10":"product_tag-242","11":"product_tag-226","13":"first","14":"instock","15":"taxable","16":"shipping-taxable","17":"purchasable","18":"product-type-simple"},"_links":{"self":[{"href":"https:\/\/senabel.com\/sv\/wp-json\/wp\/v2\/product\/39338","targetHints":{"allow":["GET"]}}],"collection":[{"href":"https:\/\/senabel.com\/sv\/wp-json\/wp\/v2\/product"}],"about":[{"href":"https:\/\/senabel.com\/sv\/wp-json\/wp\/v2\/types\/product"}],"version-history":[{"count":3,"href":"https:\/\/senabel.com\/sv\/wp-json\/wp\/v2\/product\/39338\/revisions"}],"predecessor-version":[{"id":63035,"href":"https:\/\/senabel.com\/sv\/wp-json\/wp\/v2\/product\/39338\/revisions\/63035"}],"wp:featuredmedia":[{"embeddable":true,"href":"https:\/\/senabel.com\/sv\/wp-json\/wp\/v2\/media\/39402"}],"wp:attachment":[{"href":"https:\/\/senabel.com\/sv\/wp-json\/wp\/v2\/media?parent=39338"}],"wp:term":[{"taxonomy":"product_brand","embeddable":true,"href":"https:\/\/senabel.com\/sv\/wp-json\/wp\/v2\/product_brand?post=39338"},{"taxonomy":"product_cat","embeddable":true,"href":"https:\/\/senabel.com\/sv\/wp-json\/wp\/v2\/product_cat?post=39338"},{"taxonomy":"product_tag","embeddable":true,"href":"https:\/\/senabel.com\/sv\/wp-json\/wp\/v2\/product_tag?post=39338"}],"curies":[{"name":"wp","href":"https:\/\/api.w.org\/{rel}","templated":true}]}}