{"id":39337,"date":"2024-11-20T19:30:28","date_gmt":"2024-11-20T19:30:28","guid":{"rendered":"https:\/\/senabel.com\/?post_type=product&#038;p=39337"},"modified":"2026-03-01T16:09:07","modified_gmt":"2026-03-01T16:09:07","slug":"pistaschpinnar-500g","status":"publish","type":"product","link":"https:\/\/senabel.com\/sv\/product\/%d8%a3%d8%b5%d8%a7%d8%a8%d8%b9-%d8%a7%d9%84%d9%81%d8%b3%d8%aa%d9%82-500%d8%ba\/","title":{"rendered":"Pistaschpinnar 500g"},"content":{"rendered":"<p>Njut av en o\u00f6vertr\u00e4ffad upplevelse med desserter med pistaschpinnar fr\u00e5n Sanabels onlinebutik.<br \/>\nDenna l\u00e4ckra dessert \u00e4r gjord av h\u00f6gkvalitativa ingredienser och l\u00e4tt s\u00f6tad med socker f\u00f6r en distinkt s\u00f6tma. Den best\u00e5r av tunna lager och en smakrik fyllning av hackade pistagen\u00f6tter, med en \u00e4kta Shamiya-twist.<\/p>\n<h3>Produktinformation:<\/h3>\n<p><strong>Vikt:<\/strong> 500 g netto<br \/>\n<strong>F\u00f6rpackning:<\/strong> En elegant och vacker l\u00e5da, perfekt som present till v\u00e4nner och familj vid speciella tillf\u00e4llen och h\u00f6gtider.<br \/>\n<strong>Ingredienser:<\/strong> Vetemj\u00f6l, margarin, socker, pistage, st\u00e4rkelse, mj\u00f6lkpulver.<\/p>\n<h3>Pistaschpinnar med egenskaper:<\/h3>\n<ul>\n<li><strong>Autentisk och distinkt smak:<\/strong> Reflekterar det rika arvet och kulturen i regionen.<\/li>\n<li><strong>Rik p\u00e5 n\u00e4rings\u00e4mnen:<\/strong> Pistagen\u00f6tter inneh\u00e5ller mycket protein och fibrer, vilket g\u00f6r dem till ett h\u00e4lsosamt val f\u00f6r salta desserter.<\/li>\n<li><strong>H\u00f6g kvalitet:<\/strong> Framst\u00e4lld med naturliga material och en traditionell metod som garanterar produktens kvalitet.<\/li>\n<li><strong>Perfekt omslagsdesign:<\/strong> Tilltalande och elegant design, l\u00e4mplig f\u00f6r servering vid evenemang och fester.<\/li>\n<\/ul>\n<p>Desserter kan \u00e4tas n\u00e4r som helst p\u00e5 dagen, som en l\u00e4tt efterr\u00e4tt efter lunch eller p\u00e5 kv\u00e4llen eller morgonen till te eller kaffe.<\/p>\n<h3>F\u00f6rvaringsanvisningar:<\/h3>\n<p>F\u00f6rvaras vid en temperatur under 18\u00b0C och skyddas fr\u00e5n solljus f\u00f6r att bevara kvaliteten.<br \/>\nButiken \u00e4r inte ansvarig f\u00f6r kundens d\u00e5liga f\u00f6rvaring.<\/p>\n<h3>Ytterligare information<\/h3>\n<p>Produkterna \u00e4r fria fr\u00e5n konserveringsmedel, ister, mejeriprodukter och GMO.<br \/>\n<span style=\"color: #ff0000;\"><strong>Tillverkad i Turkiet<\/strong><\/span><br \/>\nHandgjorda f\u00f6r hand f\u00f6r att s\u00e4kerst\u00e4lla kvaliteten.<\/p>\n<p>&nbsp;<\/p>\n<p>Missa inte chansen att prova Sanabels Pistachio Fingers.<br \/>\nBoka din best\u00e4llning nu fr\u00e5n Sanabels onlinebutik h\u00e4r och njut av smaken av \u00e4kta arabiska s\u00f6tsaker.<\/p>","protected":false},"excerpt":{"rendered":"<h2>500g<\/h2>\n<p><strong>Desserter med pistaschpinnar g\u00f6rs med de b\u00e4sta ingredienserna av h\u00f6gsta kvalitet - njut av den autentiska smaken av det arabiska arvet<\/strong><\/p>","protected":false},"featured_media":39395,"template":"","meta":[],"product_brand":[],"product_cat":[233,220],"product_tag":[237,238,222,223,239,226],"class_list":{"0":"post-39337","1":"product","2":"type-product","3":"status-publish","4":"has-post-thumbnail","6":"product_cat-233","7":"product_cat-220","8":"product_tag-237","9":"product_tag-238","10":"product_tag-222","11":"product_tag-223","12":"product_tag-239","13":"product_tag-226","15":"first","16":"outofstock","17":"taxable","18":"shipping-taxable","19":"purchasable","20":"product-type-simple"},"_links":{"self":[{"href":"https:\/\/senabel.com\/sv\/wp-json\/wp\/v2\/product\/39337","targetHints":{"allow":["GET"]}}],"collection":[{"href":"https:\/\/senabel.com\/sv\/wp-json\/wp\/v2\/product"}],"about":[{"href":"https:\/\/senabel.com\/sv\/wp-json\/wp\/v2\/types\/product"}],"version-history":[{"count":2,"href":"https:\/\/senabel.com\/sv\/wp-json\/wp\/v2\/product\/39337\/revisions"}],"predecessor-version":[{"id":48289,"href":"https:\/\/senabel.com\/sv\/wp-json\/wp\/v2\/product\/39337\/revisions\/48289"}],"wp:featuredmedia":[{"embeddable":true,"href":"https:\/\/senabel.com\/sv\/wp-json\/wp\/v2\/media\/39395"}],"wp:attachment":[{"href":"https:\/\/senabel.com\/sv\/wp-json\/wp\/v2\/media?parent=39337"}],"wp:term":[{"taxonomy":"product_brand","embeddable":true,"href":"https:\/\/senabel.com\/sv\/wp-json\/wp\/v2\/product_brand?post=39337"},{"taxonomy":"product_cat","embeddable":true,"href":"https:\/\/senabel.com\/sv\/wp-json\/wp\/v2\/product_cat?post=39337"},{"taxonomy":"product_tag","embeddable":true,"href":"https:\/\/senabel.com\/sv\/wp-json\/wp\/v2\/product_tag?post=39337"}],"curies":[{"name":"wp","href":"https:\/\/api.w.org\/{rel}","templated":true}]}}