{"id":39334,"date":"2024-11-20T19:30:28","date_gmt":"2024-11-20T19:30:28","guid":{"rendered":"https:\/\/senabel.com\/?post_type=product&#038;p=39334"},"modified":"2026-05-09T16:32:05","modified_gmt":"2026-05-09T16:32:05","slug":"blandad-nawashif-500g","status":"publish","type":"product","link":"https:\/\/senabel.com\/sv\/product\/%d9%85%d8%b4%d9%83%d9%84-%d9%86%d9%88%d8%a7%d8%b4%d9%81-500%d8%ba\/","title":{"rendered":"Blandad Nawashif 500g"},"content":{"rendered":"<p>Njut av smakerna fr\u00e5n Levantine fr\u00e5n Sanabels onlinebutik.<br \/>\nNashiferna tillagas med naturliga och h\u00f6gkvalitativa ingredienser f\u00f6r att erbjuda en unik gastronomisk upplevelse f\u00f6r alla tillf\u00e4llen och smaker.<\/p>\n<h3>L\u00e5dan inneh\u00e5ller:<\/h3>\n<ol>\n<li>Maamoul Tamar Ka'ab Al Ghazal Edition<\/li>\n<li>Kryddstark och v\u00e4lsmakande persilja<\/li>\n<li>Exotisk och \u00f6mt\u00e5lig.<\/li>\n<\/ol>\n<h3>Produktinformation:<\/h3>\n<p><strong>Vikt:<\/strong> 500 g netto<br \/>\n<strong>F\u00f6rpackning:<\/strong> En elegant och vacker l\u00e5da, perfekt som present till v\u00e4nner och familj vid speciella tillf\u00e4llen och h\u00f6gtider.<br \/>\n<strong>Ingredienser:<\/strong> Vetemj\u00f6l, sm\u00f6r, socker, pistagen\u00f6tter, j\u00e4st, sesam.<\/p>\n<h3>Funktioner:<\/h3>\n<ul>\n<li><strong>Bra smak:<\/strong> En rik och harmonisk kombination av mjuk deg och sesam, vilket g\u00f6r den till ett perfekt val f\u00f6r \u00e4lskare av orientaliska desserter.<\/li>\n<li><strong>Ingredienser av h\u00f6g kvalitet:<\/strong> Vi anv\u00e4nder naturliga ingredienser av h\u00f6g kvalitet.<\/li>\n<li><strong>Perfekt omslagsdesign:<\/strong> Tilltalande och elegant design, l\u00e4mplig f\u00f6r servering vid evenemang och fester.<\/li>\n<\/ul>\n<h3>F\u00f6rvaringsanvisningar:<\/h3>\n<p>F\u00f6rvaras vid en temperatur under 18\u00b0C och skyddas fr\u00e5n solljus f\u00f6r att bevara kvaliteten.<br \/>\nButiken \u00e4r inte ansvarig f\u00f6r kundens d\u00e5liga f\u00f6rvaring.<\/p>\n<h3>Ytterligare information<\/h3>\n<p>Produkterna \u00e4r fria fr\u00e5n konserveringsmedel, ister, mejeriprodukter och GMO.<br \/>\n<span style=\"color: #ff0000;\"><strong>Tillverkad i Turkiet<\/strong><\/span><\/p>\n<p>&nbsp;<\/p>\n<p>&nbsp;<\/p>\n<p>Prova Sanabels nashifs idag och njut av en smak som \u00e5terspeglar v\u00e5rt rika arv.<br \/>\nBoka din best\u00e4llning nu fr\u00e5n Sanabels webbutik och njut av en smakupplevelse som \u00e5terspeglar v\u00e5rt rika arv.<\/p>","protected":false},"excerpt":{"rendered":"<p><strong>Nawashifs desserter \u00e4r gjorda av ingredienser av b\u00e4sta kvalitet - njut av smaken av autentiskt arabiskt arv<\/strong><\/p>","protected":false},"featured_media":39485,"template":"","meta":[],"product_brand":[],"product_cat":[220,221],"product_tag":[222,223,224,257,225,226],"class_list":{"0":"post-39334","1":"product","2":"type-product","3":"status-publish","4":"has-post-thumbnail","6":"product_cat-220","7":"product_cat-221","8":"product_tag-222","9":"product_tag-223","10":"product_tag-224","11":"product_tag-257","12":"product_tag-225","13":"product_tag-226","15":"first","16":"outofstock","17":"taxable","18":"shipping-taxable","19":"purchasable","20":"product-type-simple"},"_links":{"self":[{"href":"https:\/\/senabel.com\/sv\/wp-json\/wp\/v2\/product\/39334","targetHints":{"allow":["GET"]}}],"collection":[{"href":"https:\/\/senabel.com\/sv\/wp-json\/wp\/v2\/product"}],"about":[{"href":"https:\/\/senabel.com\/sv\/wp-json\/wp\/v2\/types\/product"}],"version-history":[{"count":2,"href":"https:\/\/senabel.com\/sv\/wp-json\/wp\/v2\/product\/39334\/revisions"}],"predecessor-version":[{"id":48447,"href":"https:\/\/senabel.com\/sv\/wp-json\/wp\/v2\/product\/39334\/revisions\/48447"}],"wp:featuredmedia":[{"embeddable":true,"href":"https:\/\/senabel.com\/sv\/wp-json\/wp\/v2\/media\/39485"}],"wp:attachment":[{"href":"https:\/\/senabel.com\/sv\/wp-json\/wp\/v2\/media?parent=39334"}],"wp:term":[{"taxonomy":"product_brand","embeddable":true,"href":"https:\/\/senabel.com\/sv\/wp-json\/wp\/v2\/product_brand?post=39334"},{"taxonomy":"product_cat","embeddable":true,"href":"https:\/\/senabel.com\/sv\/wp-json\/wp\/v2\/product_cat?post=39334"},{"taxonomy":"product_tag","embeddable":true,"href":"https:\/\/senabel.com\/sv\/wp-json\/wp\/v2\/product_tag?post=39334"}],"curies":[{"name":"wp","href":"https:\/\/api.w.org\/{rel}","templated":true}]}}